{"id":35733,"date":"2021-08-17T07:33:49","date_gmt":"2021-08-17T07:33:49","guid":{"rendered":"https:\/\/www.headshop.nl\/?post_type=product&#038;p=35733"},"modified":"2022-09-19T14:06:37","modified_gmt":"2022-09-19T14:06:37","slug":"dance-e-happycaps","status":"publish","type":"product","link":"https:\/\/www.headshop.nl\/pl\/dance-e-happycaps\/","title":{"rendered":"Dance E Happy Caps"},"content":{"rendered":"<h2>4 Partypills z Dance E od HappyCaps<\/h2>\n<p>Przeta\u0144cz ca\u0142\u0105 noc z tymi tabletkami imprezowymi Dance E od Happy Caps. B\u0119dziesz cieszy\u0107 si\u0119 ogromnym zastrzykiem energii i jak zawsze mo\u017cesz spodziewa\u0107 si\u0119, \u017ce Tw\u00f3j nastr\u00f3j znacznie si\u0119 poprawi! Ponadto kapsu\u0142ki s\u0105 ca\u0142kowicie naturalne, wi\u0119c nie ma obaw, \u017ce cokolwiek sztucznego wkradnie si\u0119 do tego produktu.<\/p>\n<p>W ci\u0105gu zaledwie kilku minut od za\u017cycia jednej lub dw\u00f3ch kapsu\u0142ek (w zale\u017cno\u015bci od tego, ile ta\u0144ca chcesz), zaczyna dzia\u0142a\u0107 cuda w organizmie - daj\u0105c zastrzyk energii i podnosz\u0105c nastr\u00f3j.<\/p>\n<p>Wyobra\u017a sobie d\u017awi\u0119ki bit\u00f3w DJ-a pulsuj\u0105ce w Twoich \u017cy\u0142ach i poczuj te radosne, imprezowe wibracje. By\u0107 mo\u017ce do tej pory nie zdawa\u0142e\u015b sobie sprawy, \u017ce wszystkie te nieszcz\u0119\u015bcia z pracy po prostu zbiera\u0142y na tobie \u017cniwo! Dlatego konieczne jest, aby utrzyma\u0107 energi\u0119 tak bardzo, jak to mo\u017cliwe dzi\u0119ki tej euforycznej pigu\u0142ce, aby zabawa nie ko\u0144czy\u0142a si\u0119 o p\u00f3\u0142nocy!<\/p>","protected":false},"excerpt":{"rendered":"<p>Ka\u017cda impreza potrzebuje troch\u0119 wi\u0119cej energii! A z tymi kapsu\u0142kami Happy Caps Dance E nie ma potrzeby martwi\u0107 si\u0119 o utrat\u0119 pary. Te tabletki dadz\u0105 ci zastrzyk motywacji i szcz\u0119\u015bcia, kt\u00f3rego tw\u00f3j parkiet pragn\u0105\u0142 przez ca\u0142\u0105 noc, wi\u0119c nie przestawaj ta\u0144czy\u0107 do samego ko\u0144ca! Tup nogami jak szalony!<\/p>","protected":false},"featured_media":47978,"template":"","meta":[],"product_brand":[],"product_cat":[386,297,707,411,409,397,384],"product_tag":[],"class_list":{"0":"post-35733","1":"product","2":"type-product","3":"status-publish","4":"has-post-thumbnail","6":"product_cat-party-pills","7":"product_cat-all-products","8":"product_cat-buy-xtc","9":"product_cat-energy-pills","10":"product_cat-happy-caps","11":"product_cat-party","12":"product_cat-smartshop","14":"first","15":"instock","16":"taxable","17":"shipping-taxable","18":"purchasable","19":"product-type-variable","20":"has-default-attributes"},"_links":{"self":[{"href":"https:\/\/www.headshop.nl\/pl\/wp-json\/wp\/v2\/product\/35733","targetHints":{"allow":["GET"]}}],"collection":[{"href":"https:\/\/www.headshop.nl\/pl\/wp-json\/wp\/v2\/product"}],"about":[{"href":"https:\/\/www.headshop.nl\/pl\/wp-json\/wp\/v2\/types\/product"}],"wp:featuredmedia":[{"embeddable":true,"href":"https:\/\/www.headshop.nl\/pl\/wp-json\/wp\/v2\/media\/47978"}],"wp:attachment":[{"href":"https:\/\/www.headshop.nl\/pl\/wp-json\/wp\/v2\/media?parent=35733"}],"wp:term":[{"taxonomy":"product_brand","embeddable":true,"href":"https:\/\/www.headshop.nl\/pl\/wp-json\/wp\/v2\/product_brand?post=35733"},{"taxonomy":"product_cat","embeddable":true,"href":"https:\/\/www.headshop.nl\/pl\/wp-json\/wp\/v2\/product_cat?post=35733"},{"taxonomy":"product_tag","embeddable":true,"href":"https:\/\/www.headshop.nl\/pl\/wp-json\/wp\/v2\/product_tag?post=35733"}],"curies":[{"name":"wp","href":"https:\/\/api.w.org\/{rel}","templated":true}]}}