{"id":35636,"date":"2021-08-17T06:41:42","date_gmt":"2021-08-17T06:41:42","guid":{"rendered":"https:\/\/www.headshop.nl\/?post_type=product&#038;p=35636"},"modified":"2025-12-31T01:26:25","modified_gmt":"2025-12-31T01:26:25","slug":"energy-e-happycaps","status":"publish","type":"product","link":"https:\/\/www.headshop.nl\/pl\/energy-e-happycaps\/","title":{"rendered":"Energy E Happy Caps"},"content":{"rendered":"<h2>4 Partypills z Energy E od HappyCaps<\/h2>\n<p>Noc jest jeszcze m\u0142oda, gdy impreza zaczyna robi\u0107 si\u0119 troch\u0119 nudna. Nadszed\u0142 czas na dodatkowe paliwo i energi\u0119, ale gdzie si\u0119 zwr\u00f3ci\u0107? C\u00f3\u017c, na szcz\u0119\u015bcie s\u0105 te kapsu\u0142ki Energy E, kt\u00f3re pomog\u0105 nada\u0107 Twojemu \u017cyciu nowy sens lub przynajmniej zapewni\u0105 rozrywk\u0119 wszystkim go\u015bciom, dop\u00f3ki nie b\u0119d\u0105 gotowi do powrotu do domu!<\/p>\n<p>HappyCaps zawieraj\u0105 naturalne zio\u0142a, kt\u00f3re zapewniaj\u0105 natychmiastowy zastrzyk energii bez uczucia roztrz\u0119sienia, jak w przypadku wi\u0119kszo\u015bci innych suplement\u00f3w. Na co wi\u0119c czekamy? Chwy\u0107 jeden teraz, zanim b\u0119dzie za p\u00f3\u017ano - to mo\u017ce by\u0107 tylko bilet potrzebny, aby dzisiejszy wiecz\u00f3r by\u0142 zabawn\u0105 przygod\u0105 z trwa\u0142ymi wspomnieniami!<\/p>\n<p>Nie szukaj dalej, je\u015bli szukasz zastrzyku energii! Ta zio\u0142owa alternatywa na imprez\u0119 zapewni ci niezb\u0119dny \u0142adunek, aby przetrwa\u0107 ka\u017cd\u0105 noc wype\u0142nion\u0105 imprezowaniem. Niekt\u00f3re osoby mog\u0105 r\u00f3wnie\u017c si\u0119gn\u0105\u0107 po te tabletki, gdy potrzebuj\u0105 pomocy w koncentracji na zadaniach w pracy lub szkole. Bez wzgl\u0119du na to, jaki masz plan na ten weekend - o ile wi\u0105\u017ce si\u0119 on z byciem czujnym i gotowym do dzia\u0142ania - te tabletki imprezowe s\u0105 idealne do przygotowania godzin dobrej zabawy!<\/p>","protected":false},"excerpt":{"rendered":"<p>Jedyn\u0105 rzecz\u0105 gorsz\u0105 od bycia na imprezie i uczucia zm\u0119czenia jest sytuacja, w kt\u00f3rej poziom energii zaczyna spada\u0107. Naturalna formu\u0142a zio\u0142owa w Energy E Happy Caps zapewnia energi\u0119 przez ca\u0142\u0105 noc, wi\u0119c bez wzgl\u0119du na to, jak p\u00f3\u017ano si\u0119 robi, nadal mo\u017cesz ta\u0144czy\u0107, jakby nikt nie patrzy\u0142!<\/p>","protected":false},"featured_media":47980,"template":"","meta":[],"product_brand":[],"product_cat":[386,297,707,411,409,397,384],"product_tag":[],"class_list":{"0":"post-35636","1":"product","2":"type-product","3":"status-publish","4":"has-post-thumbnail","6":"product_cat-party-pills","7":"product_cat-all-products","8":"product_cat-buy-xtc","9":"product_cat-energy-pills","10":"product_cat-happy-caps","11":"product_cat-party","12":"product_cat-smartshop","14":"first","15":"instock","16":"taxable","17":"shipping-taxable","18":"purchasable","19":"product-type-variable","20":"has-default-attributes"},"_links":{"self":[{"href":"https:\/\/www.headshop.nl\/pl\/wp-json\/wp\/v2\/product\/35636","targetHints":{"allow":["GET"]}}],"collection":[{"href":"https:\/\/www.headshop.nl\/pl\/wp-json\/wp\/v2\/product"}],"about":[{"href":"https:\/\/www.headshop.nl\/pl\/wp-json\/wp\/v2\/types\/product"}],"wp:featuredmedia":[{"embeddable":true,"href":"https:\/\/www.headshop.nl\/pl\/wp-json\/wp\/v2\/media\/47980"}],"wp:attachment":[{"href":"https:\/\/www.headshop.nl\/pl\/wp-json\/wp\/v2\/media?parent=35636"}],"wp:term":[{"taxonomy":"product_brand","embeddable":true,"href":"https:\/\/www.headshop.nl\/pl\/wp-json\/wp\/v2\/product_brand?post=35636"},{"taxonomy":"product_cat","embeddable":true,"href":"https:\/\/www.headshop.nl\/pl\/wp-json\/wp\/v2\/product_cat?post=35636"},{"taxonomy":"product_tag","embeddable":true,"href":"https:\/\/www.headshop.nl\/pl\/wp-json\/wp\/v2\/product_tag?post=35636"}],"curies":[{"name":"wp","href":"https:\/\/api.w.org\/{rel}","templated":true}]}}