{"id":35613,"date":"2022-09-13T10:36:58","date_gmt":"2022-09-13T10:36:58","guid":{"rendered":"https:\/\/www.headshop.nl\/?post_type=product&#038;p=35613"},"modified":"2025-10-31T08:53:25","modified_gmt":"2025-10-31T08:53:25","slug":"cordyceps-extract-capsules","status":"publish","type":"product","link":"https:\/\/www.headshop.nl\/pl\/cordyceps-extract-capsules\/","title":{"rendered":"Cordyceps Extract Capsules"},"content":{"rendered":"<h2 dir=\"ltr\" data-pm-slice=\"1 1 []\">Czym s\u0105 Cordyceps Capsules?<\/h2>\n<p dir=\"ltr\">Cordyceps, ceniony grzyb leczniczy, od wiek\u00f3w jest kamieniem w\u0119gielnym tradycyjnej medycyny chi\u0144skiej, a obecnie jest znany na ca\u0142ym \u015bwiecie jako pot\u0119\u017cny naturalny suplement. Znane ze zwi\u0119kszania energii i wytrzyma\u0142o\u015bci kapsu\u0142ki Cordyceps od McMyco dostarczaj\u0105 400 mg organicznego ekstraktu o pe\u0142nym spektrum dzia\u0142ania na porcj\u0119, wzbogaconego o 15 mg witaminy C w celu zwalczania zm\u0119czenia i 2 mg cynku w celu wzmocnienia odporno\u015bci. Zawieraj\u0105ce 30% beta-glukany i polisacharydy, kapsu\u0142ki te wspieraj\u0105 zdrowie serca, funkcjonowanie p\u0142uc i redukcj\u0119 stan\u00f3w zapalnych, oferuj\u0105c kompleksowy zastrzyk dobrego samopoczucia. Idealna dla sportowc\u00f3w, profesjonalist\u00f3w lub ka\u017cdego, kto szuka naturalnej witalno\u015bci, ta przyjazna dla wegan formu\u0142a jest wolna od sztucznych dodatk\u00f3w, zapewniaj\u0105c maksymaln\u0105 czysto\u015b\u0107 i moc. Kapsu\u0142ki Cordyceps zapewniaj\u0105 wygodny spos\u00f3b na zwi\u0119kszenie koncentracji, wytrzyma\u0142o\u015bci i odporno\u015bci, dzi\u0119ki czemu s\u0105 wszechstronnym dodatkiem do ka\u017cdego schematu zdrowotnego. Wykorzystuj\u0105c bioaktywne zwi\u0105zki grzyb\u00f3w, McMyco oferuje holistyczne podej\u015bcie do dobrego samopoczucia, umo\u017cliwiaj\u0105c rozw\u00f3j w wymagaj\u0105cym \u015bwiecie przy wsparciu najlepszych naturalnych sk\u0142adnik\u00f3w.<\/p>\n<h2 dir=\"ltr\">Historia Cordyceps Capsules<\/h2>\n<p dir=\"ltr\">Historia Cordyceps si\u0119ga tysi\u0119cy lat i jest g\u0142\u0119boko zakorzeniona w tradycjach leczniczych kultur chi\u0144skiej i tybeta\u0144skiej. Ten rzadki grzyb, wyst\u0119puj\u0105cy w Himalajach na du\u017cych wysoko\u015bciach, by\u0142 historycznie ceniony przez uzdrowicieli ze wzgl\u0119du na jego zdolno\u015b\u0107 do zwi\u0119kszania witalno\u015bci i radzenia sobie z dolegliwo\u015bciami, takimi jak zm\u0119czenie i problemy z oddychaniem. Niegdy\u015b luksus zarezerwowany dla cesarzy i wojownik\u00f3w, Cordyceps by\u0142 spo\u017cywany jako tonik promuj\u0105cy wytrzyma\u0142o\u015b\u0107 i d\u0142ugowieczno\u015b\u0107. Jego globalne uznanie wzros\u0142o w XX wieku wraz ze wzrostem zainteresowania naturalnymi \u015brodkami leczniczymi, a wsp\u00f3\u0142czesne badania potwierdzaj\u0105 jego w\u0142a\u015bciwo\u015bci przeciwutleniaj\u0105ce, przeciwzapalne i wzmacniaj\u0105ce odporno\u015b\u0107. Kapsu\u0142ki McMyco Cordyceps honoruj\u0105 to bogate dziedzictwo, \u0142\u0105cz\u0105c staro\u017cytn\u0105 m\u0105dro\u015b\u0107 z zaawansowanymi metodami ekstrakcji, zapewniaj\u0105c, \u017ce ka\u017cda kapsu\u0142ka dostarcza pe\u0142ne spektrum bioaktywnych zwi\u0105zk\u00f3w grzyba. Ta mieszanka tradycji i innowacji sprawia, \u017ce kapsu\u0142ki Cordyceps s\u0105 dost\u0119pne dla wsp\u00f3\u0142czesnych poszukiwaczy dobrego samopoczucia, oferuj\u0105c naturalne rozwi\u0105zanie dla energii, wytrzyma\u0142o\u015bci i og\u00f3lnego stanu zdrowia. Od szanowanej przesz\u0142o\u015bci po obecn\u0105 rol\u0119 suplementu premium, Cordyceps nadal inspiruje tych, kt\u00f3rzy d\u0105\u017c\u0105 do zr\u00f3wnowa\u017conego, t\u0119tni\u0105cego \u017cyciem stylu \u017cycia zakorzenionego w sprawdzonych w naturze \u015brodkach zaradczych.<\/p>\n<h2 dir=\"ltr\">Jak u\u017cywa\u0107 Cordyceps Capsules<\/h2>\n<p dir=\"ltr\">Kapsu\u0142ki McMyco Cordyceps zosta\u0142y zaprojektowane z my\u015bl\u0105 o \u0142atwej integracji z codzienn\u0105 rutyn\u0105 odnowy biologicznej. Przyjmuj jedn\u0105 kapsu\u0142k\u0119 dwa razy dziennie, popijaj\u0105c wod\u0105 podczas posi\u0142k\u00f3w, aby zapewni\u0107 optymalne wch\u0142anianie 400 mg organicznego ekstraktu i dodatkowych sk\u0142adnik\u00f3w od\u017cywczych, takich jak witamina C i cynk. Ten schemat wspiera zr\u00f3wnowa\u017con\u0105 energi\u0119, zdrowie immunologiczne i jasno\u015b\u0107 umys\u0142u, dzi\u0119ki czemu jest idealny dla os\u00f3b aktywnych. Aby uzyska\u0107 najlepsze rezultaty, kapsu\u0142ki Cordyceps nale\u017cy stosowa\u0107 konsekwentnie wraz ze zr\u00f3wnowa\u017con\u0105 diet\u0105 i stylem \u017cycia. Mo\u017cna je \u0142\u0105czy\u0107 z innymi suplementami grzybowymi McMyco, aby uzyska\u0107 indywidualne podej\u015bcie do zdrowia. Wega\u0144skie kapsu\u0142ki s\u0105 wygodne do stosowania w napi\u0119tych harmonogramach, niezale\u017cnie od tego, czy chodzi o uzupe\u0142nienie energii przed treningiem, radzenie sobie z gor\u0105czkowym dniem, czy te\u017c priorytetowe traktowanie d\u0142ugoterminowej witalno\u015bci. Nowi u\u017cytkownicy powinni zacz\u0105\u0107 od jednej kapsu\u0142ki dziennie, aby oceni\u0107 tolerancj\u0119 przed przej\u015bciem do pe\u0142nej dawki. Zaleca si\u0119 konsultacj\u0119 z lekarzem, je\u015bli masz schorzenia lub stosujesz inne suplementy, aby zapewni\u0107 bezpieczne i skuteczne stosowanie. Dzi\u0119ki kapsu\u0142kom Cordyceps mo\u017cesz bez wysi\u0142ku wykorzysta\u0107 energetyzuj\u0105c\u0105 i regeneruj\u0105c\u0105 moc tego grzyba leczniczego, wspieraj\u0105c swoje cia\u0142o i umys\u0142 naturalnym suplementem wysokiej jako\u015bci.<\/p>\n<h2 dir=\"ltr\">Sk\u0142adniki Cordyceps Capsules<\/h2>\n<p dir=\"ltr\">Ka\u017cda kapsu\u0142ka McMyco Cordyceps zawiera 400 mg organicznego ekstraktu o pe\u0142nym spektrum dzia\u0142ania, pozyskiwanego z owocnika grzyba w procesie podw\u00f3jnej ekstrakcji H2O i etanolem. Metoda ta maksymalizuje moc zwi\u0105zk\u00f3w bioaktywnych, w tym polisacharyd\u00f3w 30%, beta-glukan\u00f3w i kordycepiny, kt\u00f3re nap\u0119dzaj\u0105 dzia\u0142anie grzyba zwi\u0119kszaj\u0105ce energi\u0119, wspieraj\u0105ce odporno\u015b\u0107 i przeciwutleniaj\u0105ce. Formu\u0142a zosta\u0142a wzbogacona o 15 mg witaminy C w celu zmniejszenia zm\u0119czenia i 2 mg cynku w celu wzmocnienia funkcji odporno\u015bciowych, tworz\u0105c dobrze zaokr\u0105glony suplement. Cytrynian magnezu i dwutlenek krzemu s\u0105 zawarte jako substancje pomocnicze w celu utrzymania stabilno\u015bci produktu przy jednoczesnym zachowaniu jego naturalnej czysto\u015bci. Kapsu\u0142ki McMyco Cordyceps s\u0105 wega\u0144skie, wolne od syntetycznych dodatk\u00f3w i zaprojektowane tak, aby zapewni\u0107 pe\u0142ne korzy\u015bci grzyba w czystej, silnej formie. Ta skrupulatna formu\u0142a odzwierciedla zaanga\u017cowanie w holistyczne zdrowie, oferuj\u0105c ro\u015blinne rozwi\u0105zanie dla os\u00f3b pragn\u0105cych zwi\u0119kszy\u0107 wytrzyma\u0142o\u015b\u0107, koncentracj\u0119 i odporno\u015b\u0107. Skupiaj\u0105c si\u0119 na jako\u015bci i skuteczno\u015bci, kapsu\u0142ki te zapewniaj\u0105 niezawodny spos\u00f3b na w\u0142\u0105czenie regeneruj\u0105cej mocy Cordyceps do codziennej rutyny.<\/p>\n<p dir=\"ltr\"><strong>Ostrze\u017cenie<\/strong><br \/>\nCordyceps by McMyco jest suplementem diety i powinien by\u0107 odpowiednio stosowany. Nie nale\u017cy przekracza\u0107 zalecanej dziennej dawki dw\u00f3ch kapsu\u0142ek. Przechowywa\u0107 w miejscu niedost\u0119pnym dla dzieci. Skonsultuj si\u0119 z lekarzem przed u\u017cyciem, je\u015bli jeste\u015b w ci\u0105\u017cy, karmisz piersi\u0105 lub masz w\u0105tpliwo\u015bci zdrowotne. Przechowywa\u0107 w ch\u0142odnym, ciemnym i suchym miejscu, aby zachowa\u0107 moc.<\/p>","protected":false},"excerpt":{"rendered":"<p dir=\"ltr\" data-pm-slice=\"1 1 []\">Uwolnij sw\u00f3j potencja\u0142 dzi\u0119ki kapsu\u0142kom McMyco Cordyceps, zawieraj\u0105cym 400 mg organicznego ekstraktu z grzyb\u00f3w o pe\u0142nym spektrum dzia\u0142ania na kapsu\u0142k\u0119. Wzbogacony o witamin\u0119 C i cynk, ten zestaw 120 wega\u0144skich kapsu\u0142ek zwi\u0119ksza energi\u0119, odporno\u015b\u0107 i witalno\u015b\u0107, oferuj\u0105c naturalne rozwi\u0105zanie do zasilania aktywnego stylu \u017cycia.<\/p>","protected":false},"featured_media":87981,"template":"","meta":[],"product_brand":[],"product_cat":[813,297,461,455,630,462,404,398,399,384,458,456],"product_tag":[978],"class_list":{"0":"post-35613","1":"product","2":"type-product","3":"status-publish","4":"has-post-thumbnail","6":"product_cat-mcmyco","7":"product_cat-all-products","8":"product_cat-detox","9":"product_cat-healthshop","10":"product_cat-healthshop-top-10","11":"product_cat-medicinal-mushrooms-healthshop","12":"product_cat-medicinal-mushrooms-supplements","13":"product_cat-mushrooms","14":"product_cat-shroomshop","15":"product_cat-smartshop","16":"product_cat-superfoods","17":"product_cat-supplements","18":"product_tag-shrdeal","19":"product_shipping_class-creditcard-on","21":"first","22":"instock","23":"taxable","24":"shipping-taxable","25":"purchasable","26":"product-type-variable","27":"has-default-attributes"},"_links":{"self":[{"href":"https:\/\/www.headshop.nl\/pl\/wp-json\/wp\/v2\/product\/35613","targetHints":{"allow":["GET"]}}],"collection":[{"href":"https:\/\/www.headshop.nl\/pl\/wp-json\/wp\/v2\/product"}],"about":[{"href":"https:\/\/www.headshop.nl\/pl\/wp-json\/wp\/v2\/types\/product"}],"wp:featuredmedia":[{"embeddable":true,"href":"https:\/\/www.headshop.nl\/pl\/wp-json\/wp\/v2\/media\/87981"}],"wp:attachment":[{"href":"https:\/\/www.headshop.nl\/pl\/wp-json\/wp\/v2\/media?parent=35613"}],"wp:term":[{"taxonomy":"product_brand","embeddable":true,"href":"https:\/\/www.headshop.nl\/pl\/wp-json\/wp\/v2\/product_brand?post=35613"},{"taxonomy":"product_cat","embeddable":true,"href":"https:\/\/www.headshop.nl\/pl\/wp-json\/wp\/v2\/product_cat?post=35613"},{"taxonomy":"product_tag","embeddable":true,"href":"https:\/\/www.headshop.nl\/pl\/wp-json\/wp\/v2\/product_tag?post=35613"}],"curies":[{"name":"wp","href":"https:\/\/api.w.org\/{rel}","templated":true}]}}