{"id":35611,"date":"2022-09-13T10:36:55","date_gmt":"2022-09-13T10:36:55","guid":{"rendered":"https:\/\/www.headshop.nl\/?post_type=product&#038;p=35611"},"modified":"2025-10-31T08:53:41","modified_gmt":"2025-10-31T08:53:41","slug":"chaga-extract-capsules","status":"publish","type":"product","link":"https:\/\/www.headshop.nl\/pl\/chaga-extract-capsules\/","title":{"rendered":"Chaga Extract Capsules"},"content":{"rendered":"<h2>Co to jest Chaga?<\/h2>\n<p>Chaga (Inonotus obliquus) to grzyb leczniczy, kt\u00f3ry rozwija si\u0119 w zimnym klimacie na p\u00f3\u0142kuli p\u00f3\u0142nocnej. Ro\u015bnie g\u0142\u00f3wnie na brzozach, tworz\u0105c czarny, podobny do w\u0119gla drzewnego wygl\u0105d zewn\u0119trzny, ods\u0142aniaj\u0105c jednocze\u015bnie bogate pomara\u0144czowe wn\u0119trze. Cz\u0119sto nazywany \"czarnym z\u0142otem\" w Rosji, Chaga jest ceniony za swoje niezwyk\u0142e w\u0142a\u015bciwo\u015bci wspomagaj\u0105ce zdrowie.<\/p>\n<p>Bogaty w korzystne zwi\u0105zki, takie jak polisacharydy, betulina, kwas betulinowy i sterole, Chaga by\u0142 tradycyjnie stosowany w celu promowania og\u00f3lnego dobrego samopoczucia. Nasze kapsu\u0142ki Chaga zawieraj\u0105 wysokiej jako\u015bci ekstrakt o pe\u0142nym spektrum dzia\u0142ania z owocnika grzyba, zapewniaj\u0105c maksymaln\u0105 skuteczno\u015b\u0107.<\/p>\n<h2>Historia Chaga<\/h2>\n<p>Chaga jest stosowany od wiek\u00f3w, szczeg\u00f3lnie w syberyjskiej i rosyjskiej medycynie ludowej. Rdzenne spo\u0142eczno\u015bci syberyjskie parzy\u0142y herbat\u0119 Chaga w celu zwi\u0119kszenia wytrzyma\u0142o\u015bci i og\u00f3lnego stanu zdrowia. W tradycyjnej medycynie chi\u0144skiej zosta\u0142 uznany za adaptogen, pomagaj\u0105cy organizmowi radzi\u0107 sobie ze stresem i zm\u0119czeniem.<\/p>\n<p>Wsp\u00f3\u0142czesne badania podkre\u015blaj\u0105 bioaktywne zwi\u0105zki Chaga, wzmacniaj\u0105c jego rol\u0119 w holistycznym zdrowiu. Dzi\u0119ki bogatemu st\u0119\u017ceniu polisacharyd\u00f3w, betuliny i kwasu betulinowego, Chaga pozostaje popularnym naturalnym lekarstwem, znanym ze swoich w\u0142a\u015bciwo\u015bci wspomagaj\u0105cych odporno\u015b\u0107 i przeciwutleniaj\u0105cych.<\/p>\n<h2>Jak korzysta\u0107 z Chaga<\/h2>\n<p>Dodanie Chaga do codziennej rutyny jest proste i skuteczne. Ka\u017cda kapsu\u0142ka zawiera 400 mg najwy\u017cszej jako\u015bci organicznego ekstraktu Chaga, wzbogaconego witamin\u0105 C i cynkiem dla zwi\u0119kszenia korzy\u015bci.<\/p>\n<p>Zalecana dawka to dwie kapsu\u0142ki dziennie, przyjmowane z posi\u0142kami i wod\u0105. Aby uzyska\u0107 najlepsze wyniki, kluczowa jest konsekwencja. Chaga mo\u017cna r\u00f3wnie\u017c \u0142\u0105czy\u0107 z innymi grzybami leczniczymi, aby uzyska\u0107 bardziej kompleksowe podej\u015bcie do dobrego samopoczucia. Te przyjazne dla wegan kapsu\u0142ki s\u0105 \u0142atwe do przyjmowania i odpowiednie do codziennego stosowania.<\/p>\n<h2>Sk\u0142adniki Chaga Capsules<\/h2>\n<p>Ka\u017cda wega\u0144ska kapsu\u0142ka zawiera 400 mg organicznego ekstraktu Chaga, pochodz\u0105cego wy\u0142\u0105cznie z owocnika (sklerocji) grzyba. Ekstrakt o pe\u0142nym spektrum dzia\u0142ania poddawany jest zar\u00f3wno ekstrakcji wodnej, jak i etanolowej w celu zmaksymalizowania biodost\u0119pno\u015bci.<\/p>\n<p>Formu\u0142a jest dodatkowo wzbogacona o witamin\u0119 C i cynk, znane ze swoich w\u0142a\u015bciwo\u015bci wzmacniaj\u0105cych odporno\u015b\u0107. Witamina C wspomaga metabolizm energetyczny, podczas gdy cynk przyczynia si\u0119 do zdrowego uk\u0142adu odporno\u015bciowego i og\u00f3lnej witalno\u015bci. Dodatkowe sk\u0142adniki obejmuj\u0105 cytrynian magnezu i dwutlenek krzemu dla stabilno\u015bci kapsu\u0142ki.<\/p>\n<p><strong>Ostrze\u017cenie<\/strong><\/p>\n<p>Chaga by McMyco jest suplementem diety i powinien by\u0107 odpowiednio stosowany. Przechowywa\u0107 w miejscu niedost\u0119pnym dla dzieci. Skonsultuj si\u0119 z lekarzem przed u\u017cyciem, je\u015bli jeste\u015b w ci\u0105\u017cy, karmisz piersi\u0105 lub masz podstawowe schorzenia. Nie nale\u017cy przekracza\u0107 zalecanej dziennej dawki.<\/p>","protected":false},"excerpt":{"rendered":"<p>Chaga, znany r\u00f3wnie\u017c jako diament lasu, by\u0142 u\u017cywany od wiek\u00f3w do wspierania odporno\u015bci i zwalczania wirus\u00f3w. Chaga zawiera silne przeciwutleniacze, kt\u00f3re mog\u0105 pom\u00f3c w walce z niekt\u00f3rymi formami raka ze wzgl\u0119du na kwasy betulinowe, ergosterol, fekosterol i epsterol znajduj\u0105ce si\u0119 na jego powierzchni, takie jak kumaryny, kt\u00f3re s\u0105 uwa\u017cane za rakotw\u00f3rcze lub przeciwrakotw\u00f3rcze w du\u017cych dawkach.<\/p>","protected":false},"featured_media":87983,"template":"","meta":[],"product_brand":[],"product_cat":[813,297,461,455,630,404,462,398,399,384,458,456],"product_tag":[978],"class_list":{"0":"post-35611","1":"product","2":"type-product","3":"status-publish","4":"has-post-thumbnail","6":"product_cat-mcmyco","7":"product_cat-all-products","8":"product_cat-detox","9":"product_cat-healthshop","10":"product_cat-healthshop-top-10","11":"product_cat-medicinal-mushrooms-supplements","12":"product_cat-medicinal-mushrooms-healthshop","13":"product_cat-mushrooms","14":"product_cat-shroomshop","15":"product_cat-smartshop","16":"product_cat-superfoods","17":"product_cat-supplements","18":"product_tag-shrdeal","19":"product_shipping_class-creditcard-on","21":"first","22":"instock","23":"taxable","24":"shipping-taxable","25":"purchasable","26":"product-type-variable","27":"has-default-attributes"},"_links":{"self":[{"href":"https:\/\/www.headshop.nl\/pl\/wp-json\/wp\/v2\/product\/35611","targetHints":{"allow":["GET"]}}],"collection":[{"href":"https:\/\/www.headshop.nl\/pl\/wp-json\/wp\/v2\/product"}],"about":[{"href":"https:\/\/www.headshop.nl\/pl\/wp-json\/wp\/v2\/types\/product"}],"wp:featuredmedia":[{"embeddable":true,"href":"https:\/\/www.headshop.nl\/pl\/wp-json\/wp\/v2\/media\/87983"}],"wp:attachment":[{"href":"https:\/\/www.headshop.nl\/pl\/wp-json\/wp\/v2\/media?parent=35611"}],"wp:term":[{"taxonomy":"product_brand","embeddable":true,"href":"https:\/\/www.headshop.nl\/pl\/wp-json\/wp\/v2\/product_brand?post=35611"},{"taxonomy":"product_cat","embeddable":true,"href":"https:\/\/www.headshop.nl\/pl\/wp-json\/wp\/v2\/product_cat?post=35611"},{"taxonomy":"product_tag","embeddable":true,"href":"https:\/\/www.headshop.nl\/pl\/wp-json\/wp\/v2\/product_tag?post=35611"}],"curies":[{"name":"wp","href":"https:\/\/api.w.org\/{rel}","templated":true}]}}