{"id":35552,"date":"2024-08-12T11:39:30","date_gmt":"2024-08-12T11:39:30","guid":{"rendered":"https:\/\/www.headshop.nl\/?post_type=product&#038;p=35552"},"modified":"2026-03-28T01:26:15","modified_gmt":"2026-03-28T01:26:15","slug":"high-hawaiians-magic-truffles","status":"publish","type":"product","link":"https:\/\/www.headshop.nl\/pl\/high-hawaiians-magic-truffles\/","title":{"rendered":"High Hawaiians"},"content":{"rendered":"<h2 class=\"\" dir=\"auto\">Czym s\u0105 magiczne trufle High Hawaiians?<\/h2>\n<p class=\"break-words\" dir=\"auto\">Magiczne trufle High Hawaiians to sklerocja, g\u0119sta sie\u0107 grzybni utworzona pod ziemi\u0105 przez okre\u015blone grzyby, gdy warunki takie jak ni\u017csze temperatury i wy\u017csza wilgotno\u015b\u0107 op\u00f3\u017aniaj\u0105 wzrost grzyb\u00f3w. Trufle te przechowuj\u0105 sk\u0142adniki od\u017cywcze, umo\u017cliwiaj\u0105c grzybom kie\u0142kowanie p\u00f3\u017aniej, gdy warunki si\u0119 poprawi\u0105, i zawieraj\u0105 psylocybin\u0119, kt\u00f3ra przekszta\u0142ca si\u0119 w psylocyn\u0119 w organizmie, wp\u0142ywaj\u0105c na poziom serotoniny, powoduj\u0105c \u017cywe halucynacje i zmienione postrzeganie.<\/p>\n<p class=\"break-words\" dir=\"auto\">Znane ze swojej mocy, High Hawaiians s\u0105 preferowane przez do\u015bwiadczonych u\u017cytkownik\u00f3w poszukuj\u0105cych g\u0142\u0119bokich dozna\u0144 psychodelicznych, z efektami r\u00f3\u017cni\u0105cymi si\u0119 w zale\u017cno\u015bci od dawki i indywidualnej wra\u017cliwo\u015bci, oferuj\u0105c wgl\u0105d wizualny, emocjonalny i filozoficzny. Ich profil od\u017cywczy, w tym energia, bia\u0142ka i minera\u0142y, uzupe\u0142nia ich w\u0142a\u015bciwo\u015bci psychoaktywne, czyni\u0105c je wyj\u0105tkowym produktem konsumpcyjnym, kt\u00f3ry sprzyja samopoznaniu i g\u0142\u0119bszemu po\u0142\u0105czeniu ze \u015bwiatem.<\/p>\n<h2 class=\"\" dir=\"auto\">Historia magicznych trufli High Hawaiians<\/h2>\n<p class=\"break-words\" dir=\"auto\">Wykorzystanie magicznych trufli, w tym High Hawaiians, si\u0119ga staro\u017cytnych kultur w Ameryce \u015arodkowej i Po\u0142udniowej, gdzie grzyby zawieraj\u0105ce psilocybin\u0119 by\u0142y wykorzystywane w duchowych i szama\u0144skich rytua\u0142ach, aby po\u0142\u0105czy\u0107 si\u0119 z bosko\u015bci\u0105. We wsp\u00f3\u0142czesnej erze magiczne trufle zyska\u0142y popularno\u015b\u0107 w Holandii, gdzie pozostaj\u0105 legalne ze wzgl\u0119du na odr\u00f3\u017cnienie od grzyb\u00f3w, a szczep Psilocybe Tampelandia High Hawaiians pojawi\u0142 si\u0119 ze wzgl\u0119du na swoj\u0105 niezwyk\u0142\u0105 moc.<\/p>\n<p class=\"break-words\" dir=\"auto\">Uprawiane w celu odtworzenia naturalnej formacji sklerocji, High Hawaiians zyska\u0142y na popularno\u015bci podczas ruchu psychodelicznego pod koniec XX wieku, odzwierciedlaj\u0105c zmian\u0119 kulturow\u0105 w kierunku odkrywania \u015bwiadomo\u015bci. Dzi\u015b s\u0105 one poszukiwane na ca\u0142ym \u015bwiecie, \u0142\u0105cz\u0105c staro\u017cytn\u0105 m\u0105dro\u015b\u0107 z nowoczesnymi technikami uprawy, aby zapewni\u0107 sp\u00f3jne, pot\u0119\u017cne do\u015bwiadczenie dla psychonaut\u00f3w.<\/p>\n<h2 class=\"\" dir=\"auto\">Jak u\u017cywa\u0107 magicznych trufli High Hawaiians<\/h2>\n<p class=\"break-words\" dir=\"auto\">W celu bezpiecznego spo\u017cycia, nale\u017cy przyjmowa\u0107 High Hawaiians Magic Truffles w spokojnym, zaufanym otoczeniu, zaczynaj\u0105c od po\u0142owy 25-gramowego opakowania ze wzgl\u0119du na ich moc i oceni\u0107 efekty po 30-45 minutach przed spo\u017cyciem wi\u0119kszej ilo\u015bci. Dla lepszego wch\u0142aniania nale\u017cy je dok\u0142adnie prze\u017cu\u0107 lub zaparzy\u0107 w herbacie lub zupie, najlepiej na pusty \u017co\u0142\u0105dek, z efektami osi\u0105gaj\u0105cymi szczyt 1-3 godziny po spo\u017cyciu i zanikaj\u0105cymi po 5-6 godzinach.<\/p>\n<p class=\"break-words\" dir=\"auto\">Przechowywa\u0107 trufle w temperaturze od 2\u00b0C do 4\u00b0C w ciemnym, ch\u0142odnym miejscu i unika\u0107 \u0142\u0105czenia z alkoholem, lekami lub innymi \u015brodkami odurzaj\u0105cymi; nie stosowa\u0107 u kobiet w ci\u0105\u017cy, karmi\u0105cych piersi\u0105 lub poni\u017cej 18 roku \u017cycia. Odpowiednie dla os\u00f3b w dobrym zdrowiu psychicznym i fizycznym, niewielka dodatkowa dawka mo\u017ce wzmocni\u0107 efekty, ale nigdy nie nale\u017cy przekracza\u0107 jednego pude\u0142ka na sesj\u0119, aby zapewni\u0107 bezpieczn\u0105, wyj\u0105tkow\u0105 podr\u00f3\u017c.<\/p>\n<h2 class=\"\" dir=\"auto\">Sk\u0142adniki High Hawaiians Magic Truffles<\/h2>\n<p class=\"break-words\" dir=\"auto\">Magiczne trufle High Hawaiians, pochodz\u0105ce ze szczepu Psilocybe Tampelandia, s\u0105 bogate w psylocybin\u0119 i psylocyn\u0119, zwi\u0105zki odpowiedzialne za ich halucynogenne dzia\u0142anie. Na 100 gram\u00f3w dostarczaj\u0105 464,7 kJ (110,5 kcal) energii, 13,2 gram\u00f3w w\u0119glowodan\u00f3w, 5,3 gram\u00f3w bia\u0142ka, 0,4 gram\u00f3w t\u0142uszczu i 16,7 gram\u00f3w b\u0142onnika pokarmowego, wspieraj\u0105c zdrowie uk\u0142adu pokarmowego.<\/p>\n<p class=\"break-words\" dir=\"auto\">Ich zawarto\u015b\u0107 mineralna obejmuje 210 mg potasu, 169,3 mg fosforu, 13,6 mg sodu, 12,5 mg wapnia i 0,7 mg \u017celaza, a tak\u017ce 10 IU witaminy D i 0,3 grama soli. Ten naturalny sk\u0142ad z grzybni zapewnia czysty produkt o warto\u015bci zar\u00f3wno psychoaktywnej, jak i od\u017cywczej.<\/p>\n<p dir=\"auto\"><strong>Ostrze\u017cenie<\/strong><\/p>\n<p class=\"break-words\" dir=\"auto\">High Hawaiians Magic Truffles zawieraj\u0105 psylocybin\u0119 i psylocyn\u0119, silne halucynogeny, kt\u00f3re zmieniaj\u0105 \u015bwiadomo\u015b\u0107 i poziom serotoniny, powoduj\u0105c intensywne zmiany emocjonalne i percepcyjne. U\u017cywaj ostro\u017cnie w bezpiecznym otoczeniu, zw\u0142aszcza je\u015bli nie masz do\u015bwiadczenia, i trzymaj z dala od dzieci ze wzgl\u0119du na ich silne dzia\u0142anie.<\/p>\n<p class=\"break-words\" dir=\"auto\">Unikaj stosowania, je\u015bli masz problemy ze zdrowiem psychicznym, choroby serca lub p\u0142uc, cukrzyc\u0119, wysokie lub niskie ci\u015bnienie krwi, jeste\u015b w ci\u0105\u017cy lub karmisz piersi\u0105 i nie mieszaj z innymi substancjami ani nie anga\u017cuj si\u0119 w czynno\u015bci takie jak prowadzenie pojazdu. Skonsultuj si\u0119 z pracownikiem s\u0142u\u017cby zdrowia, je\u015bli nie masz pewno\u015bci co do przydatno\u015bci do u\u017cycia.<\/p>","protected":false},"excerpt":{"rendered":"<p>Nie mo\u017cna zaprzeczy\u0107 mocy magicznych trufli High Hawaiians, wi\u0119c kupuj\u0105cy musi uwa\u017ca\u0107. Te halucynogenne magiczne trufle maj\u0105 moc i nie s\u0105 przeznaczone dla niedo\u015bwiadczonych psychonaut\u00f3w! Efekty dzia\u0142ania tych Psilocybe Tampelandia mog\u0105 trwa\u0107 do 8 godzin, a ich moc sprawi\u0142aby, \u017ce Albert Hoffman klaska\u0142by w oklaskach, gdyby mia\u0142 je w pobli\u017cu!<\/p>\n<p><strong>Pe\u0142ne do\u015bwiadczenie: jedno pude\u0142ko, jedna osoba<\/strong><\/p>","protected":false},"featured_media":76255,"template":"","meta":[],"product_brand":[],"product_cat":[402,297,812,706,398,399,626,384,625,832],"product_tag":[1039],"class_list":{"0":"post-35552","1":"product","2":"type-product","3":"status-publish","4":"has-post-thumbnail","6":"product_cat-magic-truffles","7":"product_cat-all-products","8":"product_cat-mcsmart-truffles","9":"product_cat-microdosing-truffles","10":"product_cat-mushrooms","11":"product_cat-shroomshop","12":"product_cat-shroomshop-top-10","13":"product_cat-smartshop","14":"product_cat-smartshop-top-10","15":"product_cat-strong-magic-truffles","16":"product_tag-triple-deal","17":"product_shipping_class-group-7","19":"first","20":"instock","21":"taxable","22":"shipping-taxable","23":"purchasable","24":"product-type-variable","25":"has-default-attributes"},"_links":{"self":[{"href":"https:\/\/www.headshop.nl\/pl\/wp-json\/wp\/v2\/product\/35552","targetHints":{"allow":["GET"]}}],"collection":[{"href":"https:\/\/www.headshop.nl\/pl\/wp-json\/wp\/v2\/product"}],"about":[{"href":"https:\/\/www.headshop.nl\/pl\/wp-json\/wp\/v2\/types\/product"}],"wp:featuredmedia":[{"embeddable":true,"href":"https:\/\/www.headshop.nl\/pl\/wp-json\/wp\/v2\/media\/76255"}],"wp:attachment":[{"href":"https:\/\/www.headshop.nl\/pl\/wp-json\/wp\/v2\/media?parent=35552"}],"wp:term":[{"taxonomy":"product_brand","embeddable":true,"href":"https:\/\/www.headshop.nl\/pl\/wp-json\/wp\/v2\/product_brand?post=35552"},{"taxonomy":"product_cat","embeddable":true,"href":"https:\/\/www.headshop.nl\/pl\/wp-json\/wp\/v2\/product_cat?post=35552"},{"taxonomy":"product_tag","embeddable":true,"href":"https:\/\/www.headshop.nl\/pl\/wp-json\/wp\/v2\/product_tag?post=35552"}],"curies":[{"name":"wp","href":"https:\/\/api.w.org\/{rel}","templated":true}]}}