{"id":35544,"date":"2022-08-12T11:19:20","date_gmt":"2022-08-12T11:19:20","guid":{"rendered":"https:\/\/www.headshop.nl\/?post_type=product&#038;p=35544"},"modified":"2025-10-24T01:26:15","modified_gmt":"2025-10-24T01:26:15","slug":"dragons-dynamite-magic-truffles","status":"publish","type":"product","link":"https:\/\/www.headshop.nl\/pl\/dragons-dynamite-magic-truffles\/","title":{"rendered":"Dragon\u2019s Dynamite"},"content":{"rendered":"<h2 class=\"\" dir=\"auto\">Czym s\u0105 magiczne trufle Dragon\u2019s Dynamite?<\/h2>\n<p class=\"break-words\" dir=\"auto\">Dragon\u2019s Dynamite Magic Truffles to sklerocja, tworzona przez podziemne nitki grzybni, kt\u00f3re przechowuj\u0105 sk\u0142adniki od\u017cywcze do przysz\u0142ego wzrostu grzyb\u00f3w w okre\u015blonych warunkach, takich jak ni\u017csze temperatury i wy\u017csza wilgotno\u015b\u0107. Te trufle zapewniaj\u0105 pot\u0119\u017cne halucynogenne doznania, charakteryzuj\u0105ce si\u0119 \u017cywymi obrazami i przyp\u0142ywem dynamicznej energii, a ka\u017cde 15-gramowe pude\u0142ko zosta\u0142o zaprojektowane z my\u015bl\u0105 o odwa\u017cnej, wci\u0105gaj\u0105cej podr\u00f3\u017cy jednego u\u017cytkownika.<\/p>\n<p class=\"break-words\" dir=\"auto\">Znane ze swoich intensywnych, ekscytuj\u0105cych efekt\u00f3w, Dragon\u2019s Dynamite Magic Truffles s\u0105 popularne w\u015br\u00f3d doros\u0142ych powy\u017cej 18 roku \u017cycia, poszukuj\u0105cych g\u0142\u0119bokiego samopoznania i transformuj\u0105cych przyg\u00f3d. Przechowywane w temperaturze 2\u00b0C-4\u00b0C, zachowuj\u0105 moc do bezpiecznego stosowania, oferuj\u0105c ekscytuj\u0105c\u0105 ucieczk\u0119 w podwy\u017cszon\u0105 percepcj\u0119 dla tych, kt\u00f3rzy s\u0105 gotowi zbada\u0107 swoj\u0105 wewn\u0119trzn\u0105 si\u0142\u0119 w bezpiecznym otoczeniu.<\/p>\n<h2 class=\"\" dir=\"auto\">Historia magicznych trufli Dragon\u2019s Dynamite<\/h2>\n<p class=\"break-words\" dir=\"auto\">Dragon\u2019s Dynamite Magic Truffles czerpi\u0105 z bogatej historii grzyb\u00f3w zawieraj\u0105cych psylocybin\u0119, wykorzystywanych w staro\u017cytnych Mesoameryka\u0144skich praktykach duchowych i szama\u0144skich w celu uzyskania dost\u0119pu do stan\u00f3w mistycznych i promowania introspekcji. W XX wieku sklerocja sta\u0142a si\u0119 legaln\u0105 alternatyw\u0105 dla grzyb\u00f3w obj\u0119tych ograniczeniami w niekt\u00f3rych regionach, a Dragon\u2019s Dynamite opracowano ze wzgl\u0119du na jej wysok\u0105 moc, spektakularne efekty wizualne, odzwierciedlaj\u0105ce zaawansowane techniki uprawy.<\/p>\n<p class=\"break-words\" dir=\"auto\">Dzi\u015b trufle te \u0142\u0105cz\u0105 staro\u017cytne tradycje psychodeliczne z nowoczesnymi innowacjami, zaspokajaj\u0105c rosn\u0105ce zainteresowanie osobist\u0105 eksploracj\u0105 i rozwojem. Ich nazwa uosabia ich wybuchow\u0105, o\u017cywcz\u0105 natur\u0119, co czyni je ulubionym wyborem dla os\u00f3b poszukuj\u0105cych odwa\u017cnej, dynamicznej podr\u00f3\u017cy w g\u0142\u0105b \u017cywego potencja\u0142u umys\u0142u, popartej starann\u0105 upraw\u0105 zapewniaj\u0105c\u0105 bezpiecze\u0144stwo i sp\u00f3jno\u015b\u0107.<\/p>\n<h2 class=\"\" dir=\"auto\">Jak u\u017cywa\u0107 magicznych trufli Dragon\u2019s Dynamite<\/h2>\n<p class=\"break-words\" dir=\"auto\">Aby bezpiecznie do\u015bwiadczy\u0107 Dragon\u2019s Dynamite Magic Truffles, wybierz spokojne, znajome otoczenie i zacznij od po\u0142owy 15-gramowego pude\u0142ka, oceniaj\u0105c efekty po 30-45 minutach, zanim rozwa\u017cysz wi\u0119cej. Efekty osi\u0105gaj\u0105 szczyt w ci\u0105gu 1-3 godzin i zanikaj\u0105 po 5-6 godzinach; spo\u017cywa\u0107 na pusty \u017co\u0142\u0105dek, dok\u0142adnie prze\u017cuwaj\u0105c lub mieszaj\u0105c z herbat\u0105 lub zup\u0105 i przechowywa\u0107 w temperaturze 2\u00b0C-4\u00b0C w ciemnym miejscu.<\/p>\n<p class=\"break-words\" dir=\"auto\">Unikaj \u0142\u0105czenia z alkoholem, lekami lub innymi substancjami i nie u\u017cywaj, je\u015bli jeste\u015b w ci\u0105\u017cy, masz mniej ni\u017c 18 lat lub cierpisz na choroby takie jak depresja lub choroby serca; prowadzenie pojazd\u00f3w lub obs\u0142ugiwanie maszyn jest zabronione. Doro\u015bli ciesz\u0105cy si\u0119 dobrym zdrowiem mog\u0105 wzi\u0105\u0107 udzia\u0142 w intensywnej podr\u00f3\u017cy, pozostaj\u0105c nawodnionymi, relaksuj\u0105c si\u0119 i przestrzegaj\u0105c wytycznych dotycz\u0105cych dawkowania w celu bezpiecznej, ekscytuj\u0105cej przygody.<\/p>\n<h2 class=\"\" dir=\"auto\">Sk\u0142adniki Dragon\u2019s Dynamite Magic Truffles<\/h2>\n<p class=\"break-words\" dir=\"auto\">Trufle Dragon\u2019s Dynamite Magic Truffles zawieraj\u0105 psylocybin\u0119, kt\u00f3ra przekszta\u0142ca si\u0119 w psylocyn\u0119, zmieniaj\u0105c poziom serotoniny w celu uzyskania \u017cywych efekt\u00f3w halucynogennych, a tak\u017ce sk\u0142adniki od\u017cywcze, takie jak 110,5 kcal, 13,2 g w\u0119glowodan\u00f3w, 5,3 g bia\u0142ka, 0,4 g t\u0142uszczu i 16,7 g b\u0142onnika pokarmowego na 100 g. Dostarczaj\u0105 r\u00f3wnie\u017c 210 mg potasu, 169,3 mg fosforu, 12,5 mg wapnia, 13,6 mg sodu, 0,7 mg \u017celaza i 10 IU witaminy D, wspieraj\u0105c energi\u0119 i funkcje organizmu.<\/p>\n<p class=\"break-words\" dir=\"auto\">Trufle te, tworzone naturalnie przez sklerocj\u0119, \u0142\u0105cz\u0105 zwi\u0105zki psychoaktywne ze \u015bladowymi sk\u0142adnikami od\u017cywczymi, zapewniaj\u0105c holistyczne doznania, wzmacniaj\u0105c intensywno\u015b\u0107 sensoryczn\u0105 i emocjonaln\u0105. Odpowiedzialne stosowanie zapewnia niewielkie korzy\u015bci od\u017cywcze obok ich odwa\u017cnych efekt\u00f3w, przemawiaj\u0105c do tych, kt\u00f3rzy szukaj\u0105 transformuj\u0105cej podr\u00f3\u017cy, jednocze\u015bnie szanuj\u0105c moc psilocybiny.<\/p>\n<p dir=\"auto\"><strong>Ostrze\u017cenie<\/strong><\/p>\n<p class=\"break-words\" dir=\"auto\">Dragon\u2019s Dynamite Magic Truffles zawieraj\u0105 psylocybin\u0119 i psylocyn\u0119, silne halucynogeny, kt\u00f3re znacz\u0105co zmieniaj\u0105 percepcj\u0119 i wywo\u0142uj\u0105 intensywne halucynacje, wymagaj\u0105c ostro\u017cnego stosowania w kontrolowanych warunkach. Przechowywa\u0107 w miejscu niedost\u0119pnym dla dzieci i unika\u0107 w przypadku ci\u0105\u017cy, chor\u00f3b psychicznych lub problem\u00f3w takich jak cukrzyca lub wysokie ci\u015bnienie krwi.<\/p>\n<p class=\"break-words\" dir=\"auto\">\u0141\u0105czenie z innymi substancjami zwi\u0119ksza ryzyko, a odpowiedzialna konsumpcja jest niezb\u0119dna dla bezpiecze\u0144stwa. U\u017cytkownicy musz\u0105 przestrzega\u0107 wytycznych i zapewni\u0107 odpowiedni stan psychiczny i fizyczny, aby bezpiecznie do\u015bwiadczy\u0107 pot\u0119\u017cnych, transformuj\u0105cych efekt\u00f3w tych trufli.<\/p>\n<div class=\"trfvids\">\n<div style=\"padding: 56.25% 0 0 0; position: relative;\"><iframe style=\"position: absolute; top: 0; left: 0; width: 100%; height: 100%;\" title=\"Dragon&#039; s Dynamite\" src=\"https:\/\/player.vimeo.com\/video\/630766918?h=efe772e89c&amp;badge=0&amp;autopause=0&amp;player_id=0&amp;app_id=58479\" frameborder=\"0\" allowfullscreen=\"allowfullscreen\"><\/iframe><\/div>\n<\/div>\n<p>&nbsp;<\/p>","protected":false},"excerpt":{"rendered":"<p>Smok jest w twoich r\u0119kach dzi\u0119ki Dragon\u2019s Dynamite Magic Truffles. Od mocy do potencji, w momencie \u017cucia i po\u0142ykania te trufle nie mog\u0105 si\u0119 doczeka\u0107, aby uwolni\u0107 swoj\u0105 magi\u0119 do krwiobiegu. Jeden z najpopularniejszych obecnie na rynku jest prawdziw\u0105 t\u0119czow\u0105 przeja\u017cd\u017ck\u0105, je\u015bli chodzi o efekty!<\/p>","protected":false},"featured_media":35512,"template":"","meta":[],"product_brand":[],"product_cat":[402,297,812,706,398,399,626,384,625,832],"product_tag":[978],"class_list":{"0":"post-35544","1":"product","2":"type-product","3":"status-publish","4":"has-post-thumbnail","6":"product_cat-magic-truffles","7":"product_cat-all-products","8":"product_cat-mcsmart-truffles","9":"product_cat-microdosing-truffles","10":"product_cat-mushrooms","11":"product_cat-shroomshop","12":"product_cat-shroomshop-top-10","13":"product_cat-smartshop","14":"product_cat-smartshop-top-10","15":"product_cat-strong-magic-truffles","16":"product_tag-shrdeal","17":"product_shipping_class-group-7","19":"first","20":"instock","21":"taxable","22":"shipping-taxable","23":"purchasable","24":"product-type-variable","25":"has-default-attributes"},"_links":{"self":[{"href":"https:\/\/www.headshop.nl\/pl\/wp-json\/wp\/v2\/product\/35544","targetHints":{"allow":["GET"]}}],"collection":[{"href":"https:\/\/www.headshop.nl\/pl\/wp-json\/wp\/v2\/product"}],"about":[{"href":"https:\/\/www.headshop.nl\/pl\/wp-json\/wp\/v2\/types\/product"}],"wp:featuredmedia":[{"embeddable":true,"href":"https:\/\/www.headshop.nl\/pl\/wp-json\/wp\/v2\/media\/35512"}],"wp:attachment":[{"href":"https:\/\/www.headshop.nl\/pl\/wp-json\/wp\/v2\/media?parent=35544"}],"wp:term":[{"taxonomy":"product_brand","embeddable":true,"href":"https:\/\/www.headshop.nl\/pl\/wp-json\/wp\/v2\/product_brand?post=35544"},{"taxonomy":"product_cat","embeddable":true,"href":"https:\/\/www.headshop.nl\/pl\/wp-json\/wp\/v2\/product_cat?post=35544"},{"taxonomy":"product_tag","embeddable":true,"href":"https:\/\/www.headshop.nl\/pl\/wp-json\/wp\/v2\/product_tag?post=35544"}],"curies":[{"name":"wp","href":"https:\/\/api.w.org\/{rel}","templated":true}]}}