{"id":35540,"date":"2021-08-12T11:19:18","date_gmt":"2021-08-12T11:19:18","guid":{"rendered":"https:\/\/www.headshop.nl\/?post_type=product&#038;p=35540"},"modified":"2025-10-16T07:03:23","modified_gmt":"2025-10-16T07:03:23","slug":"mushrocks-magic-truffles","status":"publish","type":"product","link":"https:\/\/www.headshop.nl\/pl\/mushrocks-magic-truffles\/","title":{"rendered":"MushRocks"},"content":{"rendered":"<h2 class=\"\" dir=\"auto\">Czym s\u0105 magiczne trufle MushRocks?<\/h2>\n<p class=\"break-words\" dir=\"auto\">MushRocks Magic Truffles, sklerocja utworzona przez podziemn\u0105 grzybni\u0119 grzyba Psilocybe Galindoii, rozwijaj\u0105 si\u0119 w okre\u015blonych warunkach, takich jak ni\u017csze temperatury i wy\u017csza wilgotno\u015b\u0107, przechowuj\u0105c sk\u0142adniki od\u017cywcze dla przysz\u0142ego wzrostu grzyb\u00f3w. Te trufle, zawieraj\u0105ce psylocybin\u0119, zapewniaj\u0105 halucynogenny \"trip\" z \u017cywymi wizualizacjami i g\u0142\u0119bokimi filozoficznymi spostrze\u017ceniami, a ka\u017cde 15-gramowe pude\u0142ko jest wykonane przez McSmart Truffles dla silnego, sp\u00f3jnego do\u015bwiadczenia jednego u\u017cytkownika.<\/p>\n<p class=\"break-words\" dir=\"auto\">Popularne w\u015br\u00f3d psychonaut\u00f3w ze wzgl\u0119du na ich wyj\u0105tkow\u0105 podr\u00f3\u017c w czasie, przestrzeni lub wewn\u0119trznej \u015bwiadomo\u015bci, MushRocks oferuj\u0105 dostosowan\u0105 przygod\u0119 opart\u0105 na dawkowaniu, \u015brodowisku i indywidualnej wra\u017cliwo\u015bci. Nadaj\u0105 si\u0119 zar\u00f3wno dla nowych, jak i do\u015bwiadczonych u\u017cytkownik\u00f3w, zach\u0119caj\u0105c do bezpiecznej, kontrolowanej eksploracji umys\u0142u i wszech\u015bwiata, co czyni je poszukiwanym wyborem dla os\u00f3b poszukuj\u0105cych g\u0142\u0119bokich, transformuj\u0105cych do\u015bwiadcze\u0144.<\/p>\n<h2 class=\"\" dir=\"auto\">Historia magicznych trufli MushRocks<\/h2>\n<p class=\"break-words\" dir=\"auto\">Historia magicznych trufli MushRocks si\u0119ga kultur Mesoameryka\u0144skich, takich jak Aztekowie, kt\u00f3rzy u\u017cywali grzyb\u00f3w zawieraj\u0105cych psylocybin\u0119, zwanych \"teonan\u00e1catl\" lub \"cia\u0142em bog\u00f3w\", w \u015bwi\u0119tych rytua\u0142ach do cel\u00f3w duchowych i leczniczych. Zainteresowanie Zachodu wzros\u0142o w XX wieku po udokumentowaniu przez R. Gordona Wassona ich stosowania w Mexico, wzbudzaj\u0105c globaln\u0105 ciekawo\u015b\u0107 i prowadz\u0105c do wsp\u00f3\u0142czesnej popularno\u015bci sklerocji, takich jak MushRocks.<\/p>\n<p class=\"break-words\" dir=\"auto\">W regionach, w kt\u00f3rych sklerocja pozostaj\u0105 legalne ze wzgl\u0119du na ich podziemny wzrost, trufle McSmart \u0142\u0105cz\u0105 staro\u017cytne tradycje z zaawansowan\u0105 upraw\u0105, aby produkowa\u0107 wysokiej jako\u015bci Psilocybe Galindoii. Wzrost popularno\u015bci MushRocks odzwierciedla rosn\u0105ce globalne zainteresowanie psychodelikami w celu samopoznania i dobrego samopoczucia psychicznego, oferuj\u0105c u\u017cytkownikom ponadczasowe po\u0142\u0105czenie z inspiruj\u0105cymi, introspektywnymi do\u015bwiadczeniami.<\/p>\n<h2 class=\"\" dir=\"auto\">Jak korzysta\u0107 z MushRocks Magic Truffles<\/h2>\n<p class=\"break-words\" dir=\"auto\">Aby bezpiecznie cieszy\u0107 si\u0119 magicznymi truflami MushRocks, nale\u017cy spo\u017cywa\u0107 je w spokojnym, znajomym otoczeniu z zaufanymi towarzyszami, zaczynaj\u0105c od po\u0142owy 15-gramowego opakowania, dok\u0142adnie prze\u017cuwaj\u0105c dla lepszego wch\u0142aniania lub zaparzaj\u0105c w herbacie lub zupie dla \u0142agodniejszego smaku. Odczekaj 30-45 minut, aby oceni\u0107 efekty, zanim rozwa\u017cysz wi\u0119cej, nigdy nie przekraczaj\u0105c jednego opakowania na sesj\u0119, i przyjmuj na pusty \u017co\u0142\u0105dek, aby uzyska\u0107 optymalne wyniki, przechowuj\u0105c w temperaturze 2 \u00b0 C-4 \u00b0 C w ciemnym miejscu.<\/p>\n<p class=\"break-words\" dir=\"auto\">Efekty osi\u0105gaj\u0105 szczyt w ci\u0105gu 1-3 godzin i trwaj\u0105 5-6 godzin; unika\u0107 \u0142\u0105czenia z alkoholem, lekami lub substancjami i nie stosowa\u0107 w przypadku ci\u0105\u017cy, depresji lub chor\u00f3b, takich jak cukrzyca lub wysokie ci\u015bnienie krwi. Relax, pozosta\u0144 nawodniony i zastan\u00f3w si\u0119 po podr\u00f3\u017cy, unikaj\u0105c prowadzenia pojazd\u00f3w lub maszyn, aby zapewni\u0107 bezpieczn\u0105, transformuj\u0105c\u0105 podr\u00f3\u017c przy starannym przestrzeganiu wytycznych.<\/p>\n<h2 class=\"\" dir=\"auto\">Sk\u0142adniki MushRocks Magic Truffles<\/h2>\n<p class=\"break-words\" dir=\"auto\">Magiczne trufle MushRocks, pochodz\u0105ce ze sklerocji Psilocybe Galindoii, zawieraj\u0105 psylocybin\u0119, kt\u00f3ra przekszta\u0142ca si\u0119 w psylocyn\u0119, zapewniaj\u0105c efekty halucynogenne, a tak\u017ce sk\u0142adniki od\u017cywcze, takie jak 110,5 kcal, 13,2 g w\u0119glowodan\u00f3w, 5,3 g bia\u0142ka, 0,4 g t\u0142uszczu i 16,7 g b\u0142onnika pokarmowego na 100 g. Dostarczaj\u0105 r\u00f3wnie\u017c 210 mg potasu, 169,3 mg fosforu, 12,5 mg wapnia, 0,7 mg \u017celaza, 0,3 g soli i 10 IU witaminy D, wspieraj\u0105c funkcje organizmu.<\/p>\n<p class=\"break-words\" dir=\"auto\">Uprawiane przez McSmart Truffles bez sztucznych dodatk\u00f3w, trufle te oferuj\u0105 czyst\u0105 mieszank\u0119 korzy\u015bci psychoaktywnych i od\u017cywczych, co czyni je holistycznym wyborem do podr\u00f3\u017cy rozszerzaj\u0105cych umys\u0142 i niewielkiego wsparcia dietetycznego. Ich naturalny sk\u0142ad przemawia do u\u017cytkownik\u00f3w poszukuj\u0105cych zar\u00f3wno g\u0142\u0119bokich dozna\u0144, jak i warto\u015bci od\u017cywczych, pod warunkiem poszanowania si\u0142y dzia\u0142ania psilocybiny.<\/p>\n<p dir=\"auto\"><strong>Ostrze\u017cenie<\/strong><\/p>\n<p class=\"break-words\" dir=\"auto\">MushRocks Magic Truffles zawieraj\u0105 psylocybin\u0119 i psylocyn\u0119, silne halucynogeny, kt\u00f3re wywo\u0142uj\u0105 znacz\u0105ce efekty zmieniaj\u0105ce \u015bwiadomo\u015b\u0107, w tym halucynacje, wymagaj\u0105ce ostro\u017cnego stosowania w kontrolowanym \u015brodowisku. Unikaj spo\u017cywania, je\u015bli masz mniej ni\u017c 18 lat, jeste\u015b w ci\u0105\u017cy, karmisz piersi\u0105 lub cierpisz na problemy ze zdrowiem psychicznym, depresj\u0119, choroby serca, p\u0142uc, ci\u015bnienie krwi lub cukrzyc\u0119 i trzymaj poza zasi\u0119giem dzieci ze wzgl\u0119du na ich silne dzia\u0142anie.<\/p>\n<p class=\"break-words\" dir=\"auto\">Nie \u0142\u0105czy\u0107 z alkoholem, narkotykami lub lekami i powstrzyma\u0107 si\u0119 od prowadzenia pojazd\u00f3w lub obs\u0142ugi maszyn w trakcie lub po u\u017cyciu. Odpowiedzialna konsumpcja, przestrzeganie zasad bezpiecze\u0144stwa i bezpieczne przechowywanie s\u0105 niezb\u0119dne do zapewnienia bezpiecznego i pozytywnego do\u015bwiadczenia z tymi pot\u0119\u017cnymi truflami.<\/p>","protected":false},"excerpt":{"rendered":"<p>Chcesz odtworzy\u0107 sw\u00f3j ulubiony utw\u00f3r podczas podr\u00f3\u017cy MushRocks? W takim razie przygotuj si\u0119 na maksymalne odczuwanie muzyki! \u015arednio mocne magiczne trufle mo\u017cna poleci\u0107 zar\u00f3wno pocz\u0105tkuj\u0105cym psychonautom, jak i bardziej do\u015bwiadczonym u\u017cytkownikom. Znane z silniejszych efekt\u00f3w wizualnych i wyj\u0105tkowego po\u0142\u0105czenia z d\u017awi\u0119kiem - Mushrocks to najlepsze trufle dla meloman\u00f3w!<\/p>","protected":false},"featured_media":35506,"template":"","meta":[],"product_brand":[],"product_cat":[402,297,812,706,398,399,384,832],"product_tag":[978],"class_list":{"0":"post-35540","1":"product","2":"type-product","3":"status-publish","4":"has-post-thumbnail","6":"product_cat-magic-truffles","7":"product_cat-all-products","8":"product_cat-mcsmart-truffles","9":"product_cat-microdosing-truffles","10":"product_cat-mushrooms","11":"product_cat-shroomshop","12":"product_cat-smartshop","13":"product_cat-strong-magic-truffles","14":"product_tag-shrdeal","15":"product_shipping_class-group-7","17":"first","18":"instock","19":"taxable","20":"shipping-taxable","21":"purchasable","22":"product-type-variable","23":"has-default-attributes"},"_links":{"self":[{"href":"https:\/\/www.headshop.nl\/pl\/wp-json\/wp\/v2\/product\/35540","targetHints":{"allow":["GET"]}}],"collection":[{"href":"https:\/\/www.headshop.nl\/pl\/wp-json\/wp\/v2\/product"}],"about":[{"href":"https:\/\/www.headshop.nl\/pl\/wp-json\/wp\/v2\/types\/product"}],"wp:featuredmedia":[{"embeddable":true,"href":"https:\/\/www.headshop.nl\/pl\/wp-json\/wp\/v2\/media\/35506"}],"wp:attachment":[{"href":"https:\/\/www.headshop.nl\/pl\/wp-json\/wp\/v2\/media?parent=35540"}],"wp:term":[{"taxonomy":"product_brand","embeddable":true,"href":"https:\/\/www.headshop.nl\/pl\/wp-json\/wp\/v2\/product_brand?post=35540"},{"taxonomy":"product_cat","embeddable":true,"href":"https:\/\/www.headshop.nl\/pl\/wp-json\/wp\/v2\/product_cat?post=35540"},{"taxonomy":"product_tag","embeddable":true,"href":"https:\/\/www.headshop.nl\/pl\/wp-json\/wp\/v2\/product_tag?post=35540"}],"curies":[{"name":"wp","href":"https:\/\/api.w.org\/{rel}","templated":true}]}}