{"id":35536,"date":"2021-08-12T11:19:16","date_gmt":"2021-08-12T11:19:16","guid":{"rendered":"https:\/\/www.headshop.nl\/?post_type=product&#038;p=35536"},"modified":"2026-03-08T13:26:20","modified_gmt":"2026-03-08T13:26:20","slug":"atlantis-magic-truffles","status":"publish","type":"product","link":"https:\/\/www.headshop.nl\/pl\/atlantis-magic-truffles\/","title":{"rendered":"Atlantis"},"content":{"rendered":"<h2 class=\"\" dir=\"auto\">Czym s\u0105 magiczne trufle Psilocybe Atlantis?<\/h2>\n<p class=\"break-words\" dir=\"auto\">Psilocybe Atlantis Magic Truffles to sklerocja, podziemne formacje grzybni, kt\u00f3re przechowuj\u0105 sk\u0142adniki od\u017cywcze do wzrostu grzyb\u00f3w, gdy warunki takie jak ni\u017csze temperatury i wy\u017csza wilgotno\u015b\u0107 uniemo\u017cliwiaj\u0105 owocowanie. Bogate w psylocybin\u0119, trufle te zapewniaj\u0105 silne doznania psychoaktywne, od \u017cywych halucynacji po g\u0142\u0119bokie filozoficzne spostrze\u017cenia, co czyni je popularnym wyborem dla os\u00f3b poszukuj\u0105cych kreatywno\u015bci, samo\u015bwiadomo\u015bci i rozwoju osobistego.<\/p>\n<p class=\"break-words\" dir=\"auto\">Ich dost\u0119pno\u015b\u0107 i wszechstronno\u015b\u0107, w po\u0142\u0105czeniu ze sk\u0142adnikami od\u017cywczymi, takimi jak w\u0119glowodany, bia\u0142ka i minera\u0142y, zwi\u0119kszaj\u0105 ich atrakcyjno\u015b\u0107 zar\u00f3wno jako naturalnego produktu rozszerzaj\u0105cego umys\u0142, jak i wspieraj\u0105cego cia\u0142o. U\u017cywane historycznie w praktykach duchowych, a obecnie wykorzystywane do nowoczesnych eksploracji, Psilocybe Atlantis Magic Truffles oferuj\u0105 bezpieczny, kontrolowany spos\u00f3b na odblokowanie potencja\u0142u umys\u0142u w zaufanym \u015brodowisku.<\/p>\n<h2 class=\"\" dir=\"auto\">Historia Psilocybe Atlantis Magic Truffles<\/h2>\n<p class=\"break-words\" dir=\"auto\">Dziedzictwo Psilocybe Atlantis Magic Truffles \u0142\u0105czy si\u0119 ze staro\u017cytnymi kulturami Mesoameryka\u0144skimi, w kt\u00f3rych grzyby zawieraj\u0105ce psilocybin\u0119 by\u0142y u\u017cywane w szama\u0144skich rytua\u0142ach do obcowania z bosko\u015bci\u0105 i uzyskiwania g\u0142\u0119bokiego wgl\u0105du. Odmiana Atlantis, nazwana ze wzgl\u0119du na sw\u00f3j mistyczny urok i odkryta w po\u0142udniowo-wschodnich Stanach Zjednoczonych, opiera si\u0119 na tej tradycji dzi\u0119ki zr\u00f3wnowa\u017conej mieszance \u017cywych obraz\u00f3w i introspektywnej g\u0142\u0119bi, dostosowanej do wsp\u00f3\u0142czesnego u\u017cytku.<\/p>\n<p class=\"break-words\" dir=\"auto\">Naukowe zrozumienie wp\u0142ywu psilocybiny na receptory serotoniny wzros\u0142o, potwierdzaj\u0105c jej historyczne znaczenie i podsycaj\u0105c wsp\u00f3\u0142czesne zainteresowanie psychodelikami w celach terapeutycznych i osobistych. Legalne w niekt\u00f3rych regionach, Psilocybe Atlantis Magic Truffles odzwierciedlaj\u0105 zmian\u0119 kulturow\u0105 w kierunku przyjmowania naturalnych substancji do rozwoju umys\u0142owego i emocjonalnego, urzekaj\u0105c u\u017cytkownik\u00f3w swoj\u0105 zdolno\u015bci\u0105 do wzbudzania podziwu i odkrywania siebie.<\/p>\n<h2 class=\"\" dir=\"auto\">Jak stosowa\u0107 Psilocybe Atlantis Magic Truffles?<\/h2>\n<p class=\"break-words\" dir=\"auto\">Aby bezpiecznie do\u015bwiadczy\u0107 Psilocybe Atlantis Magic Truffles, zacznij w spokojnym, znajomym otoczeniu, spo\u017cywaj\u0105c po\u0142ow\u0119 15-gramowego opakowania na pusty \u017co\u0142\u0105dek, dok\u0142adnie \u017cuj\u0105c lub zaparzaj\u0105c w herbacie lub zupie dla lepszego wch\u0142aniania. Odczekaj 30-45 minut, aby oceni\u0107 efekty przed spo\u017cyciem wi\u0119kszej ilo\u015bci, nigdy nie przekraczaj\u0105c jednego opakowania na sesj\u0119 i przechowuj w temperaturze 2\u00b0C-4\u00b0C w ciemnym miejscu, aby zachowa\u0107 moc.<\/p>\n<p class=\"break-words\" dir=\"auto\">Efekty osi\u0105gaj\u0105 szczyt w ci\u0105gu 1-3 godzin i trwaj\u0105 5-6 godzin; unikaj \u0142\u0105czenia z alkoholem, lekami lub substancjami i nie u\u017cywaj, je\u015bli masz mniej ni\u017c 18 lat, jeste\u015b w ci\u0105\u017cy lub cierpisz na choroby takie jak depresja lub choroby serca. Relax, pozosta\u0144 nawodniony i pozw\u00f3l truflom poprowadzi\u0107 transformuj\u0105c\u0105 podr\u00f3\u017c introspekcji i zachwytu, dostosowan\u0105 do twojego sposobu my\u015blenia i \u015brodowiska, przy starannym przestrzeganiu wytycznych.<\/p>\n<h2 class=\"\" dir=\"auto\">Sk\u0142adniki Psilocybe Atlantis Magic Truffles<\/h2>\n<p class=\"break-words\" dir=\"auto\">Magiczne trufle Psilocybe Atlantis zawieraj\u0105 psylocybin\u0119, kt\u00f3ra przekszta\u0142ca si\u0119 w psylocyn\u0119, wywo\u0142uj\u0105c efekty halucynogenne za po\u015brednictwem receptor\u00f3w serotoninowych, a tak\u017ce sk\u0142adniki od\u017cywcze, takie jak 13,2 g w\u0119glowodan\u00f3w, 5,3 g bia\u0142ka, 0,4 g t\u0142uszczu i 16,7 g b\u0142onnika pokarmowego na 100 g. Dostarczaj\u0105 r\u00f3wnie\u017c 210 mg potasu, 169,3 mg fosforu, 12,5 mg wapnia, 0,7 mg \u017celaza, 13,6 mg sodu, 0,3 g soli i 10 IU witaminy D, wspieraj\u0105c energi\u0119 i funkcje organizmu.<\/p>\n<p class=\"break-words\" dir=\"auto\">Uformowane jako sklerocja, trufle te naturalnie wch\u0142aniaj\u0105 sk\u0142adniki od\u017cywcze, oferuj\u0105c czyst\u0105 mieszank\u0119 korzy\u015bci psychoaktywnych i od\u017cywczych bez dodatk\u00f3w. Ta holistyczna kompozycja sprawia, \u017ce s\u0105 one wyj\u0105tkowym wyborem dla mistycznego do\u015bwiadczenia i niewielkiego wsparcia dietetycznego, atrakcyjnego dla u\u017cytkownik\u00f3w poszukuj\u0105cych zar\u00f3wno eksploracji umys\u0142owej, jak i fizycznego po\u017cywienia, pod warunkiem, \u017ce przestrzegana jest moc psilocybiny.<\/p>\n<p dir=\"auto\"><strong>Ostrze\u017cenie<\/strong><\/p>\n<p class=\"break-words\" dir=\"auto\">Psilocybe Atlantis Magic Truffles zawieraj\u0105 psylocybin\u0119 i psylocyn\u0119, silne halucynogeny, kt\u00f3re wywo\u0142uj\u0105 \u017cywe halucynacje i zmieniaj\u0105 \u015bwiadomo\u015b\u0107, wymagaj\u0105c ostro\u017cnego stosowania w kontrolowanych warunkach. Unika\u0107 spo\u017cywania w przypadku os\u00f3b poni\u017cej 18 roku \u017cycia, kobiet w ci\u0105\u017cy, karmi\u0105cych piersi\u0105 lub cierpi\u0105cych na zaburzenia psychiczne, depresj\u0119, wysokie\/niskie ci\u015bnienie krwi, choroby serca lub p\u0142uc, cukrzyc\u0119, a tak\u017ce przechowywa\u0107 w miejscu niedost\u0119pnym dla dzieci ze wzgl\u0119du na dzia\u0142anie psychoaktywne.<\/p>\n<p class=\"break-words\" dir=\"auto\">Nie \u0142\u0105czy\u0107 z alkoholem, lekami lub narkotykami i powstrzyma\u0107 si\u0119 od prowadzenia pojazd\u00f3w lub obs\u0142ugi maszyn w trakcie lub po u\u017cyciu. Zapewnij stabilny stan psychiczny i odpowiedzialn\u0105 konsumpcj\u0119, przestrzegaj\u0105c zasad bezpiecze\u0144stwa i bezpiecznie przechowuj\u0105c, aby osi\u0105gn\u0105\u0107 bezpieczne, pozytywne wra\u017cenia z tych transformuj\u0105cych trufli.<\/p>","protected":false},"excerpt":{"rendered":"<p>Magiczne trufle Atlantis to niesamowite do\u015bwiadczenie. Nie wywo\u0142uj\u0105 dziwnych ani nieprzyjemnych uczu\u0107, a zamiast tego s\u0105 idealne dla tych, kt\u00f3rzy chc\u0105 \u0142agodnego psychodelicznego do\u015bwiadczenia, kt\u00f3re pomo\u017ce poszerzy\u0107 ich kreatywne spojrzenie na \u015bwiat. Je\u015bli nigdy wcze\u015bniej nie jad\u0142e\u015b magicznych trufli, ale i tak masz na nie ochot\u0119, polecamy te!<\/p>","protected":false},"featured_media":35500,"template":"","meta":[],"product_brand":[],"product_cat":[402,297,831,812,706,398,399,626,384,625],"product_tag":[978],"class_list":{"0":"post-35536","1":"product","2":"type-product","3":"status-publish","4":"has-post-thumbnail","6":"product_cat-magic-truffles","7":"product_cat-all-products","8":"product_cat-beginner-magic-truffles","9":"product_cat-mcsmart-truffles","10":"product_cat-microdosing-truffles","11":"product_cat-mushrooms","12":"product_cat-shroomshop","13":"product_cat-shroomshop-top-10","14":"product_cat-smartshop","15":"product_cat-smartshop-top-10","16":"product_tag-shrdeal","17":"product_shipping_class-group-7","19":"first","20":"instock","21":"taxable","22":"shipping-taxable","23":"purchasable","24":"product-type-variable","25":"has-default-attributes"},"_links":{"self":[{"href":"https:\/\/www.headshop.nl\/pl\/wp-json\/wp\/v2\/product\/35536","targetHints":{"allow":["GET"]}}],"collection":[{"href":"https:\/\/www.headshop.nl\/pl\/wp-json\/wp\/v2\/product"}],"about":[{"href":"https:\/\/www.headshop.nl\/pl\/wp-json\/wp\/v2\/types\/product"}],"wp:featuredmedia":[{"embeddable":true,"href":"https:\/\/www.headshop.nl\/pl\/wp-json\/wp\/v2\/media\/35500"}],"wp:attachment":[{"href":"https:\/\/www.headshop.nl\/pl\/wp-json\/wp\/v2\/media?parent=35536"}],"wp:term":[{"taxonomy":"product_brand","embeddable":true,"href":"https:\/\/www.headshop.nl\/pl\/wp-json\/wp\/v2\/product_brand?post=35536"},{"taxonomy":"product_cat","embeddable":true,"href":"https:\/\/www.headshop.nl\/pl\/wp-json\/wp\/v2\/product_cat?post=35536"},{"taxonomy":"product_tag","embeddable":true,"href":"https:\/\/www.headshop.nl\/pl\/wp-json\/wp\/v2\/product_tag?post=35536"}],"curies":[{"name":"wp","href":"https:\/\/api.w.org\/{rel}","templated":true}]}}