{"id":35472,"date":"2021-08-12T11:10:04","date_gmt":"2021-08-12T11:10:04","guid":{"rendered":"https:\/\/www.headshop.nl\/?post_type=product&#038;p=35472"},"modified":"2025-12-31T13:26:42","modified_gmt":"2025-12-31T13:26:42","slug":"mexicana-magic-truffles","status":"publish","type":"product","link":"https:\/\/www.headshop.nl\/pl\/mexicana-magic-truffles\/","title":{"rendered":"Mexicana"},"content":{"rendered":"<h2 dir=\"auto\">Czym s\u0105 magiczne trufle Mexicana?<\/h2>\n<p dir=\"auto\">Magiczne trufle Mexicana, znane jako sklerocja, to podziemne formacje grzybni Psilocybe Mexicana, kt\u00f3re przechowuj\u0105 sk\u0142adniki od\u017cywcze do wzrostu grzyb\u00f3w w okre\u015blonych warunkach, takich jak spadki temperatury i zwi\u0119kszona wilgotno\u015b\u0107. Zawieraj\u0105ce psylocybin\u0119, kt\u00f3ra przekszta\u0142ca si\u0119 w psylocyn\u0119, wp\u0142ywaj\u0105c na poziom serotoniny, trufle te wywo\u0142uj\u0105 \u0142agodne, ale g\u0142\u0119bokie doznania halucynogenne z \u017cywymi obrazami i introspektywnymi spostrze\u017ceniami, idealne dla os\u00f3b pocz\u0105tkuj\u0105cych w psychodelikach.<\/p>\n<p dir=\"auto\">Magiczne trufle Mexicana, znane z tego, \u017ce sprzyjaj\u0105 samopoznaniu i zmianie percepcji, oferuj\u0105 bezpieczn\u0105, kontrolowan\u0105 podr\u00f3\u017c w 15-gramowym pude\u0142ku dostosowanym do jednego u\u017cytkownika. Ich profil od\u017cywczy, w tym w\u0119glowodany, bia\u0142ka i minera\u0142y, wspiera funkcje organizmu, czyni\u0105c z nich holistyczny produkt, kt\u00f3ry \u0142\u0105czy osobist\u0105 eksploracj\u0119 z fizycznym po\u017cywieniem, zapewniaj\u0105c g\u0142\u0119bsze po\u0142\u0105czenie z samym sob\u0105 i \u015bwiatem.<\/p>\n<h2 dir=\"auto\">Historia magicznych trufli Mexicana<\/h2>\n<p dir=\"auto\">Historia magicznych trufli Mexicana si\u0119ga staro\u017cytnych kultur Mesoameryki, gdzie Psilocybe Mexicana, nazywane przez Aztek\u00f3w \"cia\u0142em bog\u00f3w\", by\u0142y u\u017cywane w duchowych ceremoniach do uzdrawiania, wr\u00f3\u017cenia i boskiego po\u0142\u0105czenia. Pomimo kolonialnego st\u0142umienia, ich stosowanie przetrwa\u0142o, zyskuj\u0105c zachodni\u0105 uwag\u0119 w XX wieku, kiedy naukowcy ponownie odkryli ich w\u0142a\u015bciwo\u015bci psychoaktywne, wywo\u0142uj\u0105c globalne zainteresowanie grzybami zawieraj\u0105cymi psilocybin\u0119.<\/p>\n<p dir=\"auto\">Obecnie magiczne trufle Mexicana s\u0105 uprawiane na ca\u0142ym \u015bwiecie ze wzgl\u0119du na ich \u0142agodniejsze dzia\u0142anie, \u0142\u0105cz\u0105ce staro\u017cytne tradycje szama\u0144skie z nowoczesnymi badaniami. Zawarto\u015b\u0107 sk\u0142adnik\u00f3w od\u017cywczych, w tym witamin i minera\u0142\u00f3w, zwi\u0119ksza ich atrakcyjno\u015b\u0107 jako produktu naturalnego, \u0142\u0105cz\u0105c u\u017cytkownik\u00f3w z wielowiekowymi praktykami rozwoju duchowego i samopoznania w bezpieczny, kontrolowany spos\u00f3b.<\/p>\n<h2 dir=\"auto\">Jak u\u017cywa\u0107 Mexicana Magic Truffles<\/h2>\n<p dir=\"auto\">Aby bezpiecznie cieszy\u0107 si\u0119 magicznymi truflami Mexicana, nale\u017cy spo\u017cywa\u0107 je w spokojnym, znajomym otoczeniu z zaufanymi towarzyszami, zaczynaj\u0105c od po\u0142owy 15-gramowego opakowania, dok\u0142adnie prze\u017cutego lub zaparzonego w herbacie lub zupie, na pusty \u017co\u0142\u0105dek w celu uzyskania optymalnego wch\u0142aniania. Odczekaj 30-45 minut, aby oceni\u0107 efekty, zanim rozwa\u017cysz wi\u0119cej, nigdy nie przekraczaj\u0105c jednego pude\u0142ka, z efektami osi\u0105gaj\u0105cymi szczyt w ci\u0105gu 1-3 godzin i trwaj\u0105cymi 5-6 godzin; przechowywa\u0107 w temperaturze 2-4 \u00b0 C w ciemnym miejscu.<\/p>\n<p dir=\"auto\">Unikaj \u0142\u0105czenia z alkoholem, lekami lub substancjami i nie u\u017cywaj, je\u015bli masz mniej ni\u017c 18 lat, jeste\u015b w ci\u0105\u017cy lub cierpisz na choroby psychiczne, choroby serca lub cukrzyc\u0119; powstrzymaj si\u0119 od prowadzenia pojazd\u00f3w lub ryzykownych dzia\u0142a\u0144. Podejd\u017a z otwartym umys\u0142em, pozosta\u0144 nawodniony i post\u0119puj zgodnie z wytycznymi, aby obj\u0105\u0107 transformacyjn\u0105 wizualn\u0105 i filozoficzn\u0105 podr\u00f3\u017c, kt\u00f3r\u0105 oferuj\u0105 te trufle.<\/p>\n<h2 dir=\"auto\">Sk\u0142adniki Mexicana Magic Truffles<\/h2>\n<p dir=\"auto\">Magiczne trufle Mexicana, utworzone przez sklerocja Psilocybe Mexicana, zawieraj\u0105 psylocybin\u0119, kt\u00f3ra przekszta\u0142ca si\u0119 w psylocyn\u0119, zapewniaj\u0105c efekty halucynogenne, a tak\u017ce sk\u0142adniki od\u017cywcze, takie jak 464,7 kJ energii, 13,2 g w\u0119glowodan\u00f3w, 5,3 g bia\u0142ka, 0,4 g t\u0142uszczu i 16,7 g b\u0142onnika pokarmowego na 100 g. Dostarczaj\u0105 r\u00f3wnie\u017c 210 mg potasu, 169,3 mg fosforu, 12,5 mg wapnia, 0,7 mg \u017celaza, 0,3 g soli i 10 IU witaminy D, wspieraj\u0105c energi\u0119, napraw\u0119 tkanek i og\u00f3lny stan zdrowia.<\/p>\n<p dir=\"auto\">Wolne od dodatk\u00f3w, trufle te oferuj\u0105 czyst\u0105, organiczn\u0105 mieszank\u0119 korzy\u015bci psychoaktywnych i od\u017cywczych, czyni\u0105c je czym\u015b wi\u0119cej ni\u017c tylko substancj\u0105 psychodeliczn\u0105. Odpowiedzialne stosowanie ma kluczowe znaczenie ze wzgl\u0119du na silny wp\u0142yw psilocybiny na percepcj\u0119 i \u015bwiadomo\u015b\u0107, zapewniaj\u0105c g\u0142\u0119bokie, bezpieczne do\u015bwiadczenie w kontrolowanym otoczeniu.<\/p>\n<p dir=\"auto\"><strong>Ostrze\u017cenie<\/strong><\/p>\n<p dir=\"auto\">Mexicana Magic Truffles zawieraj\u0105 psylocybin\u0119 i psylocyn\u0119, silne halucynogeny, kt\u00f3re znacz\u0105co zmieniaj\u0105 \u015bwiadomo\u015b\u0107, wywo\u0142uj\u0105c \u017cywe halucynacje i wp\u0142ywaj\u0105c na nastr\u00f3j, percepcj\u0119 i funkcje poznawcze, wymagaj\u0105c ostro\u017cnego stosowania w bezpiecznym \u015brodowisku. Unika\u0107 spo\u017cywania w przypadku os\u00f3b poni\u017cej 18 roku \u017cycia, kobiet w ci\u0105\u017cy, karmi\u0105cych piersi\u0105 lub cierpi\u0105cych na choroby psychiczne, choroby serca lub p\u0142uc, cukrzyc\u0119 lub problemy z ci\u015bnieniem krwi, a tak\u017ce przechowywa\u0107 poza zasi\u0119giem dzieci ze wzgl\u0119du na ich w\u0142a\u015bciwo\u015bci psychoaktywne.<\/p>\n<p dir=\"auto\">Nie \u0142\u0105czy\u0107 z alkoholem, lekami lub narkotykami i powstrzyma\u0107 si\u0119 od prowadzenia pojazd\u00f3w lub obs\u0142ugi maszyn w trakcie lub po u\u017cyciu, poniewa\u017c efekty mog\u0105 si\u0119 utrzymywa\u0107. Zacznij od ma\u0142ej dawki, przechowuj bezpiecznie w temperaturze 2-4\u00b0C i post\u0119puj zgodnie ze wskaz\u00f3wkami bezpiecze\u0144stwa, aby zapewni\u0107 odpowiedzialne i pozytywne do\u015bwiadczenia z tymi pot\u0119\u017cnymi truflami.<\/p>","protected":false},"excerpt":{"rendered":"<p>Dzi\u0119ki Mexicana Magic Truffles czeka Ci\u0119 \u015bwietna zabawa z malowniczymi efektami wizualnymi. S\u0105 to idealne trufle do rozpocz\u0119cia psychodelicznej przygody z truflami, poniewa\u017c s\u0105 \u0142agodniejsze ni\u017c inne odmiany, ale nadal zapewniaj\u0105 wszystkie korzy\u015bci p\u0142yn\u0105ce z mocniejszych odmian, takich jak kolorowe eksperymenty wizualne i euforia. Pocz\u0105tkuj\u0105cy raduj\u0105 si\u0119!<\/p>","protected":false},"featured_media":35494,"template":"","meta":[],"product_brand":[],"product_cat":[402,297,831,812,706,398,399,384],"product_tag":[978],"class_list":{"0":"post-35472","1":"product","2":"type-product","3":"status-publish","4":"has-post-thumbnail","6":"product_cat-magic-truffles","7":"product_cat-all-products","8":"product_cat-beginner-magic-truffles","9":"product_cat-mcsmart-truffles","10":"product_cat-microdosing-truffles","11":"product_cat-mushrooms","12":"product_cat-shroomshop","13":"product_cat-smartshop","14":"product_tag-shrdeal","15":"product_shipping_class-group-7","17":"first","18":"instock","19":"taxable","20":"shipping-taxable","21":"purchasable","22":"product-type-variable","23":"has-default-attributes"},"_links":{"self":[{"href":"https:\/\/www.headshop.nl\/pl\/wp-json\/wp\/v2\/product\/35472","targetHints":{"allow":["GET"]}}],"collection":[{"href":"https:\/\/www.headshop.nl\/pl\/wp-json\/wp\/v2\/product"}],"about":[{"href":"https:\/\/www.headshop.nl\/pl\/wp-json\/wp\/v2\/types\/product"}],"wp:featuredmedia":[{"embeddable":true,"href":"https:\/\/www.headshop.nl\/pl\/wp-json\/wp\/v2\/media\/35494"}],"wp:attachment":[{"href":"https:\/\/www.headshop.nl\/pl\/wp-json\/wp\/v2\/media?parent=35472"}],"wp:term":[{"taxonomy":"product_brand","embeddable":true,"href":"https:\/\/www.headshop.nl\/pl\/wp-json\/wp\/v2\/product_brand?post=35472"},{"taxonomy":"product_cat","embeddable":true,"href":"https:\/\/www.headshop.nl\/pl\/wp-json\/wp\/v2\/product_cat?post=35472"},{"taxonomy":"product_tag","embeddable":true,"href":"https:\/\/www.headshop.nl\/pl\/wp-json\/wp\/v2\/product_tag?post=35472"}],"curies":[{"name":"wp","href":"https:\/\/api.w.org\/{rel}","templated":true}]}}