{"id":35193,"date":"2021-08-10T10:24:17","date_gmt":"2021-08-10T10:24:17","guid":{"rendered":"https:\/\/www.headshop.nl\/?post_type=product&#038;p=35193"},"modified":"2025-02-14T09:11:53","modified_gmt":"2025-02-14T09:11:53","slug":"kanna-20x-extract","status":"publish","type":"product","link":"https:\/\/www.headshop.nl\/pl\/kanna-20x-extract\/","title":{"rendered":"Kanna 20x Extract"},"content":{"rendered":"<h2 data-start=\"343\" data-end=\"362\">Co to jest Kanna?<\/h2>\n<p data-start=\"363\" data-end=\"988\">Kanna, naukowo znany jako Sceletium Tortuosum, to naturalny ekstrakt ro\u015blinny o wielu zastosowaniach. Pochodzi z Afryki Po\u0142udniowej i tradycyjnie by\u0142 \u017cuty ze wzgl\u0119du na swoje w\u0142a\u015bciwo\u015bci stymuluj\u0105ce i poprawiaj\u0105ce nastr\u00f3j. Obecnie Kanna jest dost\u0119pny w r\u00f3\u017cnych formach, w tym w silnych ekstraktach, takich jak wersja 20x, kt\u00f3ra jest oko\u0142o 20 razy silniejsza ni\u017c zwyk\u0142e suszone li\u015bcie. G\u0142\u00f3wn\u0105 zalet\u0105 Kanna jest jego zdolno\u015b\u0107 do zwi\u0119kszania energii, zmniejszania niepokoju, zwi\u0119kszania wewn\u0119trznego spokoju, a nawet wspierania zdrowia seksualnego. Sprawia to, \u017ce jest to intryguj\u0105ca opcja dla os\u00f3b poszukuj\u0105cych naturalnego sposobu na popraw\u0119 og\u00f3lnego samopoczucia.<\/p>\n<p data-start=\"990\" data-end=\"1490\">W Republice Po\u0142udniowej Afryki Kanna jest stosowany od wiek\u00f3w, ale jego popularno\u015b\u0107 wzros\u0142a na arenie mi\u0119dzynarodowej, poniewa\u017c coraz wi\u0119cej os\u00f3b odkrywa jego zalety. Ekstrakt ten jest szczeg\u00f3lnie poszukiwany ze wzgl\u0119du na jego zwi\u0119kszon\u0105 moc, oferuj\u0105c silniejszy, bardziej natychmiastowy efekt w por\u00f3wnaniu do tradycyjnych metod. Kanna jest stosowany przez wiele os\u00f3b ze wzgl\u0119du na jego zdolno\u015b\u0107 do promowania relaksu, zwi\u0119kszania czujno\u015bci i pomagania u\u017cytkownikom czu\u0107 si\u0119 bardziej skoncentrowanym. Dzi\u0119ki swoim pot\u0119\u017cnym efektom, Kanna nadal zyskuje uznanie jako wszechstronny i cenny naturalny \u015brodek.<\/p>\n<h2 data-start=\"1492\" data-end=\"1513\">Historia Kanna<\/h2>\n<p data-start=\"1514\" data-end=\"1987\">Historia Kanna si\u0119ga ko\u0144ca XIX wieku, kiedy to zosta\u0142a po raz pierwszy odkryta przez holenderskich botanik\u00f3w w Afryce Po\u0142udniowej. Rdzenni mieszka\u0144cy regionu od dawna u\u017cywali tej ro\u015bliny, \u017cuj\u0105c jej li\u015bcie, aby do\u015bwiadczy\u0107 jej uspokajaj\u0105cych i poprawiaj\u0105cych nastr\u00f3j efekt\u00f3w. Kiedy holenderscy botanicy natkn\u0119li si\u0119 na t\u0119 praktyk\u0119, sprowadzili ro\u015blin\u0119 z powrotem do Europy w celu dalszych bada\u0144. Z czasem Kanna zosta\u0142 udoskonalony w ekstrakty, kt\u00f3re s\u0105 znacznie silniejsze ni\u017c zwyk\u0142e spo\u017cywanie suszonych li\u015bci.<\/p>\n<p data-start=\"1989\" data-end=\"2499\">Aktywne zwi\u0105zki ro\u015bliny by\u0142y stopniowo izolowane, co doprowadzi\u0142o do opracowania skoncentrowanych ekstrakt\u00f3w, takich jak wersja 20x. Te nowoczesne formy Kanna s\u0105 znacznie silniejsze, pozwalaj\u0105c u\u017cytkownikom szybciej i intensywniej do\u015bwiadcza\u0107 ich efekt\u00f3w. Podczas gdy jego stosowanie by\u0142o pocz\u0105tkowo zlokalizowane w Afryce Po\u0142udniowej, globalne zainteresowanie Kanna wzros\u0142o, gdy jego korzy\u015bci sta\u0142y si\u0119 szerzej znane. Kanna jest obecnie dost\u0119pny w r\u00f3\u017cnych formach na ca\u0142ym \u015bwiecie, zapewniaj\u0105c ludziom przyst\u0119pny spos\u00f3b na poznanie jego r\u00f3\u017cnorodnych efekt\u00f3w.<\/p>\n<h2 data-start=\"2501\" data-end=\"2522\">Jak korzysta\u0107 z Kanna<\/h2>\n<p data-start=\"2523\" data-end=\"2930\">Kanna mo\u017cna stosowa\u0107 na kilka sposob\u00f3w, przy czym jedn\u0105 z najpopularniejszych metod jest picie herbaty. Ekstrakt 20x mo\u017cna zaparzy\u0107 w herbacie, z powszechn\u0105 dawk\u0105 oko\u0142o 150 mg dla umiarkowanego efektu. Metoda ta pozwala u\u017cytkownikom do\u015bwiadczy\u0107 uspokajaj\u0105cego, ale energetyzuj\u0105cego uczucia, kt\u00f3re utrzymuje si\u0119 przez wiele godzin. Ekstrakt mo\u017cna r\u00f3wnie\u017c \u017cu\u0107, tak jak robili to rdzenni mieszka\u0144cy RPA, chocia\u017c ta metoda mo\u017ce wymaga\u0107 wi\u0119cej czasu, aby pokaza\u0107 efekty.<\/p>\n<p data-start=\"2932\" data-end=\"3384\">Pi\u0119kno Kanna tkwi w jego wszechstronno\u015bci. Poniewa\u017c ekstrakt 20x jest silniejszy ni\u017c standardowy Kanna, u\u017cytkownicy mog\u0105 zacz\u0105\u0107 od niewielkich ilo\u015bci i dostosowa\u0107 dawk\u0119 w oparciu o swoje preferencje. Konieczne jest stopniowe budowanie tolerancji, aby unikn\u0105\u0107 przyt\u0142aczaj\u0105cych efekt\u00f3w. Kanna jest r\u00f3wnie\u017c dost\u0119pny w kapsu\u0142kach lub proszkach, kt\u00f3re mo\u017cna miesza\u0107 z innymi substancjami w celu wzmocnienia jego dzia\u0142ania. Wyb\u00f3r metody zale\u017cy od indywidualnych preferencji i po\u017c\u0105danych rezultat\u00f3w.<\/p>\n<p data-start=\"3386\" data-end=\"3613\">Kanna nie wywo\u0142uje halucynacji, dzi\u0119ki czemu jest odpowiedni dla os\u00f3b poszukuj\u0105cych \u0142agodnej, ale zauwa\u017calnej zmiany nastroju i energii. Zach\u0119camy do eksperymentowania, pozwalaj\u0105c u\u017cytkownikom odkry\u0107 idealn\u0105 dawk\u0119 i metod\u0119 dla ich potrzeb.<\/p>\n<h2 data-start=\"3615\" data-end=\"3640\">Sk\u0142adniki Kanna<\/h2>\n<p data-start=\"3641\" data-end=\"4016\">Sceletium Tortuosum lub Kanna zawiera kilka aktywnych zwi\u0105zk\u00f3w, kt\u00f3re przyczyniaj\u0105 si\u0119 do jego dzia\u0142ania terapeutycznego i zmieniaj\u0105cego nastr\u00f3j. Zwi\u0105zki te obejmuj\u0105 alkaloidy, takie jak mesembryna, mesembrenon i tortuozamina. Alkaloidy te znane s\u0105 ze swojej zdolno\u015bci do wp\u0142ywania na receptory serotoniny i dopaminy w m\u00f3zgu, co skutkuje efektami poprawiaj\u0105cymi nastr\u00f3j, energetyzuj\u0105cymi i uspokajaj\u0105cymi.<\/p>\n<p data-start=\"4018\" data-end=\"4395\">Ekstrakt 20x z Kanna jest skoncentrowany, co oznacza, \u017ce zawiera wy\u017csze st\u0119\u017cenie tych aktywnych zwi\u0105zk\u00f3w w por\u00f3wnaniu do suszonych li\u015bci. Sprawia to, \u017ce ekstrakt jest znacznie silniejszy, zapewniaj\u0105c silniejsze i szybsze rezultaty. Specyficzna kombinacja alkaloid\u00f3w w Kanna odpowiada za jego wyj\u0105tkow\u0105 zdolno\u015b\u0107 do poprawy nastroju i poziomu energii bez wywo\u0142ywania efekt\u00f3w psychodelicznych.<\/p>\n<p data-start=\"4397\" data-end=\"4731\">Podczas gdy Kanna by\u0142 tradycyjnie stosowany w celu zmniejszenia niepokoju, zwi\u0119kszenia relaksacji i promowania dobrego samopoczucia, uwa\u017ca si\u0119 r\u00f3wnie\u017c, \u017ce pomaga w libido. Z\u0142o\u017cona mieszanka zwi\u0105zk\u00f3w ro\u015bliny sprawia, \u017ce jest ona skuteczna w r\u00f3\u017cnych celach, oferuj\u0105c u\u017cytkownikom naturalny spos\u00f3b wspierania zdrowia psychicznego, poziomu energii i funkcji seksualnych.<\/p>\n<p data-start=\"4733\" data-end=\"4972\" data-is-last-node=\"\"><strong data-start=\"4733\" data-end=\"4744\">Ostrze\u017cenie<\/strong><br data-start=\"4744\" data-end=\"4747\" \/>Zaleca si\u0119 rozpocz\u0119cie od ma\u0142ej dawki podczas stosowania Kanna, zw\u0142aszcza ekstraktu 20x, poniewa\u017c jego si\u0142a mo\u017ce by\u0107 przyt\u0142aczaj\u0105ca dla niekt\u00f3rych os\u00f3b. Zawsze nale\u017cy monitorowa\u0107 reakcj\u0119 organizmu i w razie potrzeby stopniowo zwi\u0119ksza\u0107 dawk\u0119.<\/p>","protected":false},"excerpt":{"rendered":"<p>Sceletium Tortuosum, znany r\u00f3wnie\u017c jako Kanna, to pot\u0119\u017cny naturalny produkt o r\u00f3\u017cnych korzy\u015bciach, takich jak zwi\u0119kszona energia, zmniejszony niepok\u00f3j, poprawa wewn\u0119trznego spokoju, a nawet zwi\u0119kszone libido. Ekstrakt 20x jest 20 razy silniejszy ni\u017c standardowy Kanna, co czyni go doskona\u0142\u0105 opcj\u0105 dla os\u00f3b poszukuj\u0105cych silniejszych efekt\u00f3w.<\/p>","protected":false},"featured_media":81942,"template":"","meta":[],"product_brand":[],"product_cat":[297,391,389,385,818,397,384,625],"product_tag":[],"class_list":{"0":"post-35193","1":"product","2":"type-product","3":"status-publish","4":"has-post-thumbnail","6":"product_cat-all-products","7":"product_cat-extracts","8":"product_cat-herbs","9":"product_cat-kanna","10":"product_cat-mcmystic","11":"product_cat-party","12":"product_cat-smartshop","13":"product_cat-smartshop-top-10","15":"first","16":"instock","17":"taxable","18":"shipping-taxable","19":"purchasable","20":"product-type-variable","21":"has-default-attributes"},"_links":{"self":[{"href":"https:\/\/www.headshop.nl\/pl\/wp-json\/wp\/v2\/product\/35193","targetHints":{"allow":["GET"]}}],"collection":[{"href":"https:\/\/www.headshop.nl\/pl\/wp-json\/wp\/v2\/product"}],"about":[{"href":"https:\/\/www.headshop.nl\/pl\/wp-json\/wp\/v2\/types\/product"}],"wp:featuredmedia":[{"embeddable":true,"href":"https:\/\/www.headshop.nl\/pl\/wp-json\/wp\/v2\/media\/81942"}],"wp:attachment":[{"href":"https:\/\/www.headshop.nl\/pl\/wp-json\/wp\/v2\/media?parent=35193"}],"wp:term":[{"taxonomy":"product_brand","embeddable":true,"href":"https:\/\/www.headshop.nl\/pl\/wp-json\/wp\/v2\/product_brand?post=35193"},{"taxonomy":"product_cat","embeddable":true,"href":"https:\/\/www.headshop.nl\/pl\/wp-json\/wp\/v2\/product_cat?post=35193"},{"taxonomy":"product_tag","embeddable":true,"href":"https:\/\/www.headshop.nl\/pl\/wp-json\/wp\/v2\/product_tag?post=35193"}],"curies":[{"name":"wp","href":"https:\/\/api.w.org\/{rel}","templated":true}]}}