{"id":32398,"date":"2020-02-11T01:48:20","date_gmt":"2020-02-11T01:48:20","guid":{"rendered":"https:\/\/headshop.nl\/?post_type=product&#038;p=32398"},"modified":"2024-09-17T11:01:58","modified_gmt":"2024-09-17T11:01:58","slug":"juicy-jay-strawberry-kiwi-papers","status":"publish","type":"product","link":"https:\/\/www.headshop.nl\/pl\/juicy-jay-strawberry-kiwi-papers\/","title":{"rendered":"JUICY JAY, Strawberry &amp; Kiwi Papers"},"content":{"rendered":"","protected":false},"excerpt":{"rendered":"<p>Bibu\u0142ki Juicy Jay o smaku Strawberry Kiwi smakuj\u0105 jak truskawkowy koktajl kiwi. Wsyp legalne zio\u0142a i pal!<\/p>","protected":false},"featured_media":32401,"template":"","meta":[],"product_brand":[],"product_cat":[297,627,446,421],"product_tag":[],"class_list":{"0":"post-32398","1":"product","2":"type-product","3":"status-publish","4":"has-post-thumbnail","6":"product_cat-all-products","7":"product_cat-headshop-top-10","8":"product_cat-papers","9":"product_cat-rolling-papers","10":"product_shipping_class-creditcard-on","12":"first","13":"instock","14":"taxable","15":"shipping-taxable","16":"purchasable","17":"product-type-variable","18":"has-default-attributes"},"_links":{"self":[{"href":"https:\/\/www.headshop.nl\/pl\/wp-json\/wp\/v2\/product\/32398","targetHints":{"allow":["GET"]}}],"collection":[{"href":"https:\/\/www.headshop.nl\/pl\/wp-json\/wp\/v2\/product"}],"about":[{"href":"https:\/\/www.headshop.nl\/pl\/wp-json\/wp\/v2\/types\/product"}],"wp:featuredmedia":[{"embeddable":true,"href":"https:\/\/www.headshop.nl\/pl\/wp-json\/wp\/v2\/media\/32401"}],"wp:attachment":[{"href":"https:\/\/www.headshop.nl\/pl\/wp-json\/wp\/v2\/media?parent=32398"}],"wp:term":[{"taxonomy":"product_brand","embeddable":true,"href":"https:\/\/www.headshop.nl\/pl\/wp-json\/wp\/v2\/product_brand?post=32398"},{"taxonomy":"product_cat","embeddable":true,"href":"https:\/\/www.headshop.nl\/pl\/wp-json\/wp\/v2\/product_cat?post=32398"},{"taxonomy":"product_tag","embeddable":true,"href":"https:\/\/www.headshop.nl\/pl\/wp-json\/wp\/v2\/product_tag?post=32398"}],"curies":[{"name":"wp","href":"https:\/\/api.w.org\/{rel}","templated":true}]}}