{"id":32393,"date":"2020-02-11T01:43:17","date_gmt":"2020-02-11T01:43:17","guid":{"rendered":"https:\/\/headshop.nl\/?post_type=product&#038;p=32393"},"modified":"2024-09-17T11:01:59","modified_gmt":"2024-09-17T11:01:59","slug":"juicy-jay-mello-mango-papers","status":"publish","type":"product","link":"https:\/\/www.headshop.nl\/pl\/juicy-jay-mello-mango-papers\/","title":{"rendered":"JUICY JAY, Mello Mango Papers"},"content":{"rendered":"","protected":false},"excerpt":{"rendered":"<p>Te bibu\u0142ki Juicy Jay's Mello o smaku mango s\u0105 gotowe do zwijania przy u\u017cyciu najlepszych legalnych zi\u00f3\u0142 do palenia. Stw\u00f3rz niesamowite fajki z tych bibu\u0142ek i mo\u017ce podaruj kilka znajomym. Ale zachowaj troch\u0119 dla siebie, zas\u0142ugujesz na to.<\/p>","protected":false},"featured_media":32396,"template":"","meta":[],"product_brand":[],"product_cat":[297,446,421],"product_tag":[],"class_list":{"0":"post-32393","1":"product","2":"type-product","3":"status-publish","4":"has-post-thumbnail","6":"product_cat-all-products","7":"product_cat-papers","8":"product_cat-rolling-papers","9":"product_shipping_class-creditcard-on","11":"first","12":"instock","13":"taxable","14":"shipping-taxable","15":"purchasable","16":"product-type-variable","17":"has-default-attributes"},"_links":{"self":[{"href":"https:\/\/www.headshop.nl\/pl\/wp-json\/wp\/v2\/product\/32393","targetHints":{"allow":["GET"]}}],"collection":[{"href":"https:\/\/www.headshop.nl\/pl\/wp-json\/wp\/v2\/product"}],"about":[{"href":"https:\/\/www.headshop.nl\/pl\/wp-json\/wp\/v2\/types\/product"}],"wp:featuredmedia":[{"embeddable":true,"href":"https:\/\/www.headshop.nl\/pl\/wp-json\/wp\/v2\/media\/32396"}],"wp:attachment":[{"href":"https:\/\/www.headshop.nl\/pl\/wp-json\/wp\/v2\/media?parent=32393"}],"wp:term":[{"taxonomy":"product_brand","embeddable":true,"href":"https:\/\/www.headshop.nl\/pl\/wp-json\/wp\/v2\/product_brand?post=32393"},{"taxonomy":"product_cat","embeddable":true,"href":"https:\/\/www.headshop.nl\/pl\/wp-json\/wp\/v2\/product_cat?post=32393"},{"taxonomy":"product_tag","embeddable":true,"href":"https:\/\/www.headshop.nl\/pl\/wp-json\/wp\/v2\/product_tag?post=32393"}],"curies":[{"name":"wp","href":"https:\/\/api.w.org\/{rel}","templated":true}]}}