{"id":32383,"date":"2020-02-11T01:30:15","date_gmt":"2020-02-11T01:30:15","guid":{"rendered":"https:\/\/headshop.nl\/?post_type=product&#038;p=32383"},"modified":"2024-09-17T11:02:00","modified_gmt":"2024-09-17T11:02:00","slug":"juicy-jay-green-apple-papers","status":"publish","type":"product","link":"https:\/\/www.headshop.nl\/pl\/juicy-jay-green-apple-papers\/","title":{"rendered":"JUICY JAY, Green Apple Papers"},"content":{"rendered":"","protected":false},"excerpt":{"rendered":"<p>Te bibu\u0142ki Juicy Jay's Green Apple s\u0105 idealne do \u0142\u0105czenia z najlepszymi zio\u0142ami do legalnego palenia. Zroluj sw\u00f3j wype\u0142niacz w te bibu\u0142ki i przygotuj si\u0119 na niesamowity dym z nutami soczystych jab\u0142ek, kt\u00f3re uzupe\u0142niaj\u0105 zio\u0142owy wype\u0142niacz.<\/p>","protected":false},"featured_media":32386,"template":"","meta":[],"product_brand":[],"product_cat":[297,446,421],"product_tag":[],"class_list":{"0":"post-32383","1":"product","2":"type-product","3":"status-publish","4":"has-post-thumbnail","6":"product_cat-all-products","7":"product_cat-papers","8":"product_cat-rolling-papers","9":"product_shipping_class-creditcard-on","11":"first","12":"instock","13":"taxable","14":"shipping-taxable","15":"purchasable","16":"product-type-variable","17":"has-default-attributes"},"_links":{"self":[{"href":"https:\/\/www.headshop.nl\/pl\/wp-json\/wp\/v2\/product\/32383","targetHints":{"allow":["GET"]}}],"collection":[{"href":"https:\/\/www.headshop.nl\/pl\/wp-json\/wp\/v2\/product"}],"about":[{"href":"https:\/\/www.headshop.nl\/pl\/wp-json\/wp\/v2\/types\/product"}],"wp:featuredmedia":[{"embeddable":true,"href":"https:\/\/www.headshop.nl\/pl\/wp-json\/wp\/v2\/media\/32386"}],"wp:attachment":[{"href":"https:\/\/www.headshop.nl\/pl\/wp-json\/wp\/v2\/media?parent=32383"}],"wp:term":[{"taxonomy":"product_brand","embeddable":true,"href":"https:\/\/www.headshop.nl\/pl\/wp-json\/wp\/v2\/product_brand?post=32383"},{"taxonomy":"product_cat","embeddable":true,"href":"https:\/\/www.headshop.nl\/pl\/wp-json\/wp\/v2\/product_cat?post=32383"},{"taxonomy":"product_tag","embeddable":true,"href":"https:\/\/www.headshop.nl\/pl\/wp-json\/wp\/v2\/product_tag?post=32383"}],"curies":[{"name":"wp","href":"https:\/\/api.w.org\/{rel}","templated":true}]}}