{"id":32373,"date":"2020-02-11T01:20:46","date_gmt":"2020-02-11T01:20:46","guid":{"rendered":"https:\/\/headshop.nl\/?post_type=product&#038;p=32373"},"modified":"2024-09-17T11:02:02","modified_gmt":"2024-09-17T11:02:02","slug":"juicy-jay-bubblegum-papers","status":"publish","type":"product","link":"https:\/\/www.headshop.nl\/pl\/juicy-jay-bubblegum-papers\/","title":{"rendered":"JUICY JAY, Bubblegum Papers"},"content":{"rendered":"","protected":false},"excerpt":{"rendered":"<p>Wzmocnij smak swoich legalnie palonych zi\u00f3\u0142 dzi\u0119ki bibu\u0142kom Juicy Jay's Bubblegum. Aromatyzowane jak nowa paczka s\u0142odkich gum balonowych, te bibu\u0142ki stworz\u0105 wyj\u0105tkowe doznania w po\u0142\u0105czeniu z r\u0119cznie dobranym wype\u0142niaczem.<\/p>","protected":false},"featured_media":32376,"template":"","meta":[],"product_brand":[],"product_cat":[297,627,446,421],"product_tag":[],"class_list":{"0":"post-32373","1":"product","2":"type-product","3":"status-publish","4":"has-post-thumbnail","6":"product_cat-all-products","7":"product_cat-headshop-top-10","8":"product_cat-papers","9":"product_cat-rolling-papers","10":"product_shipping_class-creditcard-on","12":"first","13":"instock","14":"taxable","15":"shipping-taxable","16":"purchasable","17":"product-type-variable","18":"has-default-attributes"},"_links":{"self":[{"href":"https:\/\/www.headshop.nl\/pl\/wp-json\/wp\/v2\/product\/32373","targetHints":{"allow":["GET"]}}],"collection":[{"href":"https:\/\/www.headshop.nl\/pl\/wp-json\/wp\/v2\/product"}],"about":[{"href":"https:\/\/www.headshop.nl\/pl\/wp-json\/wp\/v2\/types\/product"}],"wp:featuredmedia":[{"embeddable":true,"href":"https:\/\/www.headshop.nl\/pl\/wp-json\/wp\/v2\/media\/32376"}],"wp:attachment":[{"href":"https:\/\/www.headshop.nl\/pl\/wp-json\/wp\/v2\/media?parent=32373"}],"wp:term":[{"taxonomy":"product_brand","embeddable":true,"href":"https:\/\/www.headshop.nl\/pl\/wp-json\/wp\/v2\/product_brand?post=32373"},{"taxonomy":"product_cat","embeddable":true,"href":"https:\/\/www.headshop.nl\/pl\/wp-json\/wp\/v2\/product_cat?post=32373"},{"taxonomy":"product_tag","embeddable":true,"href":"https:\/\/www.headshop.nl\/pl\/wp-json\/wp\/v2\/product_tag?post=32373"}],"curies":[{"name":"wp","href":"https:\/\/api.w.org\/{rel}","templated":true}]}}