{"id":29916,"date":"2019-12-31T00:33:03","date_gmt":"2019-12-31T00:33:03","guid":{"rendered":"https:\/\/headshop.nl\/?post_type=product&#038;p=29916"},"modified":"2024-09-17T11:02:04","modified_gmt":"2024-09-17T11:02:04","slug":"slx-silver-grinder-non-stick","status":"publish","type":"product","link":"https:\/\/www.headshop.nl\/pl\/slx-silver-grinder-non-stick\/","title":{"rendered":"SLX Srebrny Grinder Nieprzywieraj\u0105cy"},"content":{"rendered":"<h2>SLX Grey Silver Non-Stick<\/h2>\n<p>Aluminium klasy lotniczej Obrabiane z aluminium 7075 T6, aby zapobiec gwintowaniu krzy\u017cowemu, wygi\u0119ciu i z\u0142amaniu z\u0119b\u00f3w lub innym uszkodzeniom. Wi\u0119kszo\u015b\u0107 m\u0142ynk\u00f3w jest wykonana ze s\u0142abszego aluminium serii 6. Seria 7 jest dro\u017csza w obr\u00f3bce, ale zapewnia trwa\u0142o\u015b\u0107 m\u0142ynka do zi\u00f3\u0142 SLX.<\/p>\n<p><strong>Dost\u0119pne w rozmiarze kieszonkowym 50,8 mm i domowym 62 mm.<\/strong><\/p>","protected":false},"excerpt":{"rendered":"<p>Nieprzywieraj\u0105ca pow\u0142oka Ceramic SLX Wersja 2.0 jest pokryta wewn\u0105trz i na zewn\u0105trz nasz\u0105 opatentowan\u0105 ceramik\u0105 non-stick. Ka\u017cda warga, ka\u017cdy z\u0105b - nawet komora py\u0142kowa. <\/p>\n<p>Nigdy si\u0119 nie klei, nie wymaga czyszczenia, jest nietoksyczny 100% i nie pali si\u0119 ani nie uwalnia \u017cadnych szkodliwych chemikali\u00f3w. <strong>Dost\u0119pne w rozmiarze kieszonkowym 50,8 mm i domowym 62 mm.<\/strong><\/p>","protected":false},"featured_media":29921,"template":"","meta":[],"product_brand":[],"product_cat":[440,297,420,414,437],"product_tag":[],"class_list":{"0":"post-29916","1":"product","2":"type-product","3":"status-publish","4":"has-post-thumbnail","6":"product_cat-4-part-grinders","7":"product_cat-all-products","8":"product_cat-grinders","9":"product_cat-headshop","10":"product_cat-metal","11":"product_shipping_class-creditcard-on","13":"first","14":"instock","15":"taxable","16":"shipping-taxable","17":"purchasable","18":"product-type-variable","19":"has-default-attributes"},"_links":{"self":[{"href":"https:\/\/www.headshop.nl\/pl\/wp-json\/wp\/v2\/product\/29916","targetHints":{"allow":["GET"]}}],"collection":[{"href":"https:\/\/www.headshop.nl\/pl\/wp-json\/wp\/v2\/product"}],"about":[{"href":"https:\/\/www.headshop.nl\/pl\/wp-json\/wp\/v2\/types\/product"}],"wp:featuredmedia":[{"embeddable":true,"href":"https:\/\/www.headshop.nl\/pl\/wp-json\/wp\/v2\/media\/29921"}],"wp:attachment":[{"href":"https:\/\/www.headshop.nl\/pl\/wp-json\/wp\/v2\/media?parent=29916"}],"wp:term":[{"taxonomy":"product_brand","embeddable":true,"href":"https:\/\/www.headshop.nl\/pl\/wp-json\/wp\/v2\/product_brand?post=29916"},{"taxonomy":"product_cat","embeddable":true,"href":"https:\/\/www.headshop.nl\/pl\/wp-json\/wp\/v2\/product_cat?post=29916"},{"taxonomy":"product_tag","embeddable":true,"href":"https:\/\/www.headshop.nl\/pl\/wp-json\/wp\/v2\/product_tag?post=29916"}],"curies":[{"name":"wp","href":"https:\/\/api.w.org\/{rel}","templated":true}]}}