{"id":29766,"date":"2019-12-30T19:07:25","date_gmt":"2019-12-30T19:07:25","guid":{"rendered":"https:\/\/headshop.nl\/?post_type=product&#038;p=29766"},"modified":"2024-09-17T11:02:18","modified_gmt":"2024-09-17T11:02:18","slug":"headshop-colored-grinder","status":"publish","type":"product","link":"https:\/\/www.headshop.nl\/pl\/headshop-colored-grinder\/","title":{"rendered":"Headshop Kolorowy Grinder"},"content":{"rendered":"<h2>Headshop Kolorowy Grinder<\/h2>\n<p>4-cz\u0119\u015bciowy metalowy m\u0142ynek The Headshop jest wykonany z wysokiej jako\u015bci anodyzowanego aluminium, obrabianego CNC w celu stworzenia komory mielenia z ostrymi jak brzytwa z\u0119bami w kszta\u0142cie diamentu. Zapobiega to zgniataniu lub ubijaniu zi\u00f3\u0142, nawet gdy s\u0105 wilgotne, i zapewnia, \u017ce tylko drobno rozdrobnione zio\u0142a spadaj\u0105 do komory wy\u0142apuj\u0105cej poni\u017cej.<\/p>\n<p>Poni\u017cej pocz\u0105tkowej komory wychwytuj\u0105cej znajduje si\u0119 dodatkowa sekcja, oddzielona filtrem o drobnych oczkach, w kt\u00f3rej gromadzone s\u0105 kryszta\u0142y. Sekcj\u0119 t\u0119 mo\u017cna w razie potrzeby usun\u0105\u0107, aby przekszta\u0142ci\u0107 m\u0142ynek w trzycz\u0119\u015bciowy, bardziej smuk\u0142y model.<\/p>\n<p>Pokrywa jest wyposa\u017cona w silny magnes, kt\u00f3ry zabezpiecza j\u0105 podczas przenoszenia, a w\u0105ski rozmiar sprawia, \u017ce jest bardziej przeno\u015bna. Wygrawerowane laserowo logo Headshop sprawia, \u017ce jest to dobrze wygl\u0105daj\u0105cy i funkcjonalny dodatek do zestawu narz\u0119dzi ka\u017cdego palacza, kt\u00f3ry b\u0119dzie s\u0142u\u017cy\u0142 przez lata.<\/p>","protected":false},"excerpt":{"rendered":"<p>Je\u015bli szukasz ma\u0142ego i fajnego m\u0142ynka Headshop lub planujesz u\u017cywa\u0107 go do ma\u0142ych ilo\u015bci zi\u00f3\u0142, jest to \u015bwietny wyb\u00f3r dla m\u0142ynka 40 mm.<\/p>","protected":false},"featured_media":29767,"template":"","meta":[],"product_brand":[],"product_cat":[440,297,420,414,437],"product_tag":[],"class_list":{"0":"post-29766","1":"product","2":"type-product","3":"status-publish","4":"has-post-thumbnail","6":"product_cat-4-part-grinders","7":"product_cat-all-products","8":"product_cat-grinders","9":"product_cat-headshop","10":"product_cat-metal","11":"product_shipping_class-creditcard-on","13":"first","14":"instock","15":"taxable","16":"shipping-taxable","17":"purchasable","18":"product-type-simple"},"_links":{"self":[{"href":"https:\/\/www.headshop.nl\/pl\/wp-json\/wp\/v2\/product\/29766","targetHints":{"allow":["GET"]}}],"collection":[{"href":"https:\/\/www.headshop.nl\/pl\/wp-json\/wp\/v2\/product"}],"about":[{"href":"https:\/\/www.headshop.nl\/pl\/wp-json\/wp\/v2\/types\/product"}],"wp:featuredmedia":[{"embeddable":true,"href":"https:\/\/www.headshop.nl\/pl\/wp-json\/wp\/v2\/media\/29767"}],"wp:attachment":[{"href":"https:\/\/www.headshop.nl\/pl\/wp-json\/wp\/v2\/media?parent=29766"}],"wp:term":[{"taxonomy":"product_brand","embeddable":true,"href":"https:\/\/www.headshop.nl\/pl\/wp-json\/wp\/v2\/product_brand?post=29766"},{"taxonomy":"product_cat","embeddable":true,"href":"https:\/\/www.headshop.nl\/pl\/wp-json\/wp\/v2\/product_cat?post=29766"},{"taxonomy":"product_tag","embeddable":true,"href":"https:\/\/www.headshop.nl\/pl\/wp-json\/wp\/v2\/product_tag?post=29766"}],"curies":[{"name":"wp","href":"https:\/\/api.w.org\/{rel}","templated":true}]}}