{"id":29687,"date":"2019-12-30T16:01:57","date_gmt":"2019-12-30T16:01:57","guid":{"rendered":"https:\/\/headshop.nl\/?post_type=product&#038;p=29687"},"modified":"2024-09-17T10:49:14","modified_gmt":"2024-09-17T10:49:14","slug":"juicy-jones-blueberry-cones","status":"publish","type":"product","link":"https:\/\/www.headshop.nl\/pl\/juicy-jones-blueberry-cones\/","title":{"rendered":"Juicy Jones Blueberry Cones"},"content":{"rendered":"<h2>Juicy Jones Blueberry<\/h2>\n<p>W twardej tubie znajduj\u0105 si\u0119 2 \u015bwietnie smakuj\u0105ce wst\u0119pnie zwini\u0119te sto\u017cki z nadrukiem Blueberry i jedna ko\u0144c\u00f3wka Dank 7 wielokrotnego u\u017cytku.  Opakowanie zapewnia, \u017ce wszystko to pozostaje w doskona\u0142ym stanie, a zakr\u0119cane wieczko blokuje smak p\u0119kaj\u0105cych jag\u00f3d.<\/p>\n<p>Dank 7 Tip oznacza, \u017ce zosta\u0142y pozostawione na ca\u0142e 7 dni, aby nasi\u0105kn\u0105\u0107 indywidualnym smakiem, kt\u00f3ry kupujesz.<\/p>","protected":false},"excerpt":{"rendered":"<p>Juicy Jays Jones Blueberry Cones to smaczne wst\u0119pnie zwini\u0119te sto\u017cki, dzi\u0119ki potr\u00f3jnemu systemowi zanurzania stosowanemu przez Juicy Jay's, kt\u00f3ry zapewnia pe\u0142ne doznania smakowe.<\/p>","protected":false},"featured_media":29688,"template":"","meta":[],"product_brand":[],"product_cat":[297,483,421],"product_tag":[],"class_list":{"0":"post-29687","1":"product","2":"type-product","3":"status-publish","4":"has-post-thumbnail","6":"product_cat-all-products","7":"product_cat-cones","8":"product_cat-rolling-papers","9":"product_shipping_class-creditcard-on","11":"first","12":"instock","13":"taxable","14":"shipping-taxable","15":"purchasable","16":"product-type-simple"},"_links":{"self":[{"href":"https:\/\/www.headshop.nl\/pl\/wp-json\/wp\/v2\/product\/29687","targetHints":{"allow":["GET"]}}],"collection":[{"href":"https:\/\/www.headshop.nl\/pl\/wp-json\/wp\/v2\/product"}],"about":[{"href":"https:\/\/www.headshop.nl\/pl\/wp-json\/wp\/v2\/types\/product"}],"wp:featuredmedia":[{"embeddable":true,"href":"https:\/\/www.headshop.nl\/pl\/wp-json\/wp\/v2\/media\/29688"}],"wp:attachment":[{"href":"https:\/\/www.headshop.nl\/pl\/wp-json\/wp\/v2\/media?parent=29687"}],"wp:term":[{"taxonomy":"product_brand","embeddable":true,"href":"https:\/\/www.headshop.nl\/pl\/wp-json\/wp\/v2\/product_brand?post=29687"},{"taxonomy":"product_cat","embeddable":true,"href":"https:\/\/www.headshop.nl\/pl\/wp-json\/wp\/v2\/product_cat?post=29687"},{"taxonomy":"product_tag","embeddable":true,"href":"https:\/\/www.headshop.nl\/pl\/wp-json\/wp\/v2\/product_tag?post=29687"}],"curies":[{"name":"wp","href":"https:\/\/api.w.org\/{rel}","templated":true}]}}