{"id":12397,"date":"2018-02-26T12:16:37","date_gmt":"2018-02-26T12:16:37","guid":{"rendered":"http:\/\/headshop.nl\/?post_type=product&#038;p=12397"},"modified":"2024-09-17T10:49:26","modified_gmt":"2024-09-17T10:49:26","slug":"solinder-grinder-orange","status":"publish","type":"product","link":"https:\/\/www.headshop.nl\/pl\/solinder-grinder-orange\/","title":{"rendered":"Solinder Grinder, pomara\u0144czowy"},"content":{"rendered":"<h2>Solinder Grinder, pomara\u0144czowy<\/h2>\n<p><span style=\"color: #000000;\">W ostatnich latach nie spos\u00f3b przeoczy\u0107 Solinder: M\u0142ynek z perfekcyjnym wyko\u0144czeniem, kt\u00f3ry oferuje szlifowanie o niepor\u00f3wnywalnej jako\u015bci. Jego konstrukcja jest nieco bardziej stonowana ni\u017c Thorinder, ale wykonuje t\u0119 sam\u0105 prac\u0119. Z\u0119by maj\u0105 kszta\u0142t p\u0142etwy rekina, podobnie jak jego poprzednik.<\/span><\/p>\n<p><span style=\"color: #000000;\">Sk\u0142ada si\u0119 z 4 cz\u0119\u015bci i jest dostarczany w pude\u0142ku ze szpatu\u0142k\u0105 do odzyskiwania cz\u0105stek.<\/span><\/p>","protected":false},"excerpt":{"rendered":"<div class=\"price-wrapper\"><span style=\"color: #000000;\">Ten m\u0142ynek Orange Solinder mo\u017ce ci co\u015b przypomina\u0107 dzi\u0119ki nienagannemu wyko\u0144czeniu i charakterystycznemu logo. Oto nowy model tej marki. Solinder jest wykonany z anodyzowanego aluminium, kt\u00f3re sprawi, \u017ce zaniem\u00f3wisz!<\/span><\/div>","protected":false},"featured_media":12191,"template":"","meta":[],"product_brand":[],"product_cat":[440,297,420,414,437],"product_tag":[],"class_list":{"0":"post-12397","1":"product","2":"type-product","3":"status-publish","4":"has-post-thumbnail","6":"product_cat-4-part-grinders","7":"product_cat-all-products","8":"product_cat-grinders","9":"product_cat-headshop","10":"product_cat-metal","11":"product_shipping_class-creditcard-on","13":"first","14":"instock","15":"taxable","16":"shipping-taxable","17":"purchasable","18":"product-type-simple"},"_links":{"self":[{"href":"https:\/\/www.headshop.nl\/pl\/wp-json\/wp\/v2\/product\/12397","targetHints":{"allow":["GET"]}}],"collection":[{"href":"https:\/\/www.headshop.nl\/pl\/wp-json\/wp\/v2\/product"}],"about":[{"href":"https:\/\/www.headshop.nl\/pl\/wp-json\/wp\/v2\/types\/product"}],"wp:featuredmedia":[{"embeddable":true,"href":"https:\/\/www.headshop.nl\/pl\/wp-json\/wp\/v2\/media\/12191"}],"wp:attachment":[{"href":"https:\/\/www.headshop.nl\/pl\/wp-json\/wp\/v2\/media?parent=12397"}],"wp:term":[{"taxonomy":"product_brand","embeddable":true,"href":"https:\/\/www.headshop.nl\/pl\/wp-json\/wp\/v2\/product_brand?post=12397"},{"taxonomy":"product_cat","embeddable":true,"href":"https:\/\/www.headshop.nl\/pl\/wp-json\/wp\/v2\/product_cat?post=12397"},{"taxonomy":"product_tag","embeddable":true,"href":"https:\/\/www.headshop.nl\/pl\/wp-json\/wp\/v2\/product_tag?post=12397"}],"curies":[{"name":"wp","href":"https:\/\/api.w.org\/{rel}","templated":true}]}}