{"id":11817,"date":"2018-02-19T20:51:05","date_gmt":"2018-02-19T20:51:05","guid":{"rendered":"http:\/\/headshop.nl\/?post_type=product&#038;p=11817"},"modified":"2024-09-17T10:49:27","modified_gmt":"2024-09-17T10:49:27","slug":"triton-t3-shockproof-scale","status":"publish","type":"product","link":"https:\/\/www.headshop.nl\/pl\/triton-t3-shockproof-scale\/","title":{"rendered":"Odporna na wstrz\u0105sy waga Triton T3"},"content":{"rendered":"<h2>Odporna na wstrz\u0105sy waga Triton T3<\/h2>\n<p><span style=\"color: #000000;\">Ta twarda pokrywa ochronna doskonale nadaje si\u0119 do zabezpieczenia wagi, gdy jej nie u\u017cywasz... i mo\u017ce s\u0142u\u017cy\u0107 jako \u0142adna taca do wa\u017cenia. Poniewa\u017c ma kraw\u0119dzie, mo\u017cna wa\u017cy\u0107 wszelkiego rodzaju rzeczy, kt\u00f3re normalnie spad\u0142yby bezpo\u015brednio z platformy.<\/span><\/p>\n<p><span style=\"color: #000000;\">W ramach serii oferuje r\u00f3\u017cne pojemno\u015bci i rozdzielczo\u015bci, aby spe\u0142ni\u0107 wszystkie wymagania.<\/span><\/p>\n<p><span style=\"color: #000000;\">Idealna dla os\u00f3b, kt\u00f3re stale upuszczaj\u0105 lub nadu\u017cywaj\u0105 wagi. Dodatkowe standardowe funkcje obejmuj\u0105 zdejmowan\u0105 pokryw\u0119 ochronn\u0105, zasilanie bateryjne (bateriami AAA).<br \/><\/span><\/p>\n<table style=\"height: 223px;\" border=\"1\" width=\"490\" cellspacing=\"0\" cellpadding=\"2\">\n<tbody>\n<tr>\n<td><span style=\"color: #000000;\"><b>\u00a0 Moc<\/b><\/span><\/td>\n<td>\u00a0<span style=\"color: #000000;\">2 baterie AAA (w zestawie)<\/span><\/td>\n<\/tr>\n<tr>\n<td><b>\u00a0 <span style=\"color: #000000;\">Wy\u015bwietlacz<\/span><\/b><\/td>\n<td>\u00a0<span style=\"color: #000000;\">Pod\u015bwietlany wy\u015bwietlacz LCD<\/span><\/td>\n<\/tr>\n<tr>\n<td><b>\u00a0 <span style=\"color: #000000;\">Funkcja tarowania<\/span><\/b><\/td>\n<td>\u00a0<span style=\"color: #000000;\">Tak<\/span><\/td>\n<\/tr>\n<tr>\n<td><span style=\"color: #000000;\"><b>\u00a0 Kalibracja<br \/><\/b><\/span><\/td>\n<td><span style=\"color: #000000;\">\u00a0Tak<\/span><\/td>\n<\/tr>\n<tr>\n<td><span style=\"color: #000000;\"><b>\u00a0 Funkcja liczenia<\/b><\/span><\/td>\n<td><span style=\"color: #000000;\">\u00a0Nie<\/span><\/td>\n<\/tr>\n<tr>\n<td><b>\u00a0 <span style=\"color: #000000;\">Rozmiar platformy<\/span><\/b><\/td>\n<td>\u00a0<span style=\"color: #000000;\">2.25\u2033 x 3.125\u2033<\/span><\/td>\n<\/tr>\n<tr>\n<td><span style=\"color: #000000;\"><b>\u00a0 Rozmiar skali<\/b><\/span><\/td>\n<td>\u00a0<span style=\"color: #000000;\">5,5\u2033 x 3,25\u2033 x 1\u2033<\/span><\/td>\n<\/tr>\n<tr>\n<td><span style=\"color: #000000;\"><b>\u00a0 Tryby wa\u017cenia<\/b><\/span><\/td>\n<td>\u00a0<span style=\"color: #000000;\">6<\/span><\/td>\n<\/tr>\n<\/tbody>\n<\/table>","protected":false},"excerpt":{"rendered":"<div class=\"wpb_wrapper\"><span style=\"color: #000000;\">Waga cyfrowa Triton T3 to wytrzyma\u0142a waga! Jej unikalna konstrukcja obejmuje w pe\u0142ni wy\u015bcie\u0142an\u0105 gumow\u0105 obudow\u0119 zewn\u0119trzn\u0105. Wszystkie wewn\u0119trzne elementy zosta\u0142y wzmocnione i zamontowane w spos\u00f3b odporny na wstrz\u0105sy. W rezultacie cyfrowa waga kieszonkowa jest mocniejsza ni\u017c jakakolwiek inna na \u015bwiecie.<\/span><\/div>","protected":false},"featured_media":13422,"template":"","meta":[],"product_brand":[],"product_cat":[297,414,627,418],"product_tag":[],"class_list":{"0":"post-11817","1":"product","2":"type-product","3":"status-publish","4":"has-post-thumbnail","6":"product_cat-all-products","7":"product_cat-headshop","8":"product_cat-headshop-top-10","9":"product_cat-scales","10":"product_shipping_class-creditcard-on","12":"first","13":"instock","14":"taxable","15":"shipping-taxable","16":"purchasable","17":"product-type-simple"},"_links":{"self":[{"href":"https:\/\/www.headshop.nl\/pl\/wp-json\/wp\/v2\/product\/11817","targetHints":{"allow":["GET"]}}],"collection":[{"href":"https:\/\/www.headshop.nl\/pl\/wp-json\/wp\/v2\/product"}],"about":[{"href":"https:\/\/www.headshop.nl\/pl\/wp-json\/wp\/v2\/types\/product"}],"wp:featuredmedia":[{"embeddable":true,"href":"https:\/\/www.headshop.nl\/pl\/wp-json\/wp\/v2\/media\/13422"}],"wp:attachment":[{"href":"https:\/\/www.headshop.nl\/pl\/wp-json\/wp\/v2\/media?parent=11817"}],"wp:term":[{"taxonomy":"product_brand","embeddable":true,"href":"https:\/\/www.headshop.nl\/pl\/wp-json\/wp\/v2\/product_brand?post=11817"},{"taxonomy":"product_cat","embeddable":true,"href":"https:\/\/www.headshop.nl\/pl\/wp-json\/wp\/v2\/product_cat?post=11817"},{"taxonomy":"product_tag","embeddable":true,"href":"https:\/\/www.headshop.nl\/pl\/wp-json\/wp\/v2\/product_tag?post=11817"}],"curies":[{"name":"wp","href":"https:\/\/api.w.org\/{rel}","templated":true}]}}