{"id":11797,"date":"2018-02-19T19:17:20","date_gmt":"2018-02-19T19:17:20","guid":{"rendered":"http:\/\/headshop.nl\/?post_type=product&#038;p=11797"},"modified":"2024-09-17T10:49:27","modified_gmt":"2024-09-17T10:49:27","slug":"on-balance-square-ss-100-scale","status":"publish","type":"product","link":"https:\/\/www.headshop.nl\/pl\/on-balance-square-ss-100-scale\/","title":{"rendered":"On Balance, skala SS-100"},"content":{"rendered":"<h2>Specyfikacje<\/h2>\n<table border=\"1\" width=\"490\" cellspacing=\"0\" cellpadding=\"2\">\n<tbody>\n<tr>\n<td><span style=\"color: #000000;\"><strong>\u00a0 Maksymalna waga:<br \/>\n<\/strong><\/span><\/td>\n<td><span style=\"color: #000000;\">\u00a0100 gram\u00f3w<\/span><\/td>\n<\/tr>\n<tr>\n<td><span style=\"color: #000000;\"><strong>\u00a0 Dok\u0142adno\u015b\u0107:<br \/>\n<\/strong><\/span><\/td>\n<td><span style=\"color: #000000;\">\u00a00,01 grama<\/span><\/td>\n<\/tr>\n<tr>\n<td><span style=\"color: #000000;\"><strong>\u00a0 Stal nierdzewna:<br \/>\n<\/strong><\/span><\/td>\n<td><span style=\"color: #000000;\">\u00a0Platforma<\/span><\/td>\n<\/tr>\n<tr>\n<td><span style=\"color: #000000;\"><b>\u00a0 4 jednostki:<\/b><\/span><\/td>\n<td><span style=\"color: #000000;\">\u00a0(g, oz, dwt, ozt)<\/span><\/td>\n<\/tr>\n<tr>\n<td><span style=\"color: #000000;\"><strong>\u00a0 Wraz z bateriami<br \/>\n<\/strong><\/span><\/td>\n<td><span style=\"color: #000000;\">\u00a0(2 x CR2032)<\/span><\/td>\n<\/tr>\n<tr>\n<td><span style=\"color: #000000;\"><strong>\u00a0 Wy\u015bwietlacz LCD:<br \/>\n<\/strong><\/span><\/td>\n<td><span style=\"color: #000000;\">\u00a0Tak<\/span><\/td>\n<\/tr>\n<tr>\n<td><span style=\"color: #000000;\"><strong>\u00a0 Pod\u015bwietlenie:<br \/>\n<\/strong><\/span><\/td>\n<td><span style=\"color: #000000;\">\u00a0Tak<\/span><\/td>\n<\/tr>\n<tr>\n<td><span style=\"color: #000000;\"><b>\u00a0 Funkcja tarowania:<br \/>\n<\/b><\/span><\/td>\n<td><span style=\"color: #000000;\">\u00a0Tak<\/span><\/td>\n<\/tr>\n<tr>\n<td><span style=\"color: #000000;\"><strong>\u00a0 Automatyczne wy\u0142\u0105czanie:<br \/>\n<\/strong><\/span><\/td>\n<td><span style=\"color: #000000;\">\u00a0Tak<\/span><\/td>\n<\/tr>\n<tr>\n<td><span style=\"color: #000000;\"><strong>\u00a0 Ok\u0142adka p\u0142yty CD:<br \/>\n<\/strong><\/span><\/td>\n<td><span style=\"color: #000000;\">\u00a0Wymiana<\/span><\/td>\n<\/tr>\n<tr>\n<td><span style=\"color: #000000;\"><strong>\u00a0 Gwarancja<\/strong><\/span><\/td>\n<td><span style=\"color: #000000;\">\u00a01 rok<\/span><\/td>\n<\/tr>\n<\/tbody>\n<\/table>","protected":false},"excerpt":{"rendered":"<p><span style=\"color: #000000;\">Te stylowe i dok\u0142adne wagi w formie CD ON BALANCE pasuj\u0105 do ka\u017cdego wn\u0119trza. Waga cyfrowa CD On Balance ma maksymaln\u0105 pojemno\u015b\u0107 100 gram\u00f3w i dok\u0142adno\u015b\u0107 0,1 grama. <\/span><\/p>\n<p><span style=\"color: #000000;\">Mo\u017cesz u\u017cy\u0107 ok\u0142adki p\u0142yty CD lub ulubionego artysty.<\/span><\/p>","protected":false},"featured_media":13419,"template":"","meta":[],"product_brand":[],"product_cat":[297,414,418],"product_tag":[],"class_list":{"0":"post-11797","1":"product","2":"type-product","3":"status-publish","4":"has-post-thumbnail","6":"product_cat-all-products","7":"product_cat-headshop","8":"product_cat-scales","9":"product_shipping_class-creditcard-on","11":"first","12":"instock","13":"taxable","14":"shipping-taxable","15":"purchasable","16":"product-type-simple"},"_links":{"self":[{"href":"https:\/\/www.headshop.nl\/pl\/wp-json\/wp\/v2\/product\/11797","targetHints":{"allow":["GET"]}}],"collection":[{"href":"https:\/\/www.headshop.nl\/pl\/wp-json\/wp\/v2\/product"}],"about":[{"href":"https:\/\/www.headshop.nl\/pl\/wp-json\/wp\/v2\/types\/product"}],"wp:featuredmedia":[{"embeddable":true,"href":"https:\/\/www.headshop.nl\/pl\/wp-json\/wp\/v2\/media\/13419"}],"wp:attachment":[{"href":"https:\/\/www.headshop.nl\/pl\/wp-json\/wp\/v2\/media?parent=11797"}],"wp:term":[{"taxonomy":"product_brand","embeddable":true,"href":"https:\/\/www.headshop.nl\/pl\/wp-json\/wp\/v2\/product_brand?post=11797"},{"taxonomy":"product_cat","embeddable":true,"href":"https:\/\/www.headshop.nl\/pl\/wp-json\/wp\/v2\/product_cat?post=11797"},{"taxonomy":"product_tag","embeddable":true,"href":"https:\/\/www.headshop.nl\/pl\/wp-json\/wp\/v2\/product_tag?post=11797"}],"curies":[{"name":"wp","href":"https:\/\/api.w.org\/{rel}","templated":true}]}}