{"id":11761,"date":"2018-02-19T15:38:55","date_gmt":"2018-02-19T15:38:55","guid":{"rendered":"http:\/\/headshop.nl\/?post_type=product&#038;p=11761"},"modified":"2024-09-17T10:49:29","modified_gmt":"2024-09-17T10:49:29","slug":"luggage-scale","status":"publish","type":"product","link":"https:\/\/www.headshop.nl\/pl\/luggage-scale\/","title":{"rendered":"Waga baga\u017cowa"},"content":{"rendered":"<h2>Specyfikacje<\/h2>\n<table border=\"1\" width=\"490\" cellspacing=\"0\" cellpadding=\"2\">\n<tbody>\n<tr>\n<td><span style=\"color: #000000;\"><b>\u00a0 Maks. Pojemno\u015b\u0107<\/b><\/span><\/td>\n<td><span style=\"color: #000000;\">\u00a0Do 50 kg<\/span><\/td>\n<\/tr>\n<tr>\n<td><span style=\"color: #000000;\"><b>\u00a0 Dok\u0142adno\u015b\u0107<\/b><\/span><\/td>\n<td><span style=\"color: #000000;\">\u00a00,1 kg<\/span><\/td>\n<\/tr>\n<tr>\n<td><span style=\"color: #000000;\"><b>\u00a0 Tryby<\/b><\/span><\/td>\n<td><span style=\"color: #000000;\">\u00a0kg\/lb<\/span><\/td>\n<\/tr>\n<tr>\n<td><span style=\"color: #000000;\"><b>\u00a0 Kolor<\/b><\/span><\/td>\n<td><span style=\"color: #000000;\">\u00a0Czarny<\/span><\/td>\n<\/tr>\n<tr>\n<td><span style=\"color: #000000;\"><b>\u00a0 LCD<\/b><\/span><\/td>\n<td><span style=\"color: #000000;\">\u00a0Cyfra 12 mm<\/span><\/td>\n<\/tr>\n<tr>\n<td><span style=\"color: #000000;\"><b>\u00a0 Cechy<\/b><\/span><\/td>\n<td><span style=\"color: #000000;\">\u00a01-minutowe automatyczne wy\u0142\u0105czanie, sygna\u0142y d\u017awi\u0119kowe podczas odczytu, elastyczny pasek<\/span><\/td>\n<\/tr>\n<tr>\n<td><span style=\"color: #000000;\"><b>\u00a0 Moc<\/b><\/span><\/td>\n<td><span style=\"color: #000000;\">\u00a01 x bateria CR2032 (w zestawie)<\/span><\/td>\n<\/tr>\n<tr>\n<td><span style=\"color: #000000;\"><b>\u00a0 Gwarancja<\/b><\/span><\/td>\n<td><span style=\"color: #000000;\">\u00a03 lata<\/span><\/td>\n<\/tr>\n<\/tbody>\n<\/table>","protected":false},"excerpt":{"rendered":"<p>Kieszonkowa waga baga\u017cowa umo\u017cliwia wa\u017cenie walizek i innych przedmiot\u00f3w o wadze od 0 do 50 kg z dok\u0142adno\u015bci\u0105 do 0,1 kg. Zawsze pod r\u0119k\u0105 w kieszeni podczas podr\u00f3\u017cy!<\/p>","protected":false},"featured_media":13411,"template":"","meta":[],"product_brand":[],"product_cat":[297,414,418],"product_tag":[],"class_list":{"0":"post-11761","1":"product","2":"type-product","3":"status-publish","4":"has-post-thumbnail","6":"product_cat-all-products","7":"product_cat-headshop","8":"product_cat-scales","9":"product_shipping_class-creditcard-on","11":"first","12":"instock","13":"taxable","14":"shipping-taxable","15":"purchasable","16":"product-type-simple"},"_links":{"self":[{"href":"https:\/\/www.headshop.nl\/pl\/wp-json\/wp\/v2\/product\/11761","targetHints":{"allow":["GET"]}}],"collection":[{"href":"https:\/\/www.headshop.nl\/pl\/wp-json\/wp\/v2\/product"}],"about":[{"href":"https:\/\/www.headshop.nl\/pl\/wp-json\/wp\/v2\/types\/product"}],"wp:featuredmedia":[{"embeddable":true,"href":"https:\/\/www.headshop.nl\/pl\/wp-json\/wp\/v2\/media\/13411"}],"wp:attachment":[{"href":"https:\/\/www.headshop.nl\/pl\/wp-json\/wp\/v2\/media?parent=11761"}],"wp:term":[{"taxonomy":"product_brand","embeddable":true,"href":"https:\/\/www.headshop.nl\/pl\/wp-json\/wp\/v2\/product_brand?post=11761"},{"taxonomy":"product_cat","embeddable":true,"href":"https:\/\/www.headshop.nl\/pl\/wp-json\/wp\/v2\/product_cat?post=11761"},{"taxonomy":"product_tag","embeddable":true,"href":"https:\/\/www.headshop.nl\/pl\/wp-json\/wp\/v2\/product_tag?post=11761"}],"curies":[{"name":"wp","href":"https:\/\/api.w.org\/{rel}","templated":true}]}}