{"id":999,"date":"2017-08-20T16:02:04","date_gmt":"2017-08-20T16:02:04","guid":{"rendered":"http:\/\/headshop.nl\/?page_id=999"},"modified":"2021-08-24T08:05:22","modified_gmt":"2021-08-24T08:05:22","slug":"payment-methods","status":"publish","type":"page","link":"https:\/\/www.headshop.nl\/pl\/payment-methods\/","title":{"rendered":"Metody p\u0142atno\u015bci"},"content":{"rendered":"<div id=\"gap-1802802918\" class=\"gap-element clearfix\" style=\"display:block; height:auto;\">\n\t\t\n<style>\n#gap-1802802918 {\n  padding-top: 50px;\n}\n<\/style>\n\t<\/div>\n\t\n\n<div class=\"container section-title-container\" ><h1 class=\"section-title section-title-bold-center\"><b aria-hidden=\"true\"><\/b><span class=\"section-title-main\" style=\"font-size:131%;\">P\u0142atno\u015b\u0107 Methods<\/span><b aria-hidden=\"true\"><\/b><\/h1><\/div>\n\n<div class=\"row\"  id=\"row-466516529\">\n\n\n\t<div id=\"col-2043702785\" class=\"col small-12 large-12\"  >\n\t\t\t\t<div class=\"col-inner text-center\"  >\n\t\t\t\n\t\t\t\n\n<p>W The Headshop mo\u017cesz wybiera\u0107 spo\u015br\u00f3d wielu r\u00f3\u017cnych metod p\u0142atno\u015bci. Wszystkie s\u0105 bezpieczne i dyskretne. Zapoznaj si\u0119 z oferowanymi przez nas opcjami i wybierz t\u0119, kt\u00f3ra odpowiada Twoim upodobaniom i lokalizacji.<\/p>\n\t<div class=\"img has-hover x md-x lg-x y md-y lg-y\" id=\"image_1498858920\">\n\t\t\t\t\t\t\t\t<div class=\"img-inner dark\" style=\"margin:0px 300px 0px 300px;\">\n\t\t\t<img loading=\"lazy\" decoding=\"async\" width=\"800\" height=\"125\" src=\"https:\/\/www.headshop.nl\/wp-content\/uploads\/2021\/08\/Betaalmethodes-800x125.png\" class=\"attachment-large size-large\" alt=\"\" srcset=\"https:\/\/www.headshop.nl\/wp-content\/uploads\/2021\/08\/Betaalmethodes-800x125.png 800w, https:\/\/www.headshop.nl\/wp-content\/uploads\/2021\/08\/Betaalmethodes-420x66.png 420w, https:\/\/www.headshop.nl\/wp-content\/uploads\/2021\/08\/Betaalmethodes-64x10.png 64w, https:\/\/www.headshop.nl\/wp-content\/uploads\/2021\/08\/Betaalmethodes-600x94.png 600w, https:\/\/www.headshop.nl\/wp-content\/uploads\/2021\/08\/Betaalmethodes-380x59.png 380w, https:\/\/www.headshop.nl\/wp-content\/uploads\/2021\/08\/Betaalmethodes-768x120.png 768w, https:\/\/www.headshop.nl\/wp-content\/uploads\/2021\/08\/Betaalmethodes-1536x240.png 1536w, https:\/\/www.headshop.nl\/wp-content\/uploads\/2021\/08\/Betaalmethodes.png 1920w\" sizes=\"auto, (max-width: 800px) 100vw, 800px\">\t\t\t\t\t\t\n\t\t\t\t\t<\/div>\n\t\t\t\t\t\t\t\t\n<style>\n#image_1498858920 {\n  width: 100%;\n}\n<\/style>\n\t<\/div>\n\t\n\n\n\t\t<\/div>\n\t\t\t\t\t<\/div>\n\n\t\n\n<\/div>\n\t<div id=\"gap-1882407063\" class=\"gap-element clearfix\" style=\"display:block; height:auto;\">\n\t\t\n<style>\n#gap-1882407063 {\n  padding-top: 30px;\n}\n<\/style>\n\t<\/div>\n\t\n\n<div class=\"container section-title-container\" ><h2 class=\"section-title section-title-bold-center\"><b aria-hidden=\"true\"><\/b><span class=\"section-title-main\" >1. iDEAL \/ MisterCash \/ Bancontact \/ Eps-\u00dcberweisung \/ Giropay<\/span><b aria-hidden=\"true\"><\/b><\/h2><\/div>\n\n\t<div id=\"gap-122563727\" class=\"gap-element clearfix\" style=\"display:block; height:auto;\">\n\t\t\n<style>\n#gap-122563727 {\n  padding-top: 30px;\n}\n<\/style>\n\t<\/div>\n\t\n\n<div class=\"row\"  id=\"row-1093242245\">\n\n\n\t<div id=\"col-2085267796\" class=\"col small-12 large-12\"  >\n\t\t\t\t<div class=\"col-inner text-center\"  >\n\t\t\t\n\t\t\t\n\n<p>Jest to najszybszy i naj\u0142atwiejszy spos\u00f3b dokonania p\u0142atno\u015bci. Wybierz opcj\u0119, kt\u00f3ra pasuje do Twojego banku i wykonaj wszystkie kroki procesu. Nasz dostawca us\u0142ug p\u0142atniczych zapewnia bezpieczne \u015brodowisko p\u0142atno\u015bci.<\/p>\n<p>Po zako\u0144czeniu p\u0142atno\u015bci natychmiast otrzymasz powiadomienie. Nasz zesp\u00f3\u0142 rozpocznie przetwarzanie zam\u00f3wienia, aby wys\u0142a\u0107 je tak szybko, jak to mo\u017cliwe. O statusie b\u0119dziemy informowa\u0107 na bie\u017c\u0105co za po\u015brednictwem poczty elektronicznej.<\/p>\n\n\t\t<\/div>\n\t\t\t\t\t<\/div>\n\n\t\n\n<\/div>\n\t<div id=\"gap-635904623\" class=\"gap-element clearfix\" style=\"display:block; height:auto;\">\n\t\t\n<style>\n#gap-635904623 {\n  padding-top: 40px;\n}\n<\/style>\n\t<\/div>\n\t\n\n<div class=\"container section-title-container\" ><h2 class=\"section-title section-title-bold-center\"><b aria-hidden=\"true\"><\/b><span class=\"section-title-main\" >2. Bezpo\u015bredni przelew bankowy<\/span><b aria-hidden=\"true\"><\/b><\/h2><\/div>\n\n\t<div id=\"gap-1015050321\" class=\"gap-element clearfix\" style=\"display:block; height:auto;\">\n\t\t\n<style>\n#gap-1015050321 {\n  padding-top: 30px;\n}\n<\/style>\n\t<\/div>\n\t\n\n<div class=\"row\"  id=\"row-285620817\">\n\n\n\t<div id=\"col-423397182\" class=\"col small-12 large-12\"  >\n\t\t\t\t<div class=\"col-inner text-center\"  >\n\t\t\t\n\t\t\t\n\n<p>Mo\u017cliwe jest dokonanie p\u0142atno\u015bci przelewem bankowym. Wybierz opcj\u0119 \"Bezpo\u015bredni przelew bankowy\" i post\u0119puj zgodnie z instrukcjami. Po z\u0142o\u017ceniu zam\u00f3wienia otrzymasz wiadomo\u015b\u0107 e-mail z niezb\u0119dnymi informacjami i szczeg\u00f3\u0142ami p\u0142atno\u015bci.<\/p>\n<p>Nale\u017cy pami\u0119ta\u0107, \u017ce po przes\u0142aniu p\u0142atno\u015bci mo\u017ce min\u0105\u0107 1-3 dni, zanim otrzymamy pieni\u0105dze. W zwi\u0105zku z tym wysy\u0142ka zam\u00f3wienia mo\u017ce potrwa\u0107 nieco d\u0142u\u017cej. B\u0119dziesz na bie\u017c\u0105co informowany o statusie za po\u015brednictwem poczty elektronicznej.<\/p>\n\n\t\t<\/div>\n\t\t\t\t\t<\/div>\n\n\t\n\n<\/div>\n\t<div id=\"gap-701073965\" class=\"gap-element clearfix\" style=\"display:block; height:auto;\">\n\t\t\n<style>\n#gap-701073965 {\n  padding-top: 30px;\n}\n<\/style>\n\t<\/div>\n\t\n\n<div class=\"container section-title-container\" ><h2 class=\"section-title section-title-bold-center\"><b aria-hidden=\"true\"><\/b><span class=\"section-title-main\" >3. Kryptowaluty<\/span><b aria-hidden=\"true\"><\/b><\/h2><\/div>\n\n\t<div id=\"gap-1964762350\" class=\"gap-element clearfix\" style=\"display:block; height:auto;\">\n\t\t\n<style>\n#gap-1964762350 {\n  padding-top: 30px;\n}\n<\/style>\n\t<\/div>\n\t\n\n<div class=\"row\"  id=\"row-474610542\">\n\n\n\t<div id=\"col-135924533\" class=\"col small-12 large-12\"  >\n\t\t\t\t<div class=\"col-inner text-center\"  >\n\t\t\t\n\t\t\t\n\n<p>Akceptujemy p\u0142atno\u015bci wieloma rodzajami kryptowalut. P\u0142atno\u015bci te s\u0105 przetwarzane przez Coinbase, najwi\u0119ksz\u0105 gie\u0142d\u0119 i brokera Bitcoin na \u015bwiecie. Aby zap\u0142aci\u0107 kryptowalutami, mo\u017cesz wybra\u0107 opcj\u0119 p\u0142atno\u015bci \"Bitcoin i inne kryptowaluty\".<\/p>\n<p>Obecnie akceptujemy Bitcoin, Ethereum, USD Coin, Litecoin i Bitcoin cash.<\/p>\n\t<div class=\"img has-hover x md-x lg-x y md-y lg-y\" id=\"image_1158007051\">\n\t\t\t\t\t\t\t\t<div class=\"img-inner dark\" style=\"margin:0px 300px 0px 300px;\">\n\t\t\t<img loading=\"lazy\" decoding=\"async\" width=\"800\" height=\"125\" src=\"https:\/\/www.headshop.nl\/wp-content\/uploads\/2021\/08\/Crypto-icons-800x125.png\" class=\"attachment-large size-large\" alt=\"Akceptowane kryptowaluty\" srcset=\"https:\/\/www.headshop.nl\/wp-content\/uploads\/2021\/08\/Crypto-icons-800x125.png 800w, https:\/\/www.headshop.nl\/wp-content\/uploads\/2021\/08\/Crypto-icons-420x66.png 420w, https:\/\/www.headshop.nl\/wp-content\/uploads\/2021\/08\/Crypto-icons-64x10.png 64w, https:\/\/www.headshop.nl\/wp-content\/uploads\/2021\/08\/Crypto-icons-600x94.png 600w, https:\/\/www.headshop.nl\/wp-content\/uploads\/2021\/08\/Crypto-icons-380x59.png 380w, https:\/\/www.headshop.nl\/wp-content\/uploads\/2021\/08\/Crypto-icons-768x120.png 768w, https:\/\/www.headshop.nl\/wp-content\/uploads\/2021\/08\/Crypto-icons-1536x240.png 1536w, https:\/\/www.headshop.nl\/wp-content\/uploads\/2021\/08\/Crypto-icons.png 1920w\" sizes=\"auto, (max-width: 800px) 100vw, 800px\" \/>\t\t\t\t\t\t\n\t\t\t\t\t<\/div>\n\t\t\t\t\t\t\t\t\n<style>\n#image_1158007051 {\n  width: 100%;\n}\n<\/style>\n\t<\/div>\n\t\n\n\n\t\t<\/div>\n\t\t\t\t\t<\/div>\n\n\t\n\n<\/div>\n\t<div id=\"gap-767077060\" class=\"gap-element clearfix\" style=\"display:block; height:auto;\">\n\t\t\n<style>\n#gap-767077060 {\n  padding-top: 30px;\n}\n<\/style>\n\t<\/div>","protected":false},"excerpt":{"rendered":"","protected":false},"author":807,"featured_media":0,"parent":0,"menu_order":0,"comment_status":"closed","ping_status":"closed","template":"page-blank.php","meta":{"footnotes":""},"class_list":["post-999","page","type-page","status-publish","hentry"],"_links":{"self":[{"href":"https:\/\/www.headshop.nl\/pl\/wp-json\/wp\/v2\/pages\/999","targetHints":{"allow":["GET"]}}],"collection":[{"href":"https:\/\/www.headshop.nl\/pl\/wp-json\/wp\/v2\/pages"}],"about":[{"href":"https:\/\/www.headshop.nl\/pl\/wp-json\/wp\/v2\/types\/page"}],"author":[{"embeddable":true,"href":"https:\/\/www.headshop.nl\/pl\/wp-json\/wp\/v2\/users\/807"}],"replies":[{"embeddable":true,"href":"https:\/\/www.headshop.nl\/pl\/wp-json\/wp\/v2\/comments?post=999"}],"version-history":[{"count":0,"href":"https:\/\/www.headshop.nl\/pl\/wp-json\/wp\/v2\/pages\/999\/revisions"}],"wp:attachment":[{"href":"https:\/\/www.headshop.nl\/pl\/wp-json\/wp\/v2\/media?parent=999"}],"curies":[{"name":"wp","href":"https:\/\/api.w.org\/{rel}","templated":true}]}}