{"id":85313,"date":"2025-07-15T08:01:32","date_gmt":"2025-07-15T08:01:32","guid":{"rendered":"https:\/\/www.headshop.nl\/?page_id=85313"},"modified":"2026-03-25T10:29:35","modified_gmt":"2026-03-25T10:29:35","slug":"discount","status":"publish","type":"page","link":"https:\/\/www.headshop.nl\/pl\/discount\/","title":{"rendered":"Zni\u017cka"},"content":{"rendered":"<div id=\"text-2281751474\" class=\"text\">\n\t\t\n\n<h1>Najnowsze zni\u017cki<\/h1>\n\t\t\n<style>\n#text-2281751474 {\n  text-align: center;\n}\n<\/style>\n\t<\/div>\n\t\n<p style=\"text-align: center;\">Ciesz si\u0119 du\u017cymi oszcz\u0119dno\u015bciami na ulubionych produktach The Headshop dzi\u0119ki naszym najnowszym kodom rabatowym. Regularnie aktualizujemy t\u0119 stron\u0119, aby zapewni\u0107 Ci najbardziej aktualne oferty, wi\u0119c zagl\u0105daj tu cz\u0119sto. Skorzystaj z rabatu, p\u00f3ki jest dost\u0119pny. Udanych zakup\u00f3w i ciesz si\u0119 oszcz\u0119dno\u015bciami!<\/p>\n<div class=\"is-divider divider clearfix\" style=\"max-width:100%;height:1px;\"><\/div>\n\n<div class=\"row\"  id=\"row-1093027392\">\n\n\n\t<div id=\"col-1339603528\" class=\"col medium-6 small-12 large-6\"  >\n\t\t\t\t<div class=\"col-inner\"  >\n\t\t\t\n\t\t\t\n\n\n  <div class=\"banner has-hover\" id=\"banner-1222946312\">\n          <div class=\"banner-inner fill\">\n        <div class=\"banner-bg fill\" >\n            <img loading=\"lazy\" decoding=\"async\" width=\"2560\" height=\"732\" src=\"https:\/\/www.headshop.nl\/wp-content\/uploads\/2026\/03\/Bunnys-Best-Shroomdeals_Wide_Steve_V4-scaled.png\" class=\"bg attachment-original size-original\" alt=\"\">                                    \n                    <\/div>\n\t\t\n        <div class=\"banner-layers container\">\n            <a class=\"fill\" href=\"https:\/\/www.headshop.nl\/pl\/shroomshop\/\"><div class=\"fill banner-link\"><\/div><\/a>            \n\n\n        <\/div>\n      <\/div>\n\n            \n<style>\n#banner-1222946312 {\n  padding-top: 146px;\n}\n<\/style>\n  <\/div>\n\n\n<div class=\"is-divider divider clearfix\" style=\"height:0px;\"><\/div>\n\n<h2>Bunny&#8217;s Best Shroomdeals<\/h2>\n<p class=\"p1\">Spring is here! Enjoy 25% off the entire shroomshop* and discover or stock up on your favorite products. Don\u2019t miss this seasonal deal! This promotion is active until the 20th of April.<\/p>\n<p><em>* Nie obowi\u0105zuje w po\u0142\u0105czeniu z innymi promocjami.\u00a0<\/em><\/p>\n<div class=\"row\"  id=\"row-1766059676\">\n\n\n\t<div id=\"col-1731969021\" class=\"col medium-6 small-6 large-6\"  >\n\t\t\t\t<div class=\"col-inner\"  >\n\t\t\t\n\t\t\t\n\n<a href=\"https:\/\/www.headshop.nl\/pl\/shroomshop\/\" class=\"button primary\" >\n\t\t<span>Przejd\u017a do zni\u017cki<\/span>\n\t<\/a>\n\n\n\n\t\t<\/div>\n\t\t\t\t\t<\/div>\n\n\t\n\n\t<div id=\"col-1003736714\" class=\"col medium-6 small-6 large-6\"  >\n\t\t\t\t<div class=\"col-inner text-right\"  >\n\t\t\t\n\t\t\t\n\n<a href=\"https:\/\/www.headshop.nl\/pl\/shroomshop\/\" class=\"button success\" >\n\t\t<span>Aktywny<\/span>\n\t<i class=\"icon-checkmark\" aria-hidden=\"true\"><\/i><\/a>\n\n\n\n\t\t<\/div>\n\t\t\t\t\t<\/div>\n\n\t\n\n<\/div>\n<div class=\"is-divider divider clearfix\" style=\"max-width:100%;height:1px;\"><\/div>\n\n\n\t\t<\/div>\n\t\t\t\t\t<\/div>\n\n\t\n\n\t<div id=\"col-1738277502\" class=\"col medium-6 small-12 large-6\"  >\n\t\t\t\t<div class=\"col-inner\"  >\n\t\t\t\n\t\t\t\n\n\n  <div class=\"banner has-hover\" id=\"banner-1666066088\">\n          <div class=\"banner-inner fill\">\n        <div class=\"banner-bg fill\" >\n            <img loading=\"lazy\" decoding=\"async\" width=\"1610\" height=\"460\" src=\"https:\/\/www.headshop.nl\/wp-content\/uploads\/2025\/07\/Bulkactie_wide_v2.jpg\" class=\"bg attachment-original size-original\" alt=\"\">                                    \n                    <\/div>\n\t\t\n        <div class=\"banner-layers container\">\n            <a class=\"fill\" href=\"https:\/\/www.headshop.nl\/pl\/shroomshop\/magic-mushroom-grow-kits\/\"><div class=\"fill banner-link\"><\/div><\/a>            \n\n\n        <\/div>\n      <\/div>\n\n            \n<style>\n#banner-1666066088 {\n  padding-top: 146px;\n}\n<\/style>\n  <\/div>\n\n\n<div class=\"is-divider divider clearfix\" style=\"height:0px;\"><\/div>\n\n<h2><strong>Zestawy do uprawy magicznych grzyb\u00f3w z rabatem hurtowym<\/strong><\/h2>\n<p>Dla majsterkowicz\u00f3w i mi\u0142o\u015bnik\u00f3w przyrody. Prze\u017cyj magiczne do\u015bwiadczenie z naszymi wysokiej jako\u015bci truflami. To proste: im wi\u0119cej kupujesz, tym wi\u0119cej oszcz\u0119dzasz*.<\/p>\n<p><em>* Nie obowi\u0105zuje w po\u0142\u0105czeniu z innymi promocjami.\u00a0<\/em><\/p>\n<div class=\"row\"  id=\"row-166134314\">\n\n\n\t<div id=\"col-1870785445\" class=\"col medium-6 small-6 large-6\"  >\n\t\t\t\t<div class=\"col-inner\"  >\n\t\t\t\n\t\t\t\n\n<a href=\"https:\/\/www.headshop.nl\/pl\/shroomshop\/magic-mushroom-grow-kits\/\" class=\"button primary\" >\n\t\t<span>Przejd\u017a do zni\u017cki<\/span>\n\t<\/a>\n\n\n\n\t\t<\/div>\n\t\t\t\t\t<\/div>\n\n\t\n\n\t<div id=\"col-495739837\" class=\"col medium-6 small-6 large-6\"  >\n\t\t\t\t<div class=\"col-inner text-right\"  >\n\t\t\t\n\t\t\t\n\n<a href=\"https:\/\/www.headshop.nl\/pl\/shroomshop\/\" class=\"button success\" >\n\t\t<span>Aktywny<\/span>\n\t<i class=\"icon-checkmark\" aria-hidden=\"true\"><\/i><\/a>\n\n\n\n\t\t<\/div>\n\t\t\t\t\t<\/div>\n\n\t\n\n<\/div>\n<div class=\"is-divider divider clearfix\" style=\"max-width:100%;height:1px;\"><\/div>\n\n\n\t\t<\/div>\n\t\t\t\t\t<\/div>\n\n\t\n\n<\/div>\n<div class=\"row\"  id=\"row-1176956324\">\n\n\n\t<div id=\"col-1428308470\" class=\"col medium-6 small-12 large-6\"  >\n\t\t\t\t<div class=\"col-inner\"  >\n\t\t\t\n\t\t\t\n\n\n  <div class=\"banner has-hover\" id=\"banner-1684115422\">\n          <div class=\"banner-inner fill\">\n        <div class=\"banner-bg fill\" >\n            <img loading=\"lazy\" decoding=\"async\" width=\"1610\" height=\"460\" src=\"https:\/\/www.headshop.nl\/wp-content\/uploads\/2025\/07\/Bulkactie_wide_v3.jpg\" class=\"bg attachment-original size-original\" alt=\"\">                                    \n                    <\/div>\n\t\t\n        <div class=\"banner-layers container\">\n            <a class=\"fill\" href=\"https:\/\/www.headshop.nl\/pl\/shroomshop\/magic-truffles\/\"><div class=\"fill banner-link\"><\/div><\/a>            \n\n\n        <\/div>\n      <\/div>\n\n            \n<style>\n#banner-1684115422 {\n  padding-top: 146px;\n}\n<\/style>\n  <\/div>\n\n\n<div class=\"is-divider divider clearfix\" style=\"height:0px;\"><\/div>\n\n<h2><strong>Magiczne trufle rabat hurtowy<\/strong><\/h2>\n<p>Dla poszukiwaczy przyg\u00f3d i odkrywc\u00f3w. Prze\u017cyj magiczne do\u015bwiadczenie z naszymi wysokiej jako\u015bci truflami. To proste: im wi\u0119cej kupujesz, tym wi\u0119cej oszcz\u0119dzasz*.\u00a0<\/p>\n<p><em>* Nie obowi\u0105zuje w po\u0142\u0105czeniu z innymi promocjami.<\/em><\/p>\n<div class=\"row\"  id=\"row-480370771\">\n\n\n\t<div id=\"col-1042045474\" class=\"col medium-6 small-6 large-6\"  >\n\t\t\t\t<div class=\"col-inner\"  >\n\t\t\t\n\t\t\t\n\n<a href=\"https:\/\/www.headshop.nl\/pl\/shroomshop\/magic-truffles\/\" class=\"button primary\" >\n\t\t<span>Przejd\u017a do zni\u017cki<\/span>\n\t<\/a>\n\n\n\n\t\t<\/div>\n\t\t\t\t\t<\/div>\n\n\t\n\n\t<div id=\"col-2065804995\" class=\"col medium-6 small-6 large-6\"  >\n\t\t\t\t<div class=\"col-inner text-right\"  >\n\t\t\t\n\t\t\t\n\n<a href=\"https:\/\/www.headshop.nl\/pl\/shroomshop\/\" class=\"button success\" >\n\t\t<span>Aktywny<\/span>\n\t<i class=\"icon-checkmark\" aria-hidden=\"true\"><\/i><\/a>\n\n\n\n\t\t<\/div>\n\t\t\t\t\t<\/div>\n\n\t\n\n<\/div>\n<div class=\"is-divider divider clearfix\" style=\"max-width:100%;height:1px;\"><\/div>\n\n\n\t\t<\/div>\n\t\t\t\t\t<\/div>\n\n\t\n\n\t<div id=\"col-191409092\" class=\"col medium-6 small-12 large-6\"  >\n\t\t\t\t<div class=\"col-inner\"  >\n\t\t\t\n\t\t\t\n\n\n  <div class=\"banner has-hover\" id=\"banner-116175803\">\n          <div class=\"banner-inner fill\">\n        <div class=\"banner-bg fill\" >\n            <img loading=\"lazy\" decoding=\"async\" width=\"1610\" height=\"460\" src=\"https:\/\/www.headshop.nl\/wp-content\/uploads\/2025\/07\/Bulkactie_wide_v1.jpg\" class=\"bg attachment-original size-original\" alt=\"\">                                    \n                    <\/div>\n\t\t\n        <div class=\"banner-layers container\">\n            <a class=\"fill\" href=\"https:\/\/www.headshop.nl\/pl\/shroomshop\/magic-mushroom-spore-prints\/\"><div class=\"fill banner-link\"><\/div><\/a>            \n\n\n        <\/div>\n      <\/div>\n\n            \n<style>\n#banner-116175803 {\n  padding-top: 146px;\n}\n<\/style>\n  <\/div>\n\n\n<div class=\"is-divider divider clearfix\" style=\"height:0px;\"><\/div>\n\n<h2><strong>Magiczne zarodniki grzyb\u00f3w rabat hurtowy<\/strong><\/h2>\n<p>Dla do\u015bwiadczonych koneser\u00f3w i kolekcjoner\u00f3w. Prze\u017cyj magiczne do\u015bwiadczenie z naszymi wysokiej jako\u015bci truflami. To proste: im wi\u0119cej kupujesz, tym wi\u0119cej oszcz\u0119dzasz*.\u00a0<\/p>\n<p><em>* Nie obowi\u0105zuje w po\u0142\u0105czeniu z innymi promocjami.<\/em><\/p>\n<div class=\"row\"  id=\"row-1912356097\">\n\n\n\t<div id=\"col-1951757832\" class=\"col medium-6 small-6 large-6\"  >\n\t\t\t\t<div class=\"col-inner\"  >\n\t\t\t\n\t\t\t\n\n<a href=\"https:\/\/www.headshop.nl\/pl\/shroomshop\/magic-mushroom-spore-syringes\/\" class=\"button primary\" >\n\t\t<span>Przejd\u017a do zni\u017cki<\/span>\n\t<\/a>\n\n\n\n\t\t<\/div>\n\t\t\t\t\t<\/div>\n\n\t\n\n\t<div id=\"col-358510390\" class=\"col medium-6 small-6 large-6\"  >\n\t\t\t\t<div class=\"col-inner text-right\"  >\n\t\t\t\n\t\t\t\n\n<a href=\"https:\/\/www.headshop.nl\/pl\/shroomshop\/\" class=\"button success\" >\n\t\t<span>Aktywny<\/span>\n\t<i class=\"icon-checkmark\" aria-hidden=\"true\"><\/i><\/a>\n\n\n\n\t\t<\/div>\n\t\t\t\t\t<\/div>\n\n\t\n\n<\/div>\n<div class=\"is-divider divider clearfix\" style=\"max-width:100%;height:1px;\"><\/div>\n\n\n\t\t<\/div>\n\t\t\t\t\t<\/div>\n\n\t\n\n<\/div>\n\n\t<div id=\"text-283196234\" class=\"text\">\n\t\t\n\n<h3><strong>Zasady i warunki<\/strong><\/h3>\n\t\t\n<style>\n#text-283196234 {\n  font-size: 1.55rem;\n  line-height: 0.75;\n}\n<\/style>\n\t<\/div>\n\t\n<p>Rozumiemy, \u017ce ka\u017cdy lubi dobre okazje, dlatego naszym celem jest dostarczanie wyj\u0105tkowych kod\u00f3w rabatowych Tatanka. Aby upewni\u0107 si\u0119, \u017ce wszyscy rozumiej\u0105 rabaty Tatanks, poni\u017cej znajdziesz warunki rabat\u00f3w.\u00a0<\/p>\n<p>Wszystkie oferty zale\u017c\u0105 od dost\u0119pno\u015bci i mog\u0105 ulec zmianie w okre\u015blonym okresie promocyjnym. Zam\u00f3wienia nale\u017cy sk\u0142ada\u0107, gdy oferta jest aktywna i dost\u0119pna. Aktualne oferty nie mog\u0105 by\u0107 wymieniane na inne produkty lub got\u00f3wk\u0119. Produkty promocyjne s\u0105 przeznaczone wy\u0142\u0105cznie do u\u017cytku promocyjnego. Rabaty hurtowe zostan\u0105 zastosowane automatycznie. Rabaty hurtowe s\u0105 rabatami wy\u0142\u0105cznie online. Podczas du\u017cych promocji rabaty hurtowe s\u0105 tymczasowo wy\u0142\u0105czone. Staramy si\u0119 zawsze podawa\u0107 dok\u0142adne informacje, ale nie ponosimy odpowiedzialno\u015bci za jakiekolwiek b\u0142\u0119dy lub pomini\u0119cia. Zastrzegamy sobie prawo do zmiany szczeg\u00f3\u0142\u00f3w, opis\u00f3w i dost\u0119pno\u015bci ofert i produkt\u00f3w.<\/p>","protected":false},"excerpt":{"rendered":"","protected":false},"author":3768,"featured_media":0,"parent":0,"menu_order":0,"comment_status":"closed","ping_status":"closed","template":"","meta":{"footnotes":""},"class_list":["post-85313","page","type-page","status-publish","hentry"],"_links":{"self":[{"href":"https:\/\/www.headshop.nl\/pl\/wp-json\/wp\/v2\/pages\/85313","targetHints":{"allow":["GET"]}}],"collection":[{"href":"https:\/\/www.headshop.nl\/pl\/wp-json\/wp\/v2\/pages"}],"about":[{"href":"https:\/\/www.headshop.nl\/pl\/wp-json\/wp\/v2\/types\/page"}],"author":[{"embeddable":true,"href":"https:\/\/www.headshop.nl\/pl\/wp-json\/wp\/v2\/users\/3768"}],"replies":[{"embeddable":true,"href":"https:\/\/www.headshop.nl\/pl\/wp-json\/wp\/v2\/comments?post=85313"}],"version-history":[{"count":63,"href":"https:\/\/www.headshop.nl\/pl\/wp-json\/wp\/v2\/pages\/85313\/revisions"}],"predecessor-version":[{"id":90742,"href":"https:\/\/www.headshop.nl\/pl\/wp-json\/wp\/v2\/pages\/85313\/revisions\/90742"}],"wp:attachment":[{"href":"https:\/\/www.headshop.nl\/pl\/wp-json\/wp\/v2\/media?parent=85313"}],"curies":[{"name":"wp","href":"https:\/\/api.w.org\/{rel}","templated":true}]}}