{"id":80568,"date":"2024-07-22T08:54:10","date_gmt":"2024-07-22T08:54:10","guid":{"rendered":"https:\/\/www.headshop.nl\/?page_id=80568"},"modified":"2024-07-22T13:15:40","modified_gmt":"2024-07-22T13:15:40","slug":"shipping-insurance","status":"publish","type":"page","link":"https:\/\/www.headshop.nl\/pl\/shipping-insurance\/","title":{"rendered":"Ubezpieczenie przesy\u0142ki"},"content":{"rendered":"<figure class=\"wp-block-image size-large\"><img loading=\"lazy\" decoding=\"async\" width=\"800\" height=\"518\" src=\"https:\/\/www.headshop.nl\/wp-content\/uploads\/2024\/07\/Shipping-Insurance-800x518.jpg\" alt=\"\" class=\"wp-image-80582\" srcset=\"https:\/\/www.headshop.nl\/wp-content\/uploads\/2024\/07\/Shipping-Insurance-800x518.jpg 800w, https:\/\/www.headshop.nl\/wp-content\/uploads\/2024\/07\/Shipping-Insurance-600x388.jpg 600w, https:\/\/www.headshop.nl\/wp-content\/uploads\/2024\/07\/Shipping-Insurance-380x246.jpg 380w, https:\/\/www.headshop.nl\/wp-content\/uploads\/2024\/07\/Shipping-Insurance-768x497.jpg 768w, https:\/\/www.headshop.nl\/wp-content\/uploads\/2024\/07\/Shipping-Insurance-1536x994.jpg 1536w, https:\/\/www.headshop.nl\/wp-content\/uploads\/2024\/07\/Shipping-Insurance-18x12.jpg 18w, https:\/\/www.headshop.nl\/wp-content\/uploads\/2024\/07\/Shipping-Insurance-420x272.jpg 420w, https:\/\/www.headshop.nl\/wp-content\/uploads\/2024\/07\/Shipping-Insurance-64x41.jpg 64w, https:\/\/www.headshop.nl\/wp-content\/uploads\/2024\/07\/Shipping-Insurance.jpg 1766w\" sizes=\"auto, (max-width: 800px) 100vw, 800px\" \/><\/figure>\n\n\n\n<h1 class=\"wp-block-heading has-text-align-left has-x-large-font-size\">Ubezpieczenie przesy\u0142ki<\/h1>\n\n\n\n<h2 class=\"wp-block-heading\">\u0141atwy i bezpieczny odbi\u00f3r przesy\u0142ki<\/h2>\n\n\n\n<p>Przy kasie mo\u017cna teraz wybra\u0107 ubezpieczenie przesy\u0142ki. Ubezpieczenie to zapewnia ochron\u0119 przed kradzie\u017c\u0105, zagubieniem i kwestiami celnymi. Rozpocznij zakupy bez obaw i wybierz ubezpieczenie wysy\u0142ki za jedyne 9,95 \u20ac.<\/p>\n\n\n\n<h2 class=\"wp-block-heading\">Jak aktywowa\u0107 ubezpieczenie przesy\u0142ki?<\/h2>\n\n\n\n<p>1. Wybierz Ubezpieczenie wysy\u0142ki przy kasie.<br>2. Odbierz swoj\u0105 paczk\u0119 bez obaw!<\/p>\n\n\n\n<h2 class=\"wp-block-heading\">Jak dzia\u0142a ubezpieczenie przesy\u0142ki?<\/h2>\n\n\n\n<p>Je\u015bli paczka nie zosta\u0142a dostarczona po 3 tygodniach, wy\u015blij nam wiadomo\u015b\u0107 e-mail. Ponownie wy\u015blemy zam\u00f3wienie w ci\u0105gu 1-2 dni roboczych. W rzadkich przypadkach, gdy sytuacja si\u0119 powt\u00f3rzy, zwr\u00f3cimy pe\u0142n\u0105 kwot\u0119 zakupu. Ubezpieczenie przesy\u0142ki jest dost\u0119pne tylko w przypadku zam\u00f3wie\u0144 o warto\u015bci poni\u017cej 500 \u20ac.<\/p>\n\n\n\n<div class=\"wp-block-group is-nowrap is-layout-flex wp-container-core-group-is-layout-9123dee2 wp-block-group-is-layout-flex\">\n<figure class=\"wp-block-image size-full is-resized\"><img decoding=\"async\" src=\"https:\/\/www.tatanka.nl\/wp-content\/uploads\/2024\/04\/Eo_circle_green_checkmark.svg_.webp\" alt=\"\" class=\"wp-image-120528\" style=\"width:27px;height:auto\"><\/figure>\n\n\n\n<p>Twoja paczka jest zawsze bezpieczna<\/p>\n<\/div>\n\n\n\n<div class=\"wp-block-group is-nowrap is-layout-flex wp-container-core-group-is-layout-ad2f72ca wp-block-group-is-layout-flex\">\n<figure class=\"wp-block-image size-full is-resized\"><img decoding=\"async\" src=\"https:\/\/www.tatanka.nl\/wp-content\/uploads\/2024\/04\/Eo_circle_green_checkmark.svg_.webp\" alt=\"\" class=\"wp-image-120528\" style=\"width:27px;height:auto\"><\/figure>\n\n\n\n<p>Pe\u0142na ochrona za jedyne 9,95 \u20ac<\/p>\n<\/div>\n\n\n\n<div class=\"wp-block-group is-nowrap is-layout-flex wp-container-core-group-is-layout-ad2f72ca wp-block-group-is-layout-flex\">\n<figure class=\"wp-block-image size-full is-resized\"><img decoding=\"async\" src=\"https:\/\/www.tatanka.nl\/wp-content\/uploads\/2024\/04\/Eo_circle_green_checkmark.svg_.webp\" alt=\"\" class=\"wp-image-120528\" style=\"width:27px;height:auto\"><\/figure>\n\n\n\n<p>Nie dotar\u0142o? Wy\u015blemy ponownie lub zwr\u00f3cimy pe\u0142n\u0105 kwot\u0119<\/p>\n<\/div>\n\n\n\n<div class=\"wp-block-group is-nowrap is-layout-flex wp-container-core-group-is-layout-ad2f72ca wp-block-group-is-layout-flex\">\n<figure class=\"wp-block-image size-full is-resized\"><img decoding=\"async\" src=\"https:\/\/www.tatanka.nl\/wp-content\/uploads\/2024\/04\/Eo_circle_green_checkmark.svg_.webp\" alt=\"\" class=\"wp-image-120528\" style=\"width:27px;height:auto\"><\/figure>\n\n\n\n<p>Problemy? Natychmiast odpowiednie rozwi\u0105zanie<\/p>\n<\/div>\n\n\n\n<p>Wybierz nasze ubezpieczenie wysy\u0142ki przy kasie ju\u017c dzi\u015b i kupuj bez obaw, wiedz\u0105c, \u017ce Twoje zakupy s\u0105 w pe\u0142ni chronione.<\/p>\n\n\n\n<h2 class=\"wp-block-heading\">Czego nie obejmuje ubezpieczenie przesy\u0142ki?<\/h2>\n\n\n\n<p>Dostawy niezrealizowane na adres domowy lub do punktu obs\u0142ugi oraz nieprawid\u0142owo wype\u0142nione adresy. W okresach wzmo\u017conego ruchu, takich jak Black Friday i inne wydarzenia, okres ubezpieczenia przesy\u0142ki mo\u017ce zosta\u0107 przed\u0142u\u017cony z 3 do 5 tygodni.<\/p>\n\n\n\n<h2 class=\"wp-block-heading\">Masz pytania dotycz\u0105ce ubezpieczenia przesy\u0142ki?<\/h2>\n\n\n\n<p>Kontaktuj\u0105c si\u0119 z nami, zawsze podawaj numer zam\u00f3wienia. Nasz zesp\u00f3\u0142 jest gotowy do pomocy! <\/p>\n\n\n\n<div class=\"wp-block-buttons is-layout-flex wp-block-buttons-is-layout-flex\">\n<div class=\"wp-block-button\"><a class=\"wp-block-button__link wp-element-button\" href=\"mailto:info@tatanka.nl?subject=Insured%20Shipping%3A&amp;body=Hey%20Tatanka%2C%0A%0AUnfortunately%20i'm%20having%20a%20problem%20with%20my%20order.%0A%0AYou%20can%20find%20my%20order%20number%20below.%0A%0AOrder%20number%3A%0AMy%20shipping%20problems:%20is%3A\">Kontakt<\/a><\/div>\n<\/div>","protected":false},"excerpt":{"rendered":"<p>Ubezpieczenie przesy\u0142ki Odbierz przesy\u0142k\u0119 \u0142atwo i bezpiecznie Przy kasie mo\u017cesz teraz wybra\u0107 nasze ubezpieczenie przesy\u0142ki. Ubezpieczenie to zapewnia ochron\u0119 przed kradzie\u017c\u0105, zagubieniem i kwestiami celnymi. Rozpocznij zakupy bez obaw i wybierz ubezpieczenie wysy\u0142ki za jedyne 9,95 \u20ac. Jak aktywowa\u0107 ubezpieczenie przesy\u0142ki? 1. Wybierz Ubezpieczenie wysy\u0142ki przy kasie.2. Odbierz swoj\u0105 paczk\u0119 bez zmartwie\u0144! Jak...<\/p>","protected":false},"author":807,"featured_media":0,"parent":0,"menu_order":0,"comment_status":"closed","ping_status":"closed","template":"","meta":{"footnotes":""},"class_list":["post-80568","page","type-page","status-publish","hentry"],"_links":{"self":[{"href":"https:\/\/www.headshop.nl\/pl\/wp-json\/wp\/v2\/pages\/80568","targetHints":{"allow":["GET"]}}],"collection":[{"href":"https:\/\/www.headshop.nl\/pl\/wp-json\/wp\/v2\/pages"}],"about":[{"href":"https:\/\/www.headshop.nl\/pl\/wp-json\/wp\/v2\/types\/page"}],"author":[{"embeddable":true,"href":"https:\/\/www.headshop.nl\/pl\/wp-json\/wp\/v2\/users\/807"}],"replies":[{"embeddable":true,"href":"https:\/\/www.headshop.nl\/pl\/wp-json\/wp\/v2\/comments?post=80568"}],"version-history":[{"count":0,"href":"https:\/\/www.headshop.nl\/pl\/wp-json\/wp\/v2\/pages\/80568\/revisions"}],"wp:attachment":[{"href":"https:\/\/www.headshop.nl\/pl\/wp-json\/wp\/v2\/media?parent=80568"}],"curies":[{"name":"wp","href":"https:\/\/api.w.org\/{rel}","templated":true}]}}