{"id":46270,"date":"2022-07-11T07:43:35","date_gmt":"2022-07-11T07:43:35","guid":{"rendered":"https:\/\/www.headshop.nl\/?page_id=46270"},"modified":"2022-07-11T07:50:38","modified_gmt":"2022-07-11T07:50:38","slug":"affiliate-program","status":"publish","type":"page","link":"https:\/\/www.headshop.nl\/pl\/affiliate-program\/","title":{"rendered":"Program partnerski Headshop"},"content":{"rendered":"<div id=\"gap-1443629230\" class=\"gap-element clearfix\" style=\"display:block; height:auto;\">\n\t\t\n<style>\n#gap-1443629230 {\n  padding-top: 30px;\n}\n<\/style>\n\t<\/div>\n\t\n\n<div class=\"container section-title-container\" ><h1 class=\"section-title section-title-normal\"><b aria-hidden=\"true\"><\/b><span class=\"section-title-main\" style=\"font-size:149%;\">Program partnerski The Headshop<\/span><b aria-hidden=\"true\"><\/b><\/h1><\/div>\n\n<div class=\"row\"  id=\"row-530839482\">\n\n\n\t<div id=\"col-519943789\" class=\"col medium-8 small-12 large-8\"  >\n\t\t\t\t<div class=\"col-inner\"  >\n\t\t\t\n\t\t\t\n\n<h2>Zarabiaj pieni\u0105dze promuj\u0105c nasze produkty<\/h2>\n<p>Posiadasz stron\u0119 internetow\u0105 lub kana\u0142 medialny i chcesz zarabia\u0107 na promowaniu naszych produkt\u00f3w? W takim razie zapraszamy do zarejestrowania si\u0119 w programie partnerskim Headshop.<\/p>\n<p>Nasz program partnerski dzia\u0142a we wsp\u00f3\u0142pracy z Daisycon. Zarejestruj si\u0119 teraz jako wydawca i zarabiaj wysokie prowizje za sprzedany produkt.<\/p>\n\n<a href=\"https:\/\/www.daisycon.com\/nl\/campagnes\/17220-headshop\/\" target=\"_blank\" class=\"button primary\" rel=\"noopener\">\n\t\t<span>Zarejestruj si\u0119 tutaj<\/span>\n\t<\/a>\n\n\n<h3>Dlaczego warto zosta\u0107 partnerem The Headshop?<\/h3>\n<ul>\n<li>Wysoka prowizja na podstawie CPS<\/li>\n<li>Szybka cotygodniowa weryfikacja sprzeda\u017cy. (minimum 30 dni)<\/li>\n<li>Konkurencyjne ceny B2C<\/li>\n<li>Dost\u0119pnych jest wiele baner\u00f3w promocyjnych<\/li>\n<li>Niestandardowe banery mo\u017cliwe na \u017cyczenie<\/li>\n<li>Aktywny zesp\u00f3\u0142 wsparcia dla Ciebie i klienta<\/li>\n<li>Kana\u0142 produktowy na \u017c\u0105danie<\/li>\n<\/ul>\n<a href=\"https:\/\/www.daisycon.com\/nl\/campagnes\/17220-headshop\/\" target=\"_blank\" class=\"button primary\" rel=\"noopener\">\n\t\t<span>Zarejestruj si\u0119 tutaj<\/span>\n\t<\/a>\n\n\n<p>Je\u015bli masz jakiekolwiek pytania dotycz\u0105ce nas lub programu partnerskiego, nie wahaj si\u0119 zapyta\u0107! Ch\u0119tnie pomo\u017cemy Ci na drodze do wspania\u0142ej wsp\u00f3\u0142pracy.<\/p>\n\n\t\t<\/div>\n\t\t\t\t\t<\/div>\n\n\t\n\n\t<div id=\"col-1107852370\" class=\"col medium-4 small-12 large-4 small-col-first\"  >\n\t\t\t\t<div class=\"col-inner\"  >\n\t\t\t\n\t\t\t\n\n\t<div class=\"img has-hover hide-for-small x md-x lg-x y md-y lg-y\" id=\"image_1093990671\">\n\t\t\t\t\t\t\t\t<div class=\"img-inner dark\" >\n\t\t\t<img loading=\"lazy\" decoding=\"async\" width=\"1500\" height=\"768\" src=\"https:\/\/www.headshop.nl\/wp-content\/uploads\/2019\/08\/Logo-The-Headshop-DEF.png\" class=\"attachment-original size-original\" alt=\"The Headshop Logo\" srcset=\"https:\/\/www.headshop.nl\/wp-content\/uploads\/2019\/08\/Logo-The-Headshop-DEF.png 1500w, https:\/\/www.headshop.nl\/wp-content\/uploads\/2019\/08\/Logo-The-Headshop-DEF-420x215.png 420w, https:\/\/www.headshop.nl\/wp-content\/uploads\/2019\/08\/Logo-The-Headshop-DEF-64x33.png 64w, https:\/\/www.headshop.nl\/wp-content\/uploads\/2019\/08\/Logo-The-Headshop-DEF-380x195.png 380w, https:\/\/www.headshop.nl\/wp-content\/uploads\/2019\/08\/Logo-The-Headshop-DEF-600x307.png 600w, https:\/\/www.headshop.nl\/wp-content\/uploads\/2019\/08\/Logo-The-Headshop-DEF-768x393.png 768w, https:\/\/www.headshop.nl\/wp-content\/uploads\/2019\/08\/Logo-The-Headshop-DEF-800x410.png 800w\" sizes=\"auto, (max-width: 1500px) 100vw, 1500px\" \/>\t\t\t\t\t\t\n\t\t\t\t\t<\/div>\n\t\t\t\t\t\t\t\t\n<style>\n#image_1093990671 {\n  width: 100%;\n}\n<\/style>\n\t<\/div>\n\t\n\n\t<div id=\"gap-119191924\" class=\"gap-element clearfix\" style=\"display:block; height:auto;\">\n\t\t\n<style>\n#gap-119191924 {\n  padding-top: 10px;\n}\n<\/style>\n\t<\/div>\n\t\n\n\n\t\t<\/div>\n\t\t\t\t\t<\/div>\n\n\t\n\n<\/div>","protected":false},"excerpt":{"rendered":"","protected":false},"author":865,"featured_media":0,"parent":0,"menu_order":0,"comment_status":"closed","ping_status":"closed","template":"page-blank.php","meta":{"footnotes":""},"class_list":["post-46270","page","type-page","status-publish","hentry"],"_links":{"self":[{"href":"https:\/\/www.headshop.nl\/pl\/wp-json\/wp\/v2\/pages\/46270","targetHints":{"allow":["GET"]}}],"collection":[{"href":"https:\/\/www.headshop.nl\/pl\/wp-json\/wp\/v2\/pages"}],"about":[{"href":"https:\/\/www.headshop.nl\/pl\/wp-json\/wp\/v2\/types\/page"}],"author":[{"embeddable":true,"href":"https:\/\/www.headshop.nl\/pl\/wp-json\/wp\/v2\/users\/865"}],"replies":[{"embeddable":true,"href":"https:\/\/www.headshop.nl\/pl\/wp-json\/wp\/v2\/comments?post=46270"}],"version-history":[{"count":0,"href":"https:\/\/www.headshop.nl\/pl\/wp-json\/wp\/v2\/pages\/46270\/revisions"}],"wp:attachment":[{"href":"https:\/\/www.headshop.nl\/pl\/wp-json\/wp\/v2\/media?parent=46270"}],"curies":[{"name":"wp","href":"https:\/\/api.w.org\/{rel}","templated":true}]}}