{"id":40797,"date":"2022-01-14T14:55:29","date_gmt":"2022-01-14T14:55:29","guid":{"rendered":"https:\/\/www.headshop.nl\/?page_id=40797"},"modified":"2022-01-17T10:43:40","modified_gmt":"2022-01-17T10:43:40","slug":"day-night-shopping","status":"publish","type":"page","link":"https:\/\/www.headshop.nl\/pl\/day-night-shopping\/","title":{"rendered":"Zakupy w dzie\u0144 i w nocy"},"content":{"rendered":"<div class=\"row row-collapse row-full-width\"  id=\"row-811544232\">\n\n\n\t<div id=\"col-1796865359\" class=\"col small-12 large-12\"  >\n\t\t\t\t<div class=\"col-inner text-center\"  >\n\t\t\t\n\t\t\t\n\n\n  <div class=\"banner has-hover\" id=\"banner-2081501527\">\n          <div class=\"banner-inner fill\">\n        <div class=\"banner-bg fill\" >\n                                                \n                    <\/div>\n\t\t\n        <div class=\"banner-layers container\">\n            <div class=\"fill banner-link\"><\/div>            \n\n   <div id=\"text-box-840036943\" class=\"text-box banner-layer x50 md-x50 lg-x50 y50 md-y50 lg-y50 res-text\">\n                                <div class=\"text-box-content text dark\">\n              \n              <div class=\"text-inner text-center\">\n                  \n\n\t<div id=\"text-1136126639\" class=\"text\">\n\t\t\n\n<h1><strong>Zakupy w dzie\u0144 i w nocy<\/strong><\/h1>\n<h2><strong>W sklepie, odbi\u00f3r i dostawa<\/strong><\/h2>\n\t\t\n<style>\n#text-1136126639 {\n  font-size: 0.75rem;\n  color: rgb(255, 255, 255);\n}\n#text-1136126639 > * {\n  color: rgb(255, 255, 255);\n}\n@media (min-width:550px) {\n  #text-1136126639 {\n    font-size: 1.05rem;\n  }\n}\n<\/style>\n\t<\/div>\n\t\n\t<div id=\"text-540752752\" class=\"text\">\n\t\t\n\n<h4><b>Wybierz sw\u00f3j czas:<\/b><\/h4>\n\t\t\n<style>\n#text-540752752 {\n  font-size: 0.75rem;\n  color: rgb(255, 255, 255);\n}\n#text-540752752 > * {\n  color: rgb(255, 255, 255);\n}\n@media (min-width:550px) {\n  #text-540752752 {\n    font-size: 1.05rem;\n  }\n}\n<\/style>\n\t<\/div>\n\t\n<div class=\"row row-collapse\"  id=\"row-1790615602\">\n\n\n\t<div id=\"col-712926229\" class=\"col medium-3 small-12 large-3\"  >\n\t\t\t\t<div class=\"col-inner\"  >\n\t\t\t\n\t\t\t\n\n\n\t\t<\/div>\n\t\t\t\t\t<\/div>\n\n\t\n\n\t<div id=\"col-951308706\" class=\"col medium-6 small-12 large-6\"  >\n\t\t\t\t<div class=\"col-inner text-center\"  >\n\t\t\t\n\t\t\t\n\n<a href=\"#dayshopping\" class=\"button success is-xlarge box-shadow-2 box-shadow-4-hover\" >\n\t\t<span>W sklepie: 10:00 - 17:00<\/span>\n\t<\/a>\n\n\n\n\t\t<\/div>\n\t\t\t\t\t<\/div>\n\n\t\n\n\t<div id=\"col-1676819948\" class=\"col medium-3 small-12 large-3\"  >\n\t\t\t\t<div class=\"col-inner\"  >\n\t\t\t\n\t\t\t\n\n\n\t\t<\/div>\n\t\t\t\t\t<\/div>\n\n\t\n\n<\/div>\n<div class=\"row row-collapse\"  id=\"row-1508311636\">\n\n\n\t<div id=\"col-19424790\" class=\"col medium-3 small-12 large-3\"  >\n\t\t\t\t<div class=\"col-inner\"  >\n\t\t\t\n\t\t\t\n\n\n\t\t<\/div>\n\t\t\t\t\t<\/div>\n\n\t\n\n\t<div id=\"col-1193278922\" class=\"col medium-6 small-12 large-6\"  >\n\t\t\t\t<div class=\"col-inner text-center\"  >\n\t\t\t\n\t\t\t\n\n<a href=\"#nightshopping\" class=\"button success is-xlarge box-shadow-2 box-shadow-4-hover\" >\n\t\t<span>Dostawa: 17:00 - 22:00<\/span>\n\t<\/a>\n\n\n\n\t\t<\/div>\n\t\t\t\t\t<\/div>\n\n\t\n\n\t<div id=\"col-1272168739\" class=\"col medium-3 small-12 large-3\"  >\n\t\t\t\t<div class=\"col-inner\"  >\n\t\t\t\n\t\t\t\n\n\n\t\t<\/div>\n\t\t\t\t\t<\/div>\n\n\t\n\n<\/div>\n\n              <\/div>\n           <\/div>\n                            \n<style>\n#text-box-840036943 {\n  width: 90%;\n}\n#text-box-840036943 .text-box-content {\n  font-size: 100%;\n}\n@media (min-width:550px) {\n  #text-box-840036943 {\n    width: 60%;\n  }\n}\n<\/style>\n    <\/div>\n \n\n        <\/div>\n      <\/div>\n\n            \n<style>\n#banner-2081501527 {\n  padding-top: 500px;\n}\n<\/style>\n  <\/div>\n\n\n\n\t\t<\/div>\n\t\t\t\t\n<style>\n#col-1796865359 > .col-inner {\n  margin: 0 0px 0px 0px;\n}\n<\/style>\n\t<\/div>\n\n\t\n\n\n<style>\n#row-811544232 > .col > .col-inner {\n  background-color: #000000;\n}\n<\/style>\n<\/div>\n<div class=\"row align-middle\"  id=\"row-328353467\">\n\n\n\t<div id=\"col-1075730259\" class=\"col small-12 large-12\"  >\n\t\t\t\t<div class=\"col-inner\"  >\n\t\t\t\n\t\t\t\n\n<div class=\"is-divider divider clearfix\" style=\"height:0px;\"><\/div>\n\n<span class=\"scroll-to\" data-label=\"Scroll to: #dayshopping\" data-bullet=\"true\" data-link=\"#dayshopping\" data-title=\"Change this\"><a name=\"dayshopping\"><\/a><\/span>\n\n<div class=\"container section-title-container\" ><h2 class=\"section-title section-title-normal\"><b aria-hidden=\"true\"><\/b><span class=\"section-title-main\" style=\"font-size:140%;\">Dzie\u0144 \u2600\ufe0f (10:00 - 17:00)<\/span><b aria-hidden=\"true\"><\/b><\/h2><\/div>\n\n<h2>Zakupy w sklepie<\/h2>\n<p>Z przyjemno\u015bci\u0105 informujemy, \u017ce nasze sklepy w Amsterdamie s\u0105 otwarte dla odwiedzaj\u0105cych! Zapraszamy 7 dni w tygodniu od 10:00 do 17:00.<\/p>\n\n\t\t<\/div>\n\t\t\t\t\t<\/div>\n\n\t\n\n<\/div>\n<div class=\"row align-center\"  id=\"row-573678232\">\n\n\n\t<div id=\"col-1285089703\" class=\"col medium-4 small-12 large-4\"  data-animate=\"fadeInRight\">\n\t\t\t\t<div class=\"col-inner box-shadow-2 box-shadow-4-hover\"  >\n\t\t\t\n\t\t\t\n\n\t<div class=\"img has-hover x md-x lg-x y md-y lg-y\" id=\"image_1874734662\">\n\t\t\t\t\t\t\t\t<div class=\"img-inner dark\" >\n\t\t\t<img loading=\"lazy\" decoding=\"async\" width=\"400\" height=\"275\" src=\"https:\/\/www.headshop.nl\/wp-content\/uploads\/2018\/04\/Headshop-Amsterdam.jpg\" class=\"attachment-original size-original\" alt=\"\" srcset=\"https:\/\/www.headshop.nl\/wp-content\/uploads\/2018\/04\/Headshop-Amsterdam.jpg 400w, https:\/\/www.headshop.nl\/wp-content\/uploads\/2018\/04\/Headshop-Amsterdam-64x44.jpg 64w\" sizes=\"auto, (max-width: 400px) 100vw, 400px\">\t\t\t\t\t\t\n\t\t\t\t\t<\/div>\n\t\t\t\t\t\t\t\t\n<style>\n#image_1874734662 {\n  width: 100%;\n}\n<\/style>\n\t<\/div>\n\t\n\n<p><strong>The Headshop<\/strong><br \/>Kloveniersburgwal 39<br \/>1011 JW Amsterdam<br \/>Holandia<\/p>\n<p><strong>Czynne od 10:00 do 17:00<br \/>Blisko placu Dam<\/strong><\/p>\n<p style=\"text-align: center;\"><span style=\"text-decoration: underline;\"><a href=\"https:\/\/goo.gl\/maps\/MvLf9tsGR91ED61Y7\" target=\"\u201d_blank\u201d\" rel=\"noopener\">Uzyskaj wskaz\u00f3wki dojazdu<\/a><\/span><\/p>\n\n\t\t<\/div>\n\t\t\t\t\t<\/div>\n\n\t\n\n\t<div id=\"col-1160834743\" class=\"col medium-4 small-12 large-4\"  data-animate=\"fadeInRight\">\n\t\t\t\t<div class=\"col-inner box-shadow-2 box-shadow-4-hover\"  >\n\t\t\t\n\t\t\t\n\n\t<div class=\"img has-hover x md-x lg-x y md-y lg-y\" id=\"image_1943842009\">\n\t\t\t\t\t\t\t\t<div class=\"img-inner dark\" >\n\t\t\t<img loading=\"lazy\" decoding=\"async\" width=\"400\" height=\"275\" src=\"https:\/\/www.headshop.nl\/wp-content\/uploads\/2018\/04\/Tatanka-Amsterdam-Shop.jpg\" class=\"attachment-original size-original\" alt=\"\" srcset=\"https:\/\/www.headshop.nl\/wp-content\/uploads\/2018\/04\/Tatanka-Amsterdam-Shop.jpg 400w, https:\/\/www.headshop.nl\/wp-content\/uploads\/2018\/04\/Tatanka-Amsterdam-Shop-64x44.jpg 64w\" sizes=\"auto, (max-width: 400px) 100vw, 400px\">\t\t\t\t\t\t\n\t\t\t\t\t<\/div>\n\t\t\t\t\t\t\t\t\n<style>\n#image_1943842009 {\n  width: 100%;\n}\n<\/style>\n\t<\/div>\n\t\n\n<p><strong>Tatanka<\/strong><br \/>Korte Leidsedwarsstraat 151a<br \/>1017 PZ Amsterdam<br \/>Holandia<\/p>\n<p><strong>Czynne od 10:00 do 17:00<br \/>Blisko Leidseplein<\/strong><\/p>\n<p style=\"text-align: center;\"><span style=\"text-decoration: underline;\"><a href=\"https:\/\/goo.gl\/maps\/2xgdPgpf9hXHxgTj8\" target=\"\u201d_blank\u201d\" rel=\"noopener\">Uzyskaj wskaz\u00f3wki dojazdu<\/a><\/span><\/p>\n\n\t\t<\/div>\n\t\t\t\t\t<\/div>\n\n\t\n\n\t<div id=\"col-60911627\" class=\"col medium-4 small-12 large-4\"  data-animate=\"fadeInRight\">\n\t\t\t\t<div class=\"col-inner text-left box-shadow-2 box-shadow-4-hover\"  >\n\t\t\t\n\t\t\t\n\n\t<div class=\"img has-hover x md-x lg-x y md-y lg-y\" id=\"image_1691601218\">\n\t\t\t\t\t\t\t\t<div class=\"img-inner dark\" >\n\t\t\t<img loading=\"lazy\" decoding=\"async\" width=\"400\" height=\"275\" src=\"https:\/\/www.headshop.nl\/wp-content\/uploads\/2018\/04\/Tatanka-Halve-Maan-Shop.jpg\" class=\"attachment-original size-original\" alt=\"\" srcset=\"https:\/\/www.headshop.nl\/wp-content\/uploads\/2018\/04\/Tatanka-Halve-Maan-Shop.jpg 400w, https:\/\/www.headshop.nl\/wp-content\/uploads\/2018\/04\/Tatanka-Halve-Maan-Shop-64x44.jpg 64w\" sizes=\"auto, (max-width: 400px) 100vw, 400px\">\t\t\t\t\t\t\n\t\t\t\t\t<\/div>\n\t\t\t\t\t\t\t\t\n<style>\n#image_1691601218 {\n  width: 100%;\n}\n<\/style>\n\t<\/div>\n\t\n\n<p><strong>Tatanka<\/strong><br \/>Halvemaansteeg 12<br \/>1017 CR Amsterdam<br \/>Holandia<\/p>\n<p><strong>Czynne od 10:00 do 17:00<br \/>Blisko Rembrandtplein<\/strong><\/p>\n<p style=\"text-align: center;\"><span style=\"text-decoration: underline;\"><a href=\"https:\/\/goo.gl\/maps\/MePDMapxMegeAmLGA\" target=\"\u201d_blank\u201d\" rel=\"noopener\">Uzyskaj wskaz\u00f3wki dojazdu<\/a><\/span><\/p>\n\n\t\t<\/div>\n\t\t\t\t\t<\/div>\n\n\t\n\n\n<style>\n#row-573678232 > .col > .col-inner {\n  padding: 20px 20px 20px 20px;\n}\n<\/style>\n<\/div>\n\t<div id=\"gap-2063009030\" class=\"gap-element clearfix\" style=\"display:block; height:auto;\">\n\t\t\n<style>\n#gap-2063009030 {\n  padding-top: 30px;\n}\n<\/style>\n\t<\/div>\n\t\n\n\n\t<section class=\"section dark\" id=\"section_815958346\">\n\t\t<div class=\"section-bg fill\" >\n\t\t\t\t\t\t\t\t\t\n\t\t\t\n\n\t\t<\/div>\n\n\t\t\n\n\t\t<div class=\"section-content relative\">\n\t\t\t\n\n<div class=\"row align-middle\"  id=\"row-450436102\">\n\n\n\t<div id=\"col-967666528\" class=\"col medium-8 small-12 large-8\"  >\n\t\t\t\t<div class=\"col-inner\"  >\n\t\t\t\n\t\t\t\n\n<span class=\"scroll-to\" data-label=\"Scroll to: #nightshopping\" data-bullet=\"true\" data-link=\"#nightshopping\" data-title=\"Change this\"><a name=\"nightshopping\"><\/a><\/span>\n\n<div class=\"container section-title-container\" ><h2 class=\"section-title section-title-normal\"><b aria-hidden=\"true\"><\/b><span class=\"section-title-main\" style=\"font-size:140%;\">Noc \ud83c\udf19 (17:00 - 22:00)<\/span><b aria-hidden=\"true\"><\/b><\/h2><\/div>\n\n<h2>Dostawa Whatsapp (tylko Amsterdam)<\/h2>\n<p>Dla wszystkich lokalnych klient\u00f3w w Amsterdamie uruchomili\u015bmy us\u0142ug\u0119 dostawy Whatsapp w godzinach 17:00-22:00.<\/p>\n<p>W ten spos\u00f3b mo\u017cemy nadal \u015bwiadczy\u0107 najlepsze mo\u017cliwe us\u0142ugi, nawet je\u015bli godziny otwarcia naszych sklep\u00f3w s\u0105 ograniczone z powodu przepis\u00f3w covidowych.<\/p>\n<p>Skontaktuj si\u0119 z naszym zespo\u0142em za po\u015brednictwem Whatsapp, aby od razu z\u0142o\u017cy\u0107 zam\u00f3wienie lub um\u00f3wi\u0107 si\u0119 na spotkanie. Ch\u0119tnie odpowiedz\u0105 na wszystkie pytania i pro\u015bby.&nbsp;<\/p>\n<p>Nasza us\u0142uga dostawy Whatsapp jest dost\u0119pna tylko dla naszych sklep\u00f3w w Amsterdamie. Potrzebujesz produkt\u00f3w w innym miejscu? Bez obaw, nadal mo\u017cesz z\u0142o\u017cy\u0107 zam\u00f3wienie w naszym zwyk\u0142ym sklepie internetowym!<\/p>\n\n<a href=\"https:\/\/www.headshop.nl\/pl\/whatsapp\/\" class=\"button success box-shadow-2 box-shadow-4-hover\">\n\t\t<span>Skontaktuj si\u0119 z nami (Whatsapp)<\/span>\n\t<\/a>\n\n\n\t<div id=\"text-1713469279\" class=\"text\">\n\t\t\n\n*Ceny online i offline mog\u0105 si\u0119 r\u00f3\u017cni\u0107 ze wzgl\u0119du na r\u00f3\u017cne koszty.\n\t\t\n<style>\n#text-1713469279 {\n  font-size: 0.75rem;\n}\n<\/style>\n\t<\/div>\n\t\n\n\t\t<\/div>\n\t\t\t\t\t<\/div>\n\n\t\n\n\t<div id=\"col-874373273\" class=\"col hide-for-small medium-4 small-12 large-4 small-col-first\"  >\n\t\t\t\t<div class=\"col-inner text-center\"  >\n\t\t\t\n\t\t\t\n\n\t<div id=\"gap-534198595\" class=\"gap-element clearfix\" style=\"display:block; height:auto;\">\n\t\t\n<style>\n#gap-534198595 {\n  padding-top: 10px;\n}\n<\/style>\n\t<\/div>\n\t\n\n\t<div class=\"img has-hover x md-x lg-x y md-y lg-y\" id=\"image_764869500\">\n\t\t<a class=\"image-lightbox lightbox-gallery\" title=\"\" href=\"https:\/\/www.headshop.nl\/wp-content\/uploads\/2022\/01\/Whatsapp-Logo-wit.png\">\t\t\t\t\t\t<div class=\"img-inner dark\" >\n\t\t\t<img loading=\"lazy\" decoding=\"async\" width=\"500\" height=\"500\" src=\"https:\/\/www.headshop.nl\/wp-content\/uploads\/2022\/01\/Whatsapp-Logo-wit.png\" class=\"attachment-original size-original\" alt=\"Logo Whatsapp z dowcipem\" srcset=\"https:\/\/www.headshop.nl\/wp-content\/uploads\/2022\/01\/Whatsapp-Logo-wit.png 500w, https:\/\/www.headshop.nl\/wp-content\/uploads\/2022\/01\/Whatsapp-Logo-wit-380x380.png 380w, https:\/\/www.headshop.nl\/wp-content\/uploads\/2022\/01\/Whatsapp-Logo-wit-420x420.png 420w, https:\/\/www.headshop.nl\/wp-content\/uploads\/2022\/01\/Whatsapp-Logo-wit-100x100.png 100w, https:\/\/www.headshop.nl\/wp-content\/uploads\/2022\/01\/Whatsapp-Logo-wit-64x64.png 64w\" sizes=\"auto, (max-width: 500px) 100vw, 500px\" \/>\t\t\t\t\t\t\n\t\t\t\t\t<\/div>\n\t\t\t\t\t\t<\/a>\t\t\n<style>\n#image_764869500 {\n  width: 20%;\n}\n@media (min-width:550px) {\n  #image_764869500 {\n    width: 72%;\n  }\n}\n<\/style>\n\t<\/div>\n\t\n\n<h3>Numer telefonu: <br \/><a href=\"https:\/\/www.headshop.nl\/pl\/whatsapp\/\">+31 6 86208770<\/a><\/h3>\n\n\t\t<\/div>\n\t\t\t\t\t<\/div>\n\n\t\n\n<\/div>\n\n\t\t<\/div>\n\n\t\t\n<style>\n#section_815958346 {\n  padding-top: 30px;\n  padding-bottom: 30px;\n  background-color: rgb(40, 40, 40);\n}\n<\/style>\n\t<\/section>\n\t\n\n\t<section class=\"section\" id=\"section_2051252894\">\n\t\t<div class=\"section-bg fill\" >\n\t\t\t\t\t\t\t\t\t\n\t\t\t\n\t<div class=\"is-border\"\n\t\tstyle=\"border-width:0px 0px 0px 0px;\">\n\t<\/div>\n\n\t\t<\/div>\n\n\t\t\n\n\t\t<div class=\"section-content relative\">\n\t\t\t\n\n<div class=\"row row-large align-middle\"  id=\"row-1885843972\">\n\n\n\t<div id=\"col-1518647069\" class=\"col medium-6 small-12 large-6\"  >\n\t\t\t\t<div class=\"col-inner text-left\"  >\n\t\t\t\n\t\t\t\n\n<h3 data-animated=\"true\" data-animate=\"fadeInLeft\">Nie jeste\u015b w Amsterdamie? Zam\u00f3w swoje ulubione produkty online!<\/h3>\n<p data-animated=\"true\" data-animate=\"fadeInLeft\">Nie jeste\u015b w okolicy? Nie martw si\u0119, mamy wszystko pod kontrol\u0105. Chocia\u017c nie mo\u017cesz korzysta\u0107 z naszej us\u0142ugi Whatsapp, nadal mo\u017cesz zamawia\u0107 nasze produkty w naszym zwyk\u0142ym sklepie internetowym. W ten spos\u00f3b mo\u017cesz cieszy\u0107 si\u0119 naszymi wspania\u0142ymi produktami z niemal ka\u017cdego miejsca w Europie.<\/p>\n<a href=\"\/pl\/\" class=\"button primary box-shadow-2 box-shadow-4-hover\" >\n\t\t<span>Kup teraz<\/span>\n\t<\/a>\n\n\n\n\t\t<\/div>\n\t\t\t\t\t<\/div>\n\n\t\n\n\t<div id=\"col-1384743723\" class=\"col medium-6 small-12 large-6 small-col-first\"  >\n\t\t\t\t<div class=\"col-inner\"  >\n\t\t\t\n\t\t\t\n\n\t<div class=\"img has-hover x md-x lg-x y md-y lg-y\" id=\"image_515738037\">\n\t\t\t\t\t\t\t\t<div class=\"img-inner dark\" >\n\t\t\t<img loading=\"lazy\" decoding=\"async\" width=\"600\" height=\"400\" src=\"https:\/\/www.headshop.nl\/wp-content\/uploads\/2018\/05\/Discreet-Shipping-Tatanka.jpg\" class=\"attachment-original size-original\" alt=\"\" srcset=\"https:\/\/www.headshop.nl\/wp-content\/uploads\/2018\/05\/Discreet-Shipping-Tatanka.jpg 600w, https:\/\/www.headshop.nl\/wp-content\/uploads\/2018\/05\/Discreet-Shipping-Tatanka-420x280.jpg 420w, https:\/\/www.headshop.nl\/wp-content\/uploads\/2018\/05\/Discreet-Shipping-Tatanka-64x43.jpg 64w\" sizes=\"auto, (max-width: 600px) 100vw, 600px\">\t\t\t\t\t\t\n\t\t\t\t\t<\/div>\n\t\t\t\t\t\t\t\t\n<style>\n#image_515738037 {\n  width: 100%;\n}\n<\/style>\n\t<\/div>\n\t\n\n\t<div id=\"gap-997945194\" class=\"gap-element clearfix\" style=\"display:block; height:auto;\">\n\t\t\n<style>\n#gap-997945194 {\n  padding-top: 10px;\n}\n<\/style>\n\t<\/div>\n\t\n\n\n\t\t<\/div>\n\t\t\t\t\t<\/div>\n\n\t\n\n<\/div>\n\n\t\t<\/div>\n\n\t\t\n<style>\n#section_2051252894 {\n  padding-top: 60px;\n  padding-bottom: 60px;\n}\n<\/style>\n\t<\/section>","protected":false},"excerpt":{"rendered":"","protected":false},"author":807,"featured_media":0,"parent":0,"menu_order":0,"comment_status":"closed","ping_status":"closed","template":"page-blank.php","meta":{"footnotes":""},"class_list":["post-40797","page","type-page","status-publish","hentry"],"_links":{"self":[{"href":"https:\/\/www.headshop.nl\/pl\/wp-json\/wp\/v2\/pages\/40797","targetHints":{"allow":["GET"]}}],"collection":[{"href":"https:\/\/www.headshop.nl\/pl\/wp-json\/wp\/v2\/pages"}],"about":[{"href":"https:\/\/www.headshop.nl\/pl\/wp-json\/wp\/v2\/types\/page"}],"author":[{"embeddable":true,"href":"https:\/\/www.headshop.nl\/pl\/wp-json\/wp\/v2\/users\/807"}],"replies":[{"embeddable":true,"href":"https:\/\/www.headshop.nl\/pl\/wp-json\/wp\/v2\/comments?post=40797"}],"version-history":[{"count":0,"href":"https:\/\/www.headshop.nl\/pl\/wp-json\/wp\/v2\/pages\/40797\/revisions"}],"wp:attachment":[{"href":"https:\/\/www.headshop.nl\/pl\/wp-json\/wp\/v2\/media?parent=40797"}],"curies":[{"name":"wp","href":"https:\/\/api.w.org\/{rel}","templated":true}]}}