{"id":36757,"date":"2021-09-20T13:47:44","date_gmt":"2021-09-20T13:47:44","guid":{"rendered":"https:\/\/www.headshop.nl\/?page_id=36757"},"modified":"2024-08-20T10:03:27","modified_gmt":"2024-08-20T10:03:27","slug":"partners","status":"publish","type":"page","link":"https:\/\/www.headshop.nl\/pl\/partners\/","title":{"rendered":"Partnerzy"},"content":{"rendered":"<div id=\"gap-727484012\" class=\"gap-element clearfix\" style=\"display:block; height:auto;\">\n\t\t\n<style>\n#gap-727484012 {\n  padding-top: 30px;\n}\n<\/style>\n\t<\/div>\n\t\n\n<div class=\"container section-title-container\" ><h1 class=\"section-title section-title-normal\"><b aria-hidden=\"true\"><\/b><span class=\"section-title-main\" style=\"font-size:149%;\">Partnerzy<\/span><b aria-hidden=\"true\"><\/b><\/h1><\/div>\n\n<div class=\"row\"  id=\"row-1405418938\">\n\n\n\t<div id=\"col-879583944\" class=\"col medium-8 small-12 large-8\"  >\n\t\t\t\t<div class=\"col-inner\"  >\n\t\t\t\n\t\t\t\n\n<h2 data-animated=\"true\" data-animate=\"fadeInLeft\">The Headshop x Tatanka x Smartific<\/h2>\n<p data-animated=\"true\" data-animate=\"fadeInLeft\">Je\u015bli s\u0142ysza\u0142e\u015b tylko o jednym smartshopie lub headshopie, to jest to The Headshop. Od dziesi\u0119cioleci ci\u0119\u017cko pracujemy, aby zapewni\u0107 najlepsze wra\u017cenia, co stworzy\u0142o nasz\u0105 wspania\u0142\u0105 reputacj\u0119 i jeste\u015bmy dumni, \u017ce mo\u017cemy to powiedzie\u0107! Ale czy wiesz r\u00f3wnie\u017c, \u017ce smartshopy Tatanka s\u0105 cz\u0119\u015bci\u0105 naszej rodziny? Te smartshopy s\u0105 r\u00f3wnie\u017c dobrze znane w ca\u0142ej Europie i razem pracujemy, aby zaspokoi\u0107 wszystkie Twoje potrzeby.<\/p>\n<p data-animated=\"true\" data-animate=\"fadeInLeft\">Oczywi\u015bcie nie ka\u017cdy jest w stanie podr\u00f3\u017cowa\u0107 do Amsterdamu do naszych sklep\u00f3w. Poniewa\u017c chcemy r\u00f3wnie\u017c pom\u00f3c tym, kt\u00f3rzy nie mog\u0105 przyj\u015b\u0107 do sklep\u00f3w, po\u0142\u0105czyli\u015bmy si\u0142y z jednym z najlepszych sklep\u00f3w internetowych w Europie: Smartific.<\/p>\n<p data-animated=\"true\" data-animate=\"fadeInLeft\">Smartific jest jednym z czo\u0142owych graczy na rynku holenderskim i specjalizuje si\u0119 we wszystkich rodzajach produkt\u00f3w. Koncentruje si\u0119 r\u00f3wnie\u017c na dostarczaniu jasnych informacji o wszystkich produktach. Zgadzamy si\u0119: edukacja jest bardzo wa\u017cna na naszym polu gry! Ich wci\u0105gaj\u0105ce artyku\u0142y informacyjne s\u0105 bardzo dok\u0142adne i imponuj\u0105ce. Zdecydowanie sprawd\u017a ich \u015bwietne Smartwiki.<\/p>\n<p data-animated=\"true\" data-animate=\"fadeInLeft\">Zaciekawi\u0142e\u015b si\u0119 Smartific? Zajrzyj na ich holendersk\u0105 stron\u0119 internetow\u0105: <span style=\"text-decoration: underline;\"><a href=\"https:\/\/www.smartific.nl\/\" target=\"_blank\" rel=\"noopener\">https:\/\/www.smartific.nl\/<\/a><\/span> lub dla reszty Europy: <span style=\"text-decoration: underline;\"><a href=\"https:\/\/www.smartific.com\" target=\"_blank\" rel=\"noopener\">https:\/\/www.smartific.com<\/a>\/<\/span>. I nie zapomnij o niesamowitym sklepie Tatanka: <a href=\"https:\/\/www.tatanka.nl\/\" target=\"_blank\" rel=\"noopener\">https:\/\/www.tatanka.nl\/<\/a>.<\/p>\n<h3 data-animated=\"true\" data-animate=\"fadeInLeft\">The Headshop x MagicTruffels.Shop X Paddo.shop<\/h3>\n<p>The Headshop jest wype\u0142niony wspania\u0142ymi produktami smarts i headshop. Prawdopodobnie najpopularniejszym z tych produkt\u00f3w s\u0105 s\u0142ynne Magiczne Trufle. Nawi\u0105zali\u015bmy wsp\u00f3\u0142prac\u0119 z holenderskimi specjalistami od magicznych trufli z MagicTruffels.shop. S\u0105 oni ekspertami w dziedzinie produkt\u00f3w zawieraj\u0105cych psylocybin\u0119. Wsp\u00f3lnie wykorzystujemy nasz\u0105 wiedz\u0119 i wyniki bada\u0144, aby zapewni\u0107 wszystkim naszym klientom jak najlepsze wra\u017cenia. Zapraszamy na ich stron\u0119 internetow\u0105: <span style=\"text-decoration: underline;\"><a href=\"https:\/\/www.magictruffels.shop\/\" target=\"_blank\" rel=\"noopener\">https:\/\/www.magictruffels.shop\/<\/a><\/span>.<\/p>\n<p>Wolisz hodowa\u0107 w\u0142asne psychodeliczne produkty? Szcz\u0119\u015bciarz! Maj\u0105 tak\u017ce \u015bwietny dedykowany sklep internetowy, kt\u00f3ry jest ca\u0142kowicie zbudowany wok\u00f3\u0142 zestaw\u00f3w do uprawy magicznych grzyb\u00f3w. To jest ich strona internetowa: <span style=\"text-decoration: underline;\"><a href=\"https:\/\/www.paddo.shop\/\" target=\"_blank\" rel=\"noopener\">https:\/\/www.paddo.shop\/<\/a><\/span><\/p>\n<h2 data-pm-slice=\"1 1 &#091;&#093;\">The Headshop x McSmart<\/h2>\n<p>Wij van Headshop zijn trots op onze samenwerking met <a href=\"https:\/\/www.mcsmart.com\/\" target=\"_blank\" rel=\"noopener\">McSmart<\/a>jest to najwi\u0119kszy rynek dla smartshop\u00f3w. Dzi\u0119ki tej wsp\u00f3\u0142pracy mo\u017cemy uzyska\u0107 dost\u0119p do szerokiej gamy produkt\u00f3w, w tym Magic Truffels, Growkits i suplement\u00f3w diety. McSmart s\u0142ynie z doskona\u0142ej jako\u015bci i innowacyjnych produkt\u00f3w, kt\u00f3re oferujemy naszym klientom. Dzi\u0119ki po\u0142\u0105czeniu naszych produkt\u00f3w z McSmart, jeste\u015bmy w stanie zapewni\u0107 najlepsze produkty smartshop na rynku, a naszym klientom najwy\u017csz\u0105 jako\u015b\u0107. Ju\u017c dzi\u015b zapoznaj si\u0119 z szerok\u0105 gam\u0105 produkt\u00f3w McSmart i sprawd\u017a r\u00f3\u017cnic\u0119.<\/p>\n\n\t\t<\/div>\n\t\t\t\t\t<\/div>\n\n\t\n\n\t<div id=\"col-1020374834\" class=\"col medium-4 small-12 large-4 small-col-first\"  >\n\t\t\t\t<div class=\"col-inner\"  >\n\t\t\t\n\t\t\t\n\n\t<div class=\"img has-hover x md-x lg-x y md-y lg-y\" id=\"image_660943606\">\n\t\t\t\t\t\t\t\t<div class=\"img-inner dark\" >\n\t\t\t<img loading=\"lazy\" decoding=\"async\" width=\"1500\" height=\"768\" src=\"https:\/\/www.headshop.nl\/wp-content\/uploads\/2019\/08\/Logo-The-Headshop-DEF.png\" class=\"attachment-original size-original\" alt=\"The Headshop Logo\" srcset=\"https:\/\/www.headshop.nl\/wp-content\/uploads\/2019\/08\/Logo-The-Headshop-DEF.png 1500w, https:\/\/www.headshop.nl\/wp-content\/uploads\/2019\/08\/Logo-The-Headshop-DEF-420x215.png 420w, https:\/\/www.headshop.nl\/wp-content\/uploads\/2019\/08\/Logo-The-Headshop-DEF-64x33.png 64w, https:\/\/www.headshop.nl\/wp-content\/uploads\/2019\/08\/Logo-The-Headshop-DEF-380x195.png 380w, https:\/\/www.headshop.nl\/wp-content\/uploads\/2019\/08\/Logo-The-Headshop-DEF-600x307.png 600w, https:\/\/www.headshop.nl\/wp-content\/uploads\/2019\/08\/Logo-The-Headshop-DEF-768x393.png 768w, https:\/\/www.headshop.nl\/wp-content\/uploads\/2019\/08\/Logo-The-Headshop-DEF-800x410.png 800w\" sizes=\"auto, (max-width: 1500px) 100vw, 1500px\" \/>\t\t\t\t\t\t\n\t\t\t\t\t<\/div>\n\t\t\t\t\t\t\t\t\n<style>\n#image_660943606 {\n  width: 100%;\n}\n<\/style>\n\t<\/div>\n\t\n\n\t<div id=\"gap-1478451347\" class=\"gap-element clearfix\" style=\"display:block; height:auto;\">\n\t\t\n<style>\n#gap-1478451347 {\n  padding-top: 10px;\n}\n<\/style>\n\t<\/div>\n\t\n\n\n\t\t<\/div>\n\t\t\t\t\t<\/div>\n\n\t\n\n<\/div>","protected":false},"excerpt":{"rendered":"","protected":false},"author":807,"featured_media":0,"parent":0,"menu_order":0,"comment_status":"closed","ping_status":"closed","template":"page-blank.php","meta":{"footnotes":""},"class_list":["post-36757","page","type-page","status-publish","hentry"],"_links":{"self":[{"href":"https:\/\/www.headshop.nl\/pl\/wp-json\/wp\/v2\/pages\/36757","targetHints":{"allow":["GET"]}}],"collection":[{"href":"https:\/\/www.headshop.nl\/pl\/wp-json\/wp\/v2\/pages"}],"about":[{"href":"https:\/\/www.headshop.nl\/pl\/wp-json\/wp\/v2\/types\/page"}],"author":[{"embeddable":true,"href":"https:\/\/www.headshop.nl\/pl\/wp-json\/wp\/v2\/users\/807"}],"replies":[{"embeddable":true,"href":"https:\/\/www.headshop.nl\/pl\/wp-json\/wp\/v2\/comments?post=36757"}],"version-history":[{"count":1,"href":"https:\/\/www.headshop.nl\/pl\/wp-json\/wp\/v2\/pages\/36757\/revisions"}],"predecessor-version":[{"id":80977,"href":"https:\/\/www.headshop.nl\/pl\/wp-json\/wp\/v2\/pages\/36757\/revisions\/80977"}],"wp:attachment":[{"href":"https:\/\/www.headshop.nl\/pl\/wp-json\/wp\/v2\/media?parent=36757"}],"curies":[{"name":"wp","href":"https:\/\/api.w.org\/{rel}","templated":true}]}}