{"id":164,"date":"2015-11-19T10:40:52","date_gmt":"2015-11-19T10:40:52","guid":{"rendered":"http:\/\/flatsome.dev\/my-account\/"},"modified":"2021-08-24T08:18:39","modified_gmt":"2021-08-24T08:18:39","slug":"my-account","status":"publish","type":"page","link":"https:\/\/www.headshop.nl\/pl\/my-account\/","title":{"rendered":"Twoje konto"},"content":{"rendered":"<div id=\"gap-1718631396\" class=\"gap-element clearfix\" style=\"display:block; height:auto;\">\n\t\t\n<style>\n#gap-1718631396 {\n  padding-top: 10px;\n}\n<\/style>\n\t<\/div>\n\t\n\n<h3 style=\"text-align: left;\"><span style=\"font-size: 100%;\">Nigdy nie by\u0142e\u015b w The online Headshop?<\/span><\/h3>\n<p><span style=\"font-size: 100%;\">1. Mo\u017cesz z\u0142o\u017cy\u0107 zam\u00f3wienie jako go\u015b\u0107.<\/span><br \/><span style=\"font-size: 100%;\">2. Utw\u00f3rz konto automatycznie po z\u0142o\u017ceniu zam\u00f3wienia.<\/span><br \/><span style=\"font-size: 100%;\">3. Zarejestruj nowe konto, aktywuj konto w wiadomo\u015bci e-mail.<\/span><\/p>\n<hr>\n<div class=\"woocommerce\"><\/div>\n\t<div id=\"gap-1172968114\" class=\"gap-element clearfix\" style=\"display:block; height:auto;\">\n\t\t\n<style>\n#gap-1172968114 {\n  padding-top: 30px;\n}\n<\/style>\n\t<\/div>","protected":false},"excerpt":{"rendered":"","protected":false},"author":807,"featured_media":0,"parent":0,"menu_order":0,"comment_status":"closed","ping_status":"closed","template":"page-my-account.php","meta":{"footnotes":""},"class_list":["post-164","page","type-page","status-publish","hentry"],"_links":{"self":[{"href":"https:\/\/www.headshop.nl\/pl\/wp-json\/wp\/v2\/pages\/164","targetHints":{"allow":["GET"]}}],"collection":[{"href":"https:\/\/www.headshop.nl\/pl\/wp-json\/wp\/v2\/pages"}],"about":[{"href":"https:\/\/www.headshop.nl\/pl\/wp-json\/wp\/v2\/types\/page"}],"author":[{"embeddable":true,"href":"https:\/\/www.headshop.nl\/pl\/wp-json\/wp\/v2\/users\/807"}],"replies":[{"embeddable":true,"href":"https:\/\/www.headshop.nl\/pl\/wp-json\/wp\/v2\/comments?post=164"}],"version-history":[{"count":0,"href":"https:\/\/www.headshop.nl\/pl\/wp-json\/wp\/v2\/pages\/164\/revisions"}],"wp:attachment":[{"href":"https:\/\/www.headshop.nl\/pl\/wp-json\/wp\/v2\/media?parent=164"}],"curies":[{"name":"wp","href":"https:\/\/api.w.org\/{rel}","templated":true}]}}