{"id":16265,"date":"2018-05-05T18:03:54","date_gmt":"2018-05-05T18:03:54","guid":{"rendered":"http:\/\/headshop.nl\/?page_id=16265"},"modified":"2025-07-16T14:22:47","modified_gmt":"2025-07-16T14:22:47","slug":"contact-us","status":"publish","type":"page","link":"https:\/\/www.headshop.nl\/pl\/contact-us\/","title":{"rendered":"Kontakt"},"content":{"rendered":"<div id=\"gap-217380557\" class=\"gap-element clearfix\" style=\"display:block; height:auto;\">\n\t\t\n<style>\n#gap-217380557 {\n  padding-top: 40px;\n}\n<\/style>\n\t<\/div>\n\t\n\n<div class=\"row row-small\"  id=\"row-1435504038\">\n\n\n\t<div id=\"col-1278297644\" class=\"col small-12 large-12 small-col-first\"  >\n\t\t\t\t<div class=\"col-inner text-left box-shadow-3\"  >\n\t\t\t\n\t\t\t\n\n\t<div class=\"img has-hover x md-x lg-x y md-y lg-y\" id=\"image_1572009545\">\n\t\t\t\t\t\t\t\t<div class=\"img-inner dark\" >\n\t\t\t<img loading=\"lazy\" decoding=\"async\" width=\"1920\" height=\"676\" src=\"https:\/\/www.headshop.nl\/wp-content\/uploads\/2019\/08\/recovery_headshop_smartshop_banner.jpg\" class=\"attachment-original size-original\" alt=\"\" srcset=\"https:\/\/www.headshop.nl\/wp-content\/uploads\/2019\/08\/recovery_headshop_smartshop_banner.jpg 1920w, https:\/\/www.headshop.nl\/wp-content\/uploads\/2019\/08\/recovery_headshop_smartshop_banner-420x148.jpg 420w, https:\/\/www.headshop.nl\/wp-content\/uploads\/2019\/08\/recovery_headshop_smartshop_banner-64x23.jpg 64w, https:\/\/www.headshop.nl\/wp-content\/uploads\/2019\/08\/recovery_headshop_smartshop_banner-380x134.jpg 380w, https:\/\/www.headshop.nl\/wp-content\/uploads\/2019\/08\/recovery_headshop_smartshop_banner-600x211.jpg 600w, https:\/\/www.headshop.nl\/wp-content\/uploads\/2019\/08\/recovery_headshop_smartshop_banner-768x270.jpg 768w, https:\/\/www.headshop.nl\/wp-content\/uploads\/2019\/08\/recovery_headshop_smartshop_banner-800x282.jpg 800w\" sizes=\"auto, (max-width: 1920px) 100vw, 1920px\">\t\t\t\t\t\t\n\t\t\t\t\t<\/div>\n\t\t\t\t\t\t\t\t\n<style>\n#image_1572009545 {\n  width: 100%;\n}\n<\/style>\n\t<\/div>\n\t\n\n<h1><span style=\"font-size: 120%;\">Kontakt<\/span><\/h1>\n<p>Mo\u017cna si\u0119 z nami skontaktowa\u0107 przez e-mail lub telefonicznie. Zaleca si\u0119 wys\u0142anie wiadomo\u015bci e-mail, nasz dzia\u0142 obs\u0142ugi klienta zawsze odpowiada na e-maile w ci\u0105gu 1 dnia roboczego. Nie mo\u017cemy odpowiada\u0107 na pytania dotycz\u0105ce sklepu internetowego w naszych sklepach.<\/p>\n\n<div class=\"is-divider divider clearfix\" style=\"max-width:0px;height:10px;\"><\/div>\n\n<div class=\"row\"  id=\"row-344885316\">\n\n\n\t<div id=\"col-1946097080\" class=\"col medium-4 small-12 large-4\"  >\n\t\t\t\t<div class=\"col-inner\"  >\n\t\t\t\n\t\t\t\n\n<h2>E-mail<\/h2>\n<p>Masz pytanie dotycz\u0105ce zam\u00f3wienia online? Podaj numer zam\u00f3wienia. 1TP373Na wiadomo\u015bci odpowiadamy zwykle w ci\u0105gu 1 dnia roboczego.<\/p>\n<a href=\"mailto:info@headshop.nl?subject=Support%20request%20%7C%20Headshop.nl&#038;body=Hey%20Headshop%2C%0A%0AI%E2%80%99ve%20a%20question%20about%20my%20order.%20%0A%0AYou%20can%20find%20my%20order%20number%20and%20question%20below.%0A%0AOrder%20number%3A%0AMy%20question%20is%3A%0A\" class=\"button primary\" style=\"border-radius:10px;\">\n\t\t<span>Wy\u015blij wiadomo\u015b\u0107 e-mail<\/span>\n\t<i class=\"icon-envelop\" aria-hidden=\"true\"><\/i><\/a>\n\n\n\n\t\t<\/div>\n\t\t\t\t\t<\/div>\n\n\t\n\n\t<div id=\"col-2131906172\" class=\"col medium-4 small-12 large-4\"  >\n\t\t\t\t<div class=\"col-inner\"  >\n\t\t\t\n\t\t\t\n\n<h2>Adres<\/h2>\n<p>Headshop<br \/>PePePe BV<br \/>Sulky 6 J<br \/>Zeewolde<br \/>3897AJ<\/p>\n<p><strong>KVK:<\/strong> 34236211<br \/><strong>BTW:<\/strong> NL815030411B01<\/p>\n\n\n\t\t<\/div>\n\t\t\t\t\t<\/div>\n\n\t\n\n\t<div id=\"col-2035963219\" class=\"col medium-4 small-12 large-4\"  >\n\t\t\t\t<div class=\"col-inner\"  >\n\t\t\t\n\t\t\t\n\n<h2>Telefon<\/h2>\n<p>(0031)(0)30-2074448<\/p>\n\n\n\t\t<\/div>\n\t\t\t\t\t<\/div>\n\n\t\n\n<\/div>\n\n\t\t<\/div>\n\t\t\t\t\n<style>\n#col-1278297644 > .col-inner {\n  padding: 30px 30px 30px 30px;\n}\n<\/style>\n\t<\/div>\n\n\t\n\n<\/div>\n<div class=\"row row-small row-box-shadow-3\"  id=\"row-12334645\">\n\n\n\n\n<style>\n#row-12334645 > .col > .col-inner {\n  padding: 30px 30px 30px 30px;\n}\n<\/style>\n<\/div>\n\t<div id=\"gap-1150461963\" class=\"gap-element clearfix\" style=\"display:block; height:auto;\">\n\t\t\n<style>\n#gap-1150461963 {\n  padding-top: 20px;\n}\n<\/style>\n\t<\/div>","protected":false},"excerpt":{"rendered":"","protected":false},"author":807,"featured_media":0,"parent":0,"menu_order":0,"comment_status":"closed","ping_status":"closed","template":"page-blank.php","meta":{"footnotes":""},"class_list":["post-16265","page","type-page","status-publish","hentry"],"_links":{"self":[{"href":"https:\/\/www.headshop.nl\/pl\/wp-json\/wp\/v2\/pages\/16265","targetHints":{"allow":["GET"]}}],"collection":[{"href":"https:\/\/www.headshop.nl\/pl\/wp-json\/wp\/v2\/pages"}],"about":[{"href":"https:\/\/www.headshop.nl\/pl\/wp-json\/wp\/v2\/types\/page"}],"author":[{"embeddable":true,"href":"https:\/\/www.headshop.nl\/pl\/wp-json\/wp\/v2\/users\/807"}],"replies":[{"embeddable":true,"href":"https:\/\/www.headshop.nl\/pl\/wp-json\/wp\/v2\/comments?post=16265"}],"version-history":[{"count":4,"href":"https:\/\/www.headshop.nl\/pl\/wp-json\/wp\/v2\/pages\/16265\/revisions"}],"predecessor-version":[{"id":85491,"href":"https:\/\/www.headshop.nl\/pl\/wp-json\/wp\/v2\/pages\/16265\/revisions\/85491"}],"wp:attachment":[{"href":"https:\/\/www.headshop.nl\/pl\/wp-json\/wp\/v2\/media?parent=16265"}],"curies":[{"name":"wp","href":"https:\/\/api.w.org\/{rel}","templated":true}]}}