{"id":15358,"date":"2018-04-26T14:03:19","date_gmt":"2018-04-26T14:03:19","guid":{"rendered":"http:\/\/headshop.nl\/?page_id=15358"},"modified":"2025-07-16T13:52:00","modified_gmt":"2025-07-16T13:52:00","slug":"stores","status":"publish","type":"page","link":"https:\/\/www.headshop.nl\/pl\/stores\/","title":{"rendered":"Sklepy"},"content":{"rendered":"<div id=\"gap-1713969483\" class=\"gap-element clearfix\" style=\"display:block; height:auto;\">\n\t\t\n<style>\n#gap-1713969483 {\n  padding-top: 15px;\n}\n<\/style>\n\t<\/div>\n\t\n\n<div class=\"container section-title-container\" ><h2 class=\"section-title section-title-center\"><b aria-hidden=\"true\"><\/b><span class=\"section-title-main\" style=\"font-size:119%;\">Sklepy<\/span><b aria-hidden=\"true\"><\/b><\/h2><\/div>\n\n\t<div id=\"gap-995839063\" class=\"gap-element clearfix\" style=\"display:block; height:auto;\">\n\t\t\n<style>\n#gap-995839063 {\n  padding-top: 30px;\n}\n<\/style>\n\t<\/div>\n\t\n\n<div class=\"row align-center\"  id=\"row-2043154239\">\n\n\n\n\n\t<div id=\"col-1616716364\" class=\"col medium-4 small-12 large-4\"  data-animate=\"fadeInRight\">\n\t\t\t\t<div class=\"col-inner box-shadow-2 box-shadow-4-hover\"  >\n\t\t\t\n\t\t\t\n\n\t<div class=\"img has-hover x md-x lg-x y md-y lg-y\" id=\"image_1429631784\">\n\t\t\t\t\t\t\t\t<div class=\"img-inner dark\" >\n\t\t\t<img loading=\"lazy\" decoding=\"async\" width=\"400\" height=\"275\" src=\"https:\/\/www.headshop.nl\/wp-content\/uploads\/2018\/04\/Headshop-Amsterdam.jpg\" class=\"attachment-original size-original\" alt=\"\" srcset=\"https:\/\/www.headshop.nl\/wp-content\/uploads\/2018\/04\/Headshop-Amsterdam.jpg 400w, https:\/\/www.headshop.nl\/wp-content\/uploads\/2018\/04\/Headshop-Amsterdam-64x44.jpg 64w\" sizes=\"auto, (max-width: 400px) 100vw, 400px\">\t\t\t\t\t\t\n\t\t\t\t\t<\/div>\n\t\t\t\t\t\t\t\t\n<style>\n#image_1429631784 {\n  width: 100%;\n}\n<\/style>\n\t<\/div>\n\t\n\n<h2><span style=\"font-size: 80%;\"><strong>The Headshop<\/strong><\/span><\/h2>\n<p>Kloveniersburgwal 39<br \/>1011 JW Amsterdam<br \/>Holandia<\/p>\n<p><strong>Czynne od 10:00 do 22:00<\/strong><\/p>\n\n<a href=\"https:\/\/goo.gl\/maps\/MvLf9tsGR91ED61Y7\" target=\"_blank\" class=\"button success\" rel=\"noopener\" style=\"border-radius:10px;\">\n\t\t<span>Uzyskaj wskaz\u00f3wki dojazdu<\/span>\n\t<i class=\"icon-map-pin-fill\" aria-hidden=\"true\"><\/i><\/a>\n\n\n\n\t\t<\/div>\n\t\t\t\t\t<\/div>\n\n\t\n\n\t<div id=\"col-425437105\" class=\"col medium-4 small-12 large-4\"  data-animate=\"fadeInRight\">\n\t\t\t\t<div class=\"col-inner box-shadow-2 box-shadow-4-hover\"  >\n\t\t\t\n\t\t\t\n\n\t<div class=\"img has-hover x md-x lg-x y md-y lg-y\" id=\"image_39568675\">\n\t\t\t\t\t\t\t\t<div class=\"img-inner dark\" >\n\t\t\t<img loading=\"lazy\" decoding=\"async\" width=\"400\" height=\"275\" src=\"https:\/\/www.headshop.nl\/wp-content\/uploads\/2021\/08\/Tatanka-Amsterdam-Shop.jpg\" class=\"attachment-original size-original\" alt=\"Tatanka Amsterdam Shop\" srcset=\"https:\/\/www.headshop.nl\/wp-content\/uploads\/2021\/08\/Tatanka-Amsterdam-Shop.jpg 400w, https:\/\/www.headshop.nl\/wp-content\/uploads\/2021\/08\/Tatanka-Amsterdam-Shop-64x44.jpg 64w, https:\/\/www.headshop.nl\/wp-content\/uploads\/2021\/08\/Tatanka-Amsterdam-Shop-380x261.jpg 380w\" sizes=\"auto, (max-width: 400px) 100vw, 400px\" \/>\t\t\t\t\t\t\n\t\t\t\t\t<\/div>\n\t\t\t\t\t\t\t\t\n<style>\n#image_39568675 {\n  width: 100%;\n}\n<\/style>\n\t<\/div>\n\t\n\n<h2><span style=\"font-size: 80%;\"><strong>Tatanka Leidseplein<\/strong><\/span><\/h2>\n<p>Korte Leidsedwarsstraat 151a<br \/>1017 PZ Amsterdam<br \/>Holandia<\/p>\n<p><strong>Czynne od 10:00 do 22:00<\/strong><\/p>\n\n<a href=\"https:\/\/goo.gl\/maps\/2xgdPgpf9hXHxgTj8\" target=\"_blank\" class=\"button success\" rel=\"noopener\" style=\"border-radius:10px;\">\n\t\t<span>Uzyskaj wskaz\u00f3wki dojazdu<\/span>\n\t<i class=\"icon-map-pin-fill\" aria-hidden=\"true\"><\/i><\/a>\n\n\n\n\t\t<\/div>\n\t\t\t\t\t<\/div>\n\n\t\n\n\t<div id=\"col-104468693\" class=\"col medium-4 small-12 large-4\"  data-animate=\"fadeInRight\">\n\t\t\t\t<div class=\"col-inner box-shadow-2 box-shadow-4-hover\"  >\n\t\t\t\n\t\t\t\n\n\t<div class=\"img has-hover x md-x lg-x y md-y lg-y\" id=\"image_2054323852\">\n\t\t\t\t\t\t\t\t<div class=\"img-inner dark\" >\n\t\t\t<img loading=\"lazy\" decoding=\"async\" width=\"400\" height=\"275\" src=\"https:\/\/www.headshop.nl\/wp-content\/uploads\/2021\/08\/Tatanka-Halve-Maan.jpg\" class=\"attachment-original size-original\" alt=\"Tatanka Halvemaan\" srcset=\"https:\/\/www.headshop.nl\/wp-content\/uploads\/2021\/08\/Tatanka-Halve-Maan.jpg 400w, https:\/\/www.headshop.nl\/wp-content\/uploads\/2021\/08\/Tatanka-Halve-Maan-64x44.jpg 64w, https:\/\/www.headshop.nl\/wp-content\/uploads\/2021\/08\/Tatanka-Halve-Maan-380x261.jpg 380w\" sizes=\"auto, (max-width: 400px) 100vw, 400px\" \/>\t\t\t\t\t\t\n\t\t\t\t\t<\/div>\n\t\t\t\t\t\t\t\t\n<style>\n#image_2054323852 {\n  width: 100%;\n}\n<\/style>\n\t<\/div>\n\t\n\n<h2><span style=\"font-size: 80%;\"><strong>Tatanka Rembrandtplein<\/strong><\/span><\/h2>\n<p>Halvemaansteeg 12<br \/>1017 CR Amsterdam<br \/>Holandia<\/p>\n<p><strong>Czynne od 10:00 do 22:00<\/strong><\/p>\n\n<a href=\"https:\/\/goo.gl\/maps\/MePDMapxMegeAmLGA\" target=\"_blank\" class=\"button success\" rel=\"noopener\" style=\"border-radius:10px;\">\n\t\t<span>Uzyskaj wskaz\u00f3wki dojazdu<\/span>\n\t<i class=\"icon-map-pin-fill\" aria-hidden=\"true\"><\/i><\/a>\n\n\n\n\t\t<\/div>\n\t\t\t\t\t<\/div>\n\n\t\n\n\n<style>\n#row-2043154239 > .col > .col-inner {\n  padding: 20px 20px 20px 20px;\n}\n<\/style>\n<\/div>\n<div class=\"row align-center\"  id=\"row-1113511303\">\n\n\n\t<div id=\"col-1249789764\" class=\"col medium-4 small-12 large-4\"  data-animate=\"fadeInRight\">\n\t\t\t\t<div class=\"col-inner box-shadow-2 box-shadow-4-hover\"  >\n\t\t\t\n\t\t\t\n\n\t<div class=\"img has-hover x md-x lg-x y md-y lg-y\" id=\"image_1998527383\">\n\t\t\t\t\t\t\t\t<div class=\"img-inner image-cover dark\" style=\"padding-top:200px;\">\n\t\t\t<img loading=\"lazy\" decoding=\"async\" width=\"2016\" height=\"1512\" src=\"https:\/\/www.headshop.nl\/wp-content\/uploads\/2025\/07\/Front_Tatanka_Red_Light.jpg\" class=\"attachment-original size-original\" alt=\"Tatanka Dzielnica czerwonych latarni\" srcset=\"https:\/\/www.headshop.nl\/wp-content\/uploads\/2025\/07\/Front_Tatanka_Red_Light.jpg 2016w, https:\/\/www.headshop.nl\/wp-content\/uploads\/2025\/07\/Front_Tatanka_Red_Light-2000x1500.jpg 2000w, https:\/\/www.headshop.nl\/wp-content\/uploads\/2025\/07\/Front_Tatanka_Red_Light-380x285.jpg 380w, https:\/\/www.headshop.nl\/wp-content\/uploads\/2025\/07\/Front_Tatanka_Red_Light-768x576.jpg 768w, https:\/\/www.headshop.nl\/wp-content\/uploads\/2025\/07\/Front_Tatanka_Red_Light-1536x1152.jpg 1536w, https:\/\/www.headshop.nl\/wp-content\/uploads\/2025\/07\/Front_Tatanka_Red_Light-16x12.jpg 16w, https:\/\/www.headshop.nl\/wp-content\/uploads\/2025\/07\/Front_Tatanka_Red_Light-420x315.jpg 420w, https:\/\/www.headshop.nl\/wp-content\/uploads\/2025\/07\/Front_Tatanka_Red_Light-64x48.jpg 64w\" sizes=\"auto, (max-width: 2016px) 100vw, 2016px\" \/>\t\t\t\t\t\t\n\t\t\t\t\t<\/div>\n\t\t\t\t\t\t\t\t\n<style>\n#image_1998527383 {\n  width: 100%;\n}\n<\/style>\n\t<\/div>\n\t\n\n<h2><span style=\"font-size: 80%;\"><strong>Tatanka Czerwone \u015bwiat\u0142o<\/strong><\/span><\/h2>\n<p>Sint Annenstraat 19<br \/>1012 HC Amsterdam<br \/>Holandia<\/p>\n<p><strong>Czynne od 10:00 do 22:00<\/strong><\/p>\n\n<a href=\"https:\/\/maps.app.goo.gl\/o8bFmt4Q9QWUKx7f9\" target=\"_blank\" class=\"button success\" rel=\"noopener\" style=\"border-radius:10px;\">\n\t\t<span>Uzyskaj wskaz\u00f3wki dojazdu<\/span>\n\t<i class=\"icon-map-pin-fill\" aria-hidden=\"true\"><\/i><\/a>\n\n\n\n\t\t<\/div>\n\t\t\t\t\t<\/div>\n\n\t\n\n\t<div id=\"col-2040417484\" class=\"col medium-4 small-12 large-4\"  data-animate=\"fadeInRight\">\n\t\t\t\t<div class=\"col-inner box-shadow-2 box-shadow-4-hover\"  >\n\t\t\t\n\t\t\t\n\n\t<div class=\"img has-hover x md-x lg-x y md-y lg-y\" id=\"image_1684727940\">\n\t\t\t\t\t\t\t\t<div class=\"img-inner image-cover dark\" style=\"padding-top:200px;\">\n\t\t\t<img loading=\"lazy\" decoding=\"async\" width=\"295\" height=\"200\" src=\"https:\/\/www.headshop.nl\/wp-content\/uploads\/2025\/07\/Headshop-online-store-.png\" class=\"attachment-original size-original\" alt=\"The Headshop online Amsterdam smartshop\" srcset=\"https:\/\/www.headshop.nl\/wp-content\/uploads\/2025\/07\/Headshop-online-store-.png 295w, https:\/\/www.headshop.nl\/wp-content\/uploads\/2025\/07\/Headshop-online-store--18x12.png 18w, https:\/\/www.headshop.nl\/wp-content\/uploads\/2025\/07\/Headshop-online-store--64x43.png 64w\" sizes=\"auto, (max-width: 295px) 100vw, 295px\" \/>\t\t\t\t\t\t\n\t\t\t\t\t<\/div>\n\t\t\t\t\t\t\t\t\n<style>\n#image_1684727940 {\n  width: 100%;\n}\n<\/style>\n\t<\/div>\n\t\n\n<h2><span style=\"font-size: 80%;\"><strong>Headshop.nl<\/strong><\/span><\/h2>\n<p dir=\"auto\">Ca\u0142a nasza kolekcja jest dost\u0119pna online. Ponad 1000 wysokiej jako\u015bci produkt\u00f3w sprawia, \u017ce zawsze znajdziesz co\u015b dla siebie.<\/p>\n<p dir=\"auto\"><strong>Otwarte 24\/7<\/strong><\/p>\n<a href=\"https:\/\/www.headshop.nl\/pl\/\" class=\"button success\" style=\"border-radius:10px;\">\n\t\t<span>Kup teraz<\/span>\n\t<i class=\"icon-shopping-cart\" aria-hidden=\"true\"><\/i><\/a>\n\n\n\n\t\t<\/div>\n\t\t\t\t\t<\/div>\n\n\t\n\n\n<style>\n#row-1113511303 > .col > .col-inner {\n  padding: 20px 20px 20px 20px;\n}\n<\/style>\n<\/div>","protected":false},"excerpt":{"rendered":"","protected":false},"author":807,"featured_media":0,"parent":0,"menu_order":0,"comment_status":"closed","ping_status":"closed","template":"","meta":{"footnotes":""},"class_list":["post-15358","page","type-page","status-publish","hentry"],"_links":{"self":[{"href":"https:\/\/www.headshop.nl\/pl\/wp-json\/wp\/v2\/pages\/15358","targetHints":{"allow":["GET"]}}],"collection":[{"href":"https:\/\/www.headshop.nl\/pl\/wp-json\/wp\/v2\/pages"}],"about":[{"href":"https:\/\/www.headshop.nl\/pl\/wp-json\/wp\/v2\/types\/page"}],"author":[{"embeddable":true,"href":"https:\/\/www.headshop.nl\/pl\/wp-json\/wp\/v2\/users\/807"}],"replies":[{"embeddable":true,"href":"https:\/\/www.headshop.nl\/pl\/wp-json\/wp\/v2\/comments?post=15358"}],"version-history":[{"count":4,"href":"https:\/\/www.headshop.nl\/pl\/wp-json\/wp\/v2\/pages\/15358\/revisions"}],"predecessor-version":[{"id":85488,"href":"https:\/\/www.headshop.nl\/pl\/wp-json\/wp\/v2\/pages\/15358\/revisions\/85488"}],"wp:attachment":[{"href":"https:\/\/www.headshop.nl\/pl\/wp-json\/wp\/v2\/media?parent=15358"}],"curies":[{"name":"wp","href":"https:\/\/api.w.org\/{rel}","templated":true}]}}