{"id":15152,"date":"2018-04-23T12:47:56","date_gmt":"2018-04-23T12:47:56","guid":{"rendered":"http:\/\/headshop.nl\/?page_id=15152"},"modified":"2021-08-24T08:05:21","modified_gmt":"2021-08-24T08:05:21","slug":"about-us","status":"publish","type":"page","link":"https:\/\/www.headshop.nl\/pl\/about-us\/","title":{"rendered":"Informacje o Headshop"},"content":{"rendered":"<div id=\"gap-1513449570\" class=\"gap-element clearfix\" style=\"display:block; height:auto;\">\n\t\t\n<style>\n#gap-1513449570 {\n  padding-top: 30px;\n}\n<\/style>\n\t<\/div>\n\t\n\n<div class=\"container section-title-container\" ><h3 class=\"section-title section-title-normal\"><b aria-hidden=\"true\"><\/b><span class=\"section-title-main\" style=\"font-size:149%;\">Informacje o Headshop<\/span><b aria-hidden=\"true\"><\/b><\/h3><\/div>\n\n<div class=\"row\"  id=\"row-2070862477\">\n\n\n\t<div id=\"col-1441827707\" class=\"col medium-8 small-12 large-8\"  >\n\t\t\t\t<div class=\"col-inner\"  >\n\t\t\t\n\t\t\t\n\n<h2 data-animated=\"true\" data-animate=\"fadeInLeft\">Do\u015bwiadczenie The Headshop od 1968 roku<\/h2>\n<p data-animated=\"true\" data-animate=\"fadeInLeft\">Dla tych, kt\u00f3rzy szukaj\u0105 autentycznego smartshopu \/ headshopu, Headshop w Amsterdamie jest najlepszym miejscem. Od 1968 roku zapewniamy cenne i aktualne informacje o naszych produktach, a tak\u017ce udzielamy porad opartych na wiedzy i osobistych do\u015bwiadczeniach.\u00a0<\/p>\n<p data-animated=\"true\" data-animate=\"fadeInLeft\">Ci, kt\u00f3rzy chcieliby do\u015bwiadczy\u0107 prawdziwego \"amsterdamskiego do\u015bwiadczenia\" nie mog\u0105 przej\u015b\u0107 oboj\u0119tnie obok Headshop.\u00a0<\/p>\n<p data-animated=\"true\" data-animate=\"fadeInLeft\">Nasz\u0105 wizj\u0105 i misj\u0105 jest zapewnienie komfortu naszym klientom, aby\u015bmy mogli wnie\u015b\u0107 wielk\u0105 warto\u015b\u0107 do ich wyj\u0105tkowego do\u015bwiadczenia. Atmosfera wewn\u0105trz sklepu jest wyj\u0105tkowa, podobnie jak nasz zesp\u00f3\u0142. Dzi\u0119ki naszym naturalnym produktom chcemy zapewni\u0107 Ci najlepsze wra\u017cenia, niezale\u017cnie od tego, czy szukasz magicznych trufli, euforycznych dozna\u0144, zastrzyk\u00f3w energii, zi\u00f3\u0142 czy dekoracji do domu. Zapraszamy do naszego sklepu w Amsterdamie, ale \u017cyczymy r\u00f3wnie\u017c dobrych do\u015bwiadcze\u0144 online!\u00a0<\/p>\n\n\t\t<\/div>\n\t\t\t\t\t<\/div>\n\n\t\n\n\t<div id=\"col-1094525325\" class=\"col medium-4 small-12 large-4 small-col-first\"  >\n\t\t\t\t<div class=\"col-inner\"  >\n\t\t\t\n\t\t\t\n\n\t<div class=\"img has-hover x md-x lg-x y md-y lg-y\" id=\"image_600980749\">\n\t\t\t\t\t\t\t\t<div class=\"img-inner dark\" >\n\t\t\t<img loading=\"lazy\" decoding=\"async\" width=\"1500\" height=\"768\" src=\"https:\/\/www.headshop.nl\/wp-content\/uploads\/2019\/08\/Logo-The-Headshop-DEF.png\" class=\"attachment-original size-original\" alt=\"The Headshop Logo\" srcset=\"https:\/\/www.headshop.nl\/wp-content\/uploads\/2019\/08\/Logo-The-Headshop-DEF.png 1500w, https:\/\/www.headshop.nl\/wp-content\/uploads\/2019\/08\/Logo-The-Headshop-DEF-420x215.png 420w, https:\/\/www.headshop.nl\/wp-content\/uploads\/2019\/08\/Logo-The-Headshop-DEF-64x33.png 64w, https:\/\/www.headshop.nl\/wp-content\/uploads\/2019\/08\/Logo-The-Headshop-DEF-380x195.png 380w, https:\/\/www.headshop.nl\/wp-content\/uploads\/2019\/08\/Logo-The-Headshop-DEF-600x307.png 600w, https:\/\/www.headshop.nl\/wp-content\/uploads\/2019\/08\/Logo-The-Headshop-DEF-768x393.png 768w, https:\/\/www.headshop.nl\/wp-content\/uploads\/2019\/08\/Logo-The-Headshop-DEF-800x410.png 800w\" sizes=\"auto, (max-width: 1500px) 100vw, 1500px\" \/>\t\t\t\t\t\t\n\t\t\t\t\t<\/div>\n\t\t\t\t\t\t\t\t\n<style>\n#image_600980749 {\n  width: 100%;\n}\n<\/style>\n\t<\/div>\n\t\n\n\t<div id=\"gap-553842475\" class=\"gap-element clearfix\" style=\"display:block; height:auto;\">\n\t\t\n<style>\n#gap-553842475 {\n  padding-top: 10px;\n}\n<\/style>\n\t<\/div>\n\t\n\n\n\t\t<\/div>\n\t\t\t\t\t<\/div>\n\n\t\n\n<\/div>\n\n\t<section class=\"section dark\" id=\"section_1743553074\">\n\t\t<div class=\"section-bg fill\" >\n\t\t\t\t\t\t\t\t\t\n\t\t\t\n\n\t\t<\/div>\n\n\t\t\n\n\t\t<div class=\"section-content relative\">\n\t\t\t\n\n<div class=\"row row-large align-middle\"  id=\"row-186120169\">\n\n\n\t<div id=\"col-252440131\" class=\"col medium-6 small-12 large-6\"  >\n\t\t\t\t<div class=\"col-inner text-center\"  >\n\t\t\t\n\t\t\t\n\n\t<div class=\"img has-hover x md-x lg-x y md-y lg-y\" id=\"image_2040994537\">\n\t\t\t\t\t\t<div data-animate=\"fadeInLeft\">\t\t<div class=\"img-inner image-cover dark\" style=\"padding-top:75%;\">\n\t\t\t<img loading=\"lazy\" decoding=\"async\" width=\"1536\" height=\"1024\" src=\"https:\/\/www.headshop.nl\/wp-content\/uploads\/2019\/08\/Relax_headshop_smartshop.jpg\" class=\"attachment-original size-original\" alt=\"\" srcset=\"https:\/\/www.headshop.nl\/wp-content\/uploads\/2019\/08\/Relax_headshop_smartshop.jpg 1536w, https:\/\/www.headshop.nl\/wp-content\/uploads\/2019\/08\/Relax_headshop_smartshop-420x280.jpg 420w, https:\/\/www.headshop.nl\/wp-content\/uploads\/2019\/08\/Relax_headshop_smartshop-64x43.jpg 64w, https:\/\/www.headshop.nl\/wp-content\/uploads\/2019\/08\/Relax_headshop_smartshop-380x253.jpg 380w, https:\/\/www.headshop.nl\/wp-content\/uploads\/2019\/08\/Relax_headshop_smartshop-600x400.jpg 600w, https:\/\/www.headshop.nl\/wp-content\/uploads\/2019\/08\/Relax_headshop_smartshop-768x512.jpg 768w, https:\/\/www.headshop.nl\/wp-content\/uploads\/2019\/08\/Relax_headshop_smartshop-800x533.jpg 800w\" sizes=\"auto, (max-width: 1536px) 100vw, 1536px\">\t\t\t\t\t\t\n\t\t\t\t\t<\/div>\n\t\t<\/div>\t\t\t\t\t\t\n<style>\n#image_2040994537 {\n  width: 100%;\n}\n<\/style>\n\t<\/div>\n\t\n\n\t<div id=\"gap-840086649\" class=\"gap-element clearfix\" style=\"display:block; height:auto;\">\n\t\t\n<style>\n#gap-840086649 {\n  padding-top: 10px;\n}\n<\/style>\n\t<\/div>\n\t\n\n\n\t\t<\/div>\n\t\t\t\t\t<\/div>\n\n\t\n\n\t<div id=\"col-1162393395\" class=\"col medium-6 small-12 large-6\"  >\n\t\t\t\t<div class=\"col-inner text-left\"  >\n\t\t\t\n\t\t\t\n\n<h2 data-animated=\"true\" data-animate=\"fadeInLeft\">Tw\u00f3j do\u015bwiadczony przewodnik z Amsterdamu.<\/h2>\n<p data-animated=\"true\" data-animate=\"fadeInLeft\">Wspania\u0142\u0105 rzecz\u0105 jest to, \u017ce Headshop to nie tylko miejsce, w kt\u00f3rym mo\u017cna kupi\u0107 produkty psychoaktywne, dopalacze, downery, cbd i inne, ale mo\u017cna tu r\u00f3wnie\u017c uzyska\u0107 wi\u0119cej informacji. I w\u0142a\u015bnie to wyr\u00f3\u017cnia Headshop. Mo\u017cesz polega\u0107 na naszym zespole w zakresie uczciwych i fachowych porad.<\/p>\n<p data-animated=\"true\" data-animate=\"fadeInLeft\">Znajdziesz si\u0119 tutaj we w\u0142a\u015bciwym miejscu, je\u015bli chcesz wiedzie\u0107, jaki wp\u0142yw ma produkt na tw\u00f3j umys\u0142 i jaki mo\u017ce mie\u0107 wp\u0142yw na twoje uczucia i zachowanie.<\/p>\n\n\t\t<\/div>\n\t\t\t\t\t<\/div>\n\n\t\n\n<\/div>\n\n\t\t<\/div>\n\n\t\t\n<style>\n#section_1743553074 {\n  padding-top: 60px;\n  padding-bottom: 60px;\n  background-color: rgb(0,0,0);\n}\n<\/style>\n\t<\/section>\n\t\n\n\t<section class=\"section\" id=\"section_100523792\">\n\t\t<div class=\"section-bg fill\" >\n\t\t\t\t\t\t\t\t\t\n\t\t\t\n\t<div class=\"is-border\"\n\t\tstyle=\"border-width:0px 0px 0px 0px;\">\n\t<\/div>\n\n\t\t<\/div>\n\n\t\t\n\n\t\t<div class=\"section-content relative\">\n\t\t\t\n\n<div class=\"row row-large align-middle\"  id=\"row-533046186\">\n\n\n\t<div id=\"col-913163090\" class=\"col medium-6 small-12 large-6\"  >\n\t\t\t\t<div class=\"col-inner text-left\"  >\n\t\t\t\n\t\t\t\n\n<h2 data-animated=\"true\" data-animate=\"fadeInLeft\">Odwied\u017a nasze sklepy Headshop w Amsterdamie!<\/h2>\n<p data-animated=\"true\" data-animate=\"fadeInLeft\">Odwiedzasz Amsterdam? W takim razie zapraszamy do odwiedzenia jednego z naszych sklep\u00f3w w Amsterdamie. Mamy 3 sklepy! Produkty, kt\u00f3re znajdziesz w sklepie internetowym Headshop, znajdziesz r\u00f3wnie\u017c w naszych sklepach w Amsterdamie. <span id=\"ext-gen2322\"><\/span>Zdob\u0105d\u017a prawdziwe do\u015bwiadczenie w Amsterdamie! Jeste\u015bmy gotowi!<\/p>\n<a href=\"https:\/\/www.headshop.nl\/pl\/our-stores\/\" class=\"button primary box-shadow-2 box-shadow-4-hover\" target=\"_blank\" rel=\"noopener\">\n\t\t<span>Nasze sklepy<\/span>\n\t<\/a>\n\n\n\n\t\t<\/div>\n\t\t\t\t\t<\/div>\n\n\t\n\n\t<div id=\"col-1012864130\" class=\"col medium-6 small-12 large-6 small-col-first\"  >\n\t\t\t\t<div class=\"col-inner\"  >\n\t\t\t\n\t\t\t\n\n\t<div class=\"img has-hover x md-x lg-x y md-y lg-y\" id=\"image_774584911\">\n\t\t\t\t\t\t\t\t<div class=\"img-inner dark\" >\n\t\t\t<img loading=\"lazy\" decoding=\"async\" width=\"400\" height=\"275\" src=\"https:\/\/www.headshop.nl\/wp-content\/uploads\/2018\/04\/Headshop-Amsterdam.jpg\" class=\"attachment-original size-original\" alt=\"\" srcset=\"https:\/\/www.headshop.nl\/wp-content\/uploads\/2018\/04\/Headshop-Amsterdam.jpg 400w, https:\/\/www.headshop.nl\/wp-content\/uploads\/2018\/04\/Headshop-Amsterdam-64x44.jpg 64w\" sizes=\"auto, (max-width: 400px) 100vw, 400px\">\t\t\t\t\t\t\n\t\t\t\t\t<\/div>\n\t\t\t\t\t\t\t\t\n<style>\n#image_774584911 {\n  width: 100%;\n}\n<\/style>\n\t<\/div>\n\t\n\n\t<div id=\"gap-2138571419\" class=\"gap-element clearfix\" style=\"display:block; height:auto;\">\n\t\t\n<style>\n#gap-2138571419 {\n  padding-top: 10px;\n}\n<\/style>\n\t<\/div>\n\t\n\n\n\t\t<\/div>\n\t\t\t\t\t<\/div>\n\n\t\n\n<\/div>\n\n\t\t<\/div>\n\n\t\t\n<style>\n#section_100523792 {\n  padding-top: 60px;\n  padding-bottom: 60px;\n  background-color: rgb(255, 255, 255);\n}\n<\/style>\n\t<\/section>\n\t\n\n\t<section class=\"section dark\" id=\"section_1467826732\">\n\t\t<div class=\"section-bg fill\" >\n\t\t\t\t\t\t\t\t\t\n\t\t\t\n\t<div class=\"is-border\"\n\t\tstyle=\"border-width:0px 0px 0px 0px;\">\n\t<\/div>\n\n\t\t<\/div>\n\n\t\t\n\n\t\t<div class=\"section-content relative\">\n\t\t\t\n\n<div class=\"row row-large align-middle\"  id=\"row-808480144\">\n\n\n\t<div id=\"col-695107742\" class=\"col medium-6 small-12 large-6\"  >\n\t\t\t\t<div class=\"col-inner\"  >\n\t\t\t\n\t\t\t\n\n\t<div class=\"img has-hover x md-x lg-x y md-y lg-y\" id=\"image_1614464351\">\n\t\t\t\t\t\t\t\t<div class=\"img-inner image-cover dark\" style=\"padding-top:75%;\">\n\t\t\t<img loading=\"lazy\" decoding=\"async\" width=\"420\" height=\"400\" src=\"https:\/\/www.headshop.nl\/wp-content\/uploads\/2017\/10\/After-E-for-Detox.jpg\" class=\"attachment-original size-original\" alt=\"\" srcset=\"https:\/\/www.headshop.nl\/wp-content\/uploads\/2017\/10\/After-E-for-Detox.jpg 420w, https:\/\/www.headshop.nl\/wp-content\/uploads\/2017\/10\/After-E-for-Detox-64x61.jpg 64w\" sizes=\"auto, (max-width: 420px) 100vw, 420px\">\t\t\t\t\t\t\n\t\t\t\t\t<\/div>\n\t\t\t\t\t\t\t\t\n<style>\n#image_1614464351 {\n  width: 100%;\n}\n<\/style>\n\t<\/div>\n\t\n\n\t<div id=\"gap-123252005\" class=\"gap-element clearfix\" style=\"display:block; height:auto;\">\n\t\t\n<style>\n#gap-123252005 {\n  padding-top: 10px;\n}\n<\/style>\n\t<\/div>\n\t\n\n\n\t\t<\/div>\n\t\t\t\t\t<\/div>\n\n\t\n\n\t<div id=\"col-1683488641\" class=\"col medium-6 small-12 large-6\"  >\n\t\t\t\t<div class=\"col-inner text-left\"  >\n\t\t\t\n\t\t\t\n\n<h2>Odkryj r\u00f3\u017cne produkty zio\u0142owe.<\/h2>\n<p>Po\u015bwi\u0119cimy ci czas i ty te\u017c mo\u017cesz! Po\u015bwi\u0119\u0107 troch\u0119 czasu, aby rozejrze\u0107 si\u0119 i przejrze\u0107 wszystkie nasze produkty, z kt\u00f3rymi mo\u017cesz mie\u0107 magiczne do\u015bwiadczenie, na imprezie, w domu lub po prostu na \u0142onie natury w Amsterdamie!<\/p>\n<p>Oczywi\u015bcie, jest to idealne miejsce na wszelkiego rodzaju inteligentne produkty wysokiej jako\u015bci, takie jak dopalacze i dopalacze, takie jak kanna lub kratom, nasiona konopi, produkty erotyczne, witaminy na regeneracj\u0119, olej i p\u0142yn cbd, fajki wodne, waporyzatory i wiele wi\u0119cej!<\/p>\n\n\t\t<\/div>\n\t\t\t\t\t<\/div>\n\n\t\n\n<\/div>\n\n\t\t<\/div>\n\n\t\t\n<style>\n#section_1467826732 {\n  padding-top: 60px;\n  padding-bottom: 60px;\n  background-color: rgb(0,0,0);\n}\n<\/style>\n\t<\/section>\n\t\n\n\t<section class=\"section\" id=\"section_223570716\">\n\t\t<div class=\"section-bg fill\" >\n\t\t\t\t\t\t\t\t\t\n\t\t\t\n\t<div class=\"is-border\"\n\t\tstyle=\"border-width:0px 0px 0px 0px;\">\n\t<\/div>\n\n\t\t<\/div>\n\n\t\t\n\n\t\t<div class=\"section-content relative\">\n\t\t\t\n\n<div class=\"row row-large align-middle\"  id=\"row-367264297\">\n\n\n\t<div id=\"col-1852504078\" class=\"col medium-6 small-12 large-6\"  >\n\t\t\t\t<div class=\"col-inner text-left\"  >\n\t\t\t\n\t\t\t\n\n<h2 data-animated=\"true\" data-animate=\"fadeInLeft\">Zam\u00f3w swoje ulubione produkty online z Amsterdamu!<\/h2>\n<p data-animated=\"true\" data-animate=\"fadeInLeft\">Zaj\u0119ty, zaj\u0119ty, zaj\u0119ty? Nie masz czasu odwiedzi\u0107 jednego z naszych sklep\u00f3w w Amsterdamie? A mo\u017ce mieszkasz za granic\u0105? Oferujemy szerok\u0105 gam\u0119 produkt\u00f3w online w naszym sklepie internetowym, kt\u00f3ry jest stale odnawiany. <span id=\"ext-gen2322\"><\/span><\/p>\n<p data-animated=\"true\" data-animate=\"fadeInLeft\">U nas mo\u017cesz z\u0142o\u017cy\u0107 zam\u00f3wienie online!<\/p>\n<a href=\"https:\/\/www.headshop.nl\/pl\/\" class=\"button primary box-shadow-2 box-shadow-4-hover\" target=\"_blank\" rel=\"noopener\">\n\t\t<span>Kup teraz<\/span>\n\t<\/a>\n\n\n\n\t\t<\/div>\n\t\t\t\t\t<\/div>\n\n\t\n\n\t<div id=\"col-26298422\" class=\"col medium-6 small-12 large-6 small-col-first\"  >\n\t\t\t\t<div class=\"col-inner\"  >\n\t\t\t\n\t\t\t\n\n\t<div class=\"img has-hover x md-x lg-x y md-y lg-y\" id=\"image_473403768\">\n\t\t\t\t\t\t\t\t<div class=\"img-inner dark\" >\n\t\t\t<img loading=\"lazy\" decoding=\"async\" width=\"600\" height=\"400\" src=\"https:\/\/www.headshop.nl\/wp-content\/uploads\/2018\/05\/Discreet-Shipping-Tatanka.jpg\" class=\"attachment-original size-original\" alt=\"\" srcset=\"https:\/\/www.headshop.nl\/wp-content\/uploads\/2018\/05\/Discreet-Shipping-Tatanka.jpg 600w, https:\/\/www.headshop.nl\/wp-content\/uploads\/2018\/05\/Discreet-Shipping-Tatanka-420x280.jpg 420w, https:\/\/www.headshop.nl\/wp-content\/uploads\/2018\/05\/Discreet-Shipping-Tatanka-64x43.jpg 64w\" sizes=\"auto, (max-width: 600px) 100vw, 600px\">\t\t\t\t\t\t\n\t\t\t\t\t<\/div>\n\t\t\t\t\t\t\t\t\n<style>\n#image_473403768 {\n  width: 100%;\n}\n<\/style>\n\t<\/div>\n\t\n\n\t<div id=\"gap-540309664\" class=\"gap-element clearfix\" style=\"display:block; height:auto;\">\n\t\t\n<style>\n#gap-540309664 {\n  padding-top: 10px;\n}\n<\/style>\n\t<\/div>\n\t\n\n\n\t\t<\/div>\n\t\t\t\t\t<\/div>\n\n\t\n\n<\/div>\n\n\t\t<\/div>\n\n\t\t\n<style>\n#section_223570716 {\n  padding-top: 60px;\n  padding-bottom: 60px;\n}\n<\/style>\n\t<\/section>","protected":false},"excerpt":{"rendered":"","protected":false},"author":807,"featured_media":0,"parent":0,"menu_order":0,"comment_status":"closed","ping_status":"closed","template":"page-blank.php","meta":{"footnotes":""},"class_list":["post-15152","page","type-page","status-publish","hentry"],"_links":{"self":[{"href":"https:\/\/www.headshop.nl\/pl\/wp-json\/wp\/v2\/pages\/15152","targetHints":{"allow":["GET"]}}],"collection":[{"href":"https:\/\/www.headshop.nl\/pl\/wp-json\/wp\/v2\/pages"}],"about":[{"href":"https:\/\/www.headshop.nl\/pl\/wp-json\/wp\/v2\/types\/page"}],"author":[{"embeddable":true,"href":"https:\/\/www.headshop.nl\/pl\/wp-json\/wp\/v2\/users\/807"}],"replies":[{"embeddable":true,"href":"https:\/\/www.headshop.nl\/pl\/wp-json\/wp\/v2\/comments?post=15152"}],"version-history":[{"count":0,"href":"https:\/\/www.headshop.nl\/pl\/wp-json\/wp\/v2\/pages\/15152\/revisions"}],"wp:attachment":[{"href":"https:\/\/www.headshop.nl\/pl\/wp-json\/wp\/v2\/media?parent=15152"}],"curies":[{"name":"wp","href":"https:\/\/api.w.org\/{rel}","templated":true}]}}