{"id":8564,"date":"2018-01-05T14:47:41","date_gmt":"2018-01-05T14:47:41","guid":{"rendered":"http:\/\/headshop.nl\/?post_type=product&#038;p=8564"},"modified":"2025-01-29T13:04:59","modified_gmt":"2025-01-29T13:04:59","slug":"100-guarana-powder","status":"publish","type":"product","link":"https:\/\/www.headshop.nl\/nl\/100-guarana-powder\/","title":{"rendered":"Guarana poeder"},"content":{"rendered":"<h2>Wat is Guarana?<\/h2>\n<p>Guarana (Paullinia Cupana) is een tropische klimplant die oorspronkelijk voorkomt in het Amazonegebied, met name in Brazili\u00eb. Inheemse stammen gebruiken de kleine, roodbruine bessen en zaden al eeuwenlang, niet alleen als voedselbron maar ook vanwege hun energiegevende eigenschappen. Guarana wordt beschouwd als een cultureel symbool en heeft een vitale rol gespeeld in hun manier van leven, vaak gebruikt om energie en alertheid te verhogen tijdens de jacht en oorlogsvoering.<\/p>\n<p>De meest opvallende eigenschap van Guarana is het uitzonderlijk hoge cafe\u00efnegehalte - 4 tot 6 keer meer dan koffie. In tegenstelling tot koffie, die een snelle energiepiek geeft, geeft Guarana cafe\u00efne geleidelijk af, waardoor het een gestage energiestoot geeft zonder een crash. Dit maakt het een uitstekend natuurlijk supplement voor mensen die op zoek zijn naar langdurige vitaliteit, ter ondersteuning van zowel mentale als fysieke prestaties.<\/p>\n<h2>Geschiedenis van Guarana<\/h2>\n<p>Guarana heeft diepe historische wortels in het Amazonegebied, waar inheemse stammen er eeuwenlang op hebben vertrouwd. De plant staat bekend om zijn stimulerende eigenschappen en werd traditioneel gebruikt tijdens jachtexpedities en voor veldslagen om het uithoudingsvermogen en de concentratie te verbeteren. Stammen maalden de bessen tot een fijn poeder of mengden ze met water om energieke drankjes te maken.<\/p>\n<p>Naast het traditionele gebruik heeft Guarana een culturele betekenis als essentieel onderdeel van overlevings- en stamrituelen. Na verloop van tijd werden de voordelen steeds breder erkend, wat leidde tot het moderne gebruik in energiedrankjes, voedingssupplementen en afslankproducten. Indian Elements Guarana zet deze traditie voort en biedt een natuurlijke en effectieve oplossing om energie op te wekken.<\/p>\n<h2>Hoe gebruik je Guarana<\/h2>\n<p>De aanbevolen dosering van Indian Elements Guarana is <strong>1 gram per dag<\/strong>waardoor het een makkelijke en handige toevoeging aan je routine is. Meng het poeder gewoon in een drankje, smoothie of shake. De cafe\u00efne die langzaam vrijkomt zorgt voor langdurige energie, een betere focus en een verbeterde mentale helderheid gedurende de dag.<\/p>\n<p>Voor de beste resultaten neemt u Guarana in de <strong>ochtend of vroege namiddag<\/strong> om de slaap niet te verstoren. Het is vooral goed voor het behoud van concentratie tijdens lange werk- of studiesessies. Atleten kunnen Guarana ook gebruiken om hun uithoudingsvermogen te verbeteren en vermoeidheid te verminderen tijdens intensieve fysieke activiteiten.<\/p>\n<h2>Ingredi\u00ebnten van Guarana<\/h2>\n<p>Indian Elements Guarana bevat <strong>slechts \u00e9\u00e9n ingredi\u00ebnt<\/strong>-het gemalen zaad van de <strong>Paullinia Cupana<\/strong> plant. Dit pure, natuurlijke poeder behoudt alle gezondheidsvoordelen van Guarana, waaronder het hoge cafe\u00efnegehalte en antioxidanten die het algehele welzijn ondersteunen.<\/p>\n<p>Guarana heeft ook milde eetlustremmende eigenschappen, waardoor het een populaire keuze is voor gewichtsbeheersing. De antioxidanten helpen oxidatieve stress te bestrijden, wat bijdraagt aan vitaliteit op de lange termijn. Door de combinatie van cafe\u00efne en natuurlijke bestanddelen is Guarana een krachtig supplement voor energie, focus en uithoudingsvermogen.<\/p>\n<h3>Waarschuwing<\/h3>\n<ul>\n<li>Voor gebruik door particulieren <strong>18 jaar en ouder<\/strong> alleen.<\/li>\n<li>Buiten bereik van kinderen bewaren.<\/li>\n<li>Niet aanbevolen voor mensen met hartaandoeningen.<\/li>\n<li>Dit product is een voedingssupplement en moet als zodanig worden gebruikt.<\/li>\n<li>Koop het product niet als de verzegeling is verbroken.<\/li>\n<\/ul>","protected":false},"excerpt":{"rendered":"<p><span style=\"color: #000000;\">Guarana poeder bevat cafe\u00efne, vitamine B en C, tannine, choline, guaranine, theobromine en theofylline. Guarana is 5 keer sterker en houdt langer aan dan cafe\u00efne van koffiebonen en geeft langdurige energie.<\/span><\/p>","protected":false},"featured_media":82160,"template":"","meta":[],"product_brand":[],"product_cat":[297,455,389,457,814,407,384,456],"product_tag":[],"class_list":{"0":"post-8564","1":"product","2":"type-product","3":"status-publish","4":"has-post-thumbnail","6":"product_cat-all-products","7":"product_cat-healthshop","8":"product_cat-herbs","9":"product_cat-herbs-healthshop","10":"product_cat-indian-elements","11":"product_cat-medicinal-herbs","12":"product_cat-smartshop","13":"product_cat-supplements","15":"first","16":"instock","17":"taxable","18":"shipping-taxable","19":"purchasable","20":"product-type-variable","21":"has-default-attributes"},"_links":{"self":[{"href":"https:\/\/www.headshop.nl\/nl\/wp-json\/wp\/v2\/product\/8564","targetHints":{"allow":["GET"]}}],"collection":[{"href":"https:\/\/www.headshop.nl\/nl\/wp-json\/wp\/v2\/product"}],"about":[{"href":"https:\/\/www.headshop.nl\/nl\/wp-json\/wp\/v2\/types\/product"}],"wp:featuredmedia":[{"embeddable":true,"href":"https:\/\/www.headshop.nl\/nl\/wp-json\/wp\/v2\/media\/82160"}],"wp:attachment":[{"href":"https:\/\/www.headshop.nl\/nl\/wp-json\/wp\/v2\/media?parent=8564"}],"wp:term":[{"taxonomy":"product_brand","embeddable":true,"href":"https:\/\/www.headshop.nl\/nl\/wp-json\/wp\/v2\/product_brand?post=8564"},{"taxonomy":"product_cat","embeddable":true,"href":"https:\/\/www.headshop.nl\/nl\/wp-json\/wp\/v2\/product_cat?post=8564"},{"taxonomy":"product_tag","embeddable":true,"href":"https:\/\/www.headshop.nl\/nl\/wp-json\/wp\/v2\/product_tag?post=8564"}],"curies":[{"name":"wp","href":"https:\/\/api.w.org\/{rel}","templated":true}]}}