{"id":46305,"date":"2022-07-11T12:07:16","date_gmt":"2022-07-11T12:07:16","guid":{"rendered":"https:\/\/www.headshop.nl\/?post_type=product&#038;p=46305"},"modified":"2025-02-14T14:31:35","modified_gmt":"2025-02-14T14:31:35","slug":"after-e","status":"publish","type":"product","link":"https:\/\/www.headshop.nl\/nl\/after-e\/","title":{"rendered":"After E"},"content":{"rendered":"<h2 data-pm-slice=\"1 1 []\">After E - De ultieme Recovery-ondersteuning van XTC en MDMA<\/h2>\n<h2>Wat is After E?<\/h2>\n<p>After E is een zorgvuldig samengesteld voedingssupplement dat is ontworpen om het herstel van je lichaam te ondersteunen na een intense avond stappen. Deze unieke combinatie van een multivitamine, een guaranacapsule en twee L-tryptofaancapsules helpt om essenti\u00eble voedingsstoffen te herstellen, gifstoffen sneller af te voeren en je vitamine- en mineralenhuishouding weer optimaal te maken. Door After E de dag erna in te nemen, in combinatie met voldoende hydratatie, kun je het natuurlijke herstelproces van je lichaam bevorderen.<\/p>\n<h2>Geschiedenis van After E<\/h2>\n<p>De ontwikkeling van After E komt voort uit de groeiende behoefte aan een betrouwbare oplossing om het herstel na overmatige inspanning te ondersteunen. In de loop der jaren hebben de gezondheids- en welzijnsindustrie\u00ebn zich gericht op het cre\u00ebren van supplementen die de natuurlijke balans van het lichaam helpen herstellen. After E is samengesteld op basis van wetenschappelijk onderzoek naar de voordelen van belangrijke ingredi\u00ebnten zoals guarana en L-tryptofaan, die al lang bekend staan om hun herstellende eigenschappen. Door deze bestanddelen te combineren met essenti\u00eble vitaminen biedt After E een alles-in-\u00e9\u00e9n hersteloplossing die aansluit bij de moderne gezondheidsbewuste levensstijl.<\/p>\n<h2>Hoe gebruik je After E<\/h2>\n<p>Voor de beste resultaten neem je After E de dag na een avondje uit met 1 tot 4 glazen water. Het supplement is ontworpen om in te nemen als een enkele portie, bestaande uit een multivitamine, een guarana capsule en twee L-tryptofaan capsules. Hydratatie is essentieel bij het gebruik van After E, omdat het helpt bij het wegspoelen van gifstoffen en het ondersteunen van de stofwisselingsprocessen van het lichaam. Hoewel After E zeer effectief is in het aanvullen van voedingsstoffen, zullen een uitgebalanceerd dieet en voldoende rust het herstel verder bevorderen.<\/p>\n<h2>Ingredi\u00ebnten van After E<\/h2>\n<p>After E bevat een krachtige mix van essenti\u00eble voedingsstoffen om het herstel van je lichaam te ondersteunen. De multivitamine levert vitale vitaminen en mineralen om uitgeputte niveaus aan te vullen. Guarana, een natuurlijke bron van cafe\u00efne, helpt alertheid te bevorderen en vermoeidheid te verminderen. L-Tryptofaan, een essentieel aminozuur, speelt een cruciale rol bij de aanmaak van serotonine, wat de stemming en ontspanning kan verbeteren. Deze ingredi\u00ebnten werken samen om een allesomvattende hersteloplossing te bieden, waardoor After E een onmisbaar supplement is voor diegenen die hun welzijn willen ondersteunen.<\/p>\n<p><strong>Waarschuwing<\/strong> Dit is een voedingssupplement en moet als zodanig worden gebruikt. Gebruik After E niet ter vervanging van een gevarieerde voeding. De aanbevolen portie is de volledige inhoud van de verpakking. De aanbevolen dagelijkse dosis niet overschrijden. Raadpleeg voor gebruik een arts als u een onderliggende gezondheidstoestand heeft of medicijnen gebruikt.<\/p>\n<p>&nbsp;<\/p>","protected":false},"excerpt":{"rendered":"<div class=\"product-short-description\">\n<p>Voel je je moe en down na een feestje nadat je te veel hebt gedronken of heb je te veel drugs gebruikt zoals MDMA of XTC? After-E zit vol vitaminen en aminozuren die je stemming en lichaam weer normaal maken.<\/p>\n<\/div>","protected":false},"featured_media":46319,"template":"","meta":[],"product_brand":[],"product_cat":[460,297,461,455,463,456,464],"product_tag":[],"class_list":{"0":"post-46305","1":"product","2":"type-product","3":"status-publish","4":"has-post-thumbnail","6":"product_cat-recovery","7":"product_cat-all-products","8":"product_cat-detox","9":"product_cat-healthshop","10":"product_cat-sport","11":"product_cat-supplements","12":"product_cat-vitamins","14":"first","15":"instock","16":"taxable","17":"shipping-taxable","18":"purchasable","19":"product-type-variable","20":"has-default-attributes"},"_links":{"self":[{"href":"https:\/\/www.headshop.nl\/nl\/wp-json\/wp\/v2\/product\/46305","targetHints":{"allow":["GET"]}}],"collection":[{"href":"https:\/\/www.headshop.nl\/nl\/wp-json\/wp\/v2\/product"}],"about":[{"href":"https:\/\/www.headshop.nl\/nl\/wp-json\/wp\/v2\/types\/product"}],"wp:featuredmedia":[{"embeddable":true,"href":"https:\/\/www.headshop.nl\/nl\/wp-json\/wp\/v2\/media\/46319"}],"wp:attachment":[{"href":"https:\/\/www.headshop.nl\/nl\/wp-json\/wp\/v2\/media?parent=46305"}],"wp:term":[{"taxonomy":"product_brand","embeddable":true,"href":"https:\/\/www.headshop.nl\/nl\/wp-json\/wp\/v2\/product_brand?post=46305"},{"taxonomy":"product_cat","embeddable":true,"href":"https:\/\/www.headshop.nl\/nl\/wp-json\/wp\/v2\/product_cat?post=46305"},{"taxonomy":"product_tag","embeddable":true,"href":"https:\/\/www.headshop.nl\/nl\/wp-json\/wp\/v2\/product_tag?post=46305"}],"curies":[{"name":"wp","href":"https:\/\/api.w.org\/{rel}","templated":true}]}}