{"id":37404,"date":"2025-01-30T08:06:16","date_gmt":"2025-01-30T08:06:16","guid":{"rendered":"https:\/\/www.headshop.nl\/?post_type=product&#038;p=37404"},"modified":"2025-05-23T09:07:29","modified_gmt":"2025-05-23T09:07:29","slug":"caramel-monster","status":"publish","type":"product","link":"https:\/\/www.headshop.nl\/nl\/caramel-monster\/","title":{"rendered":"Caramel Monster - Vision zaden"},"content":{"rendered":"<h2>Caramel Monster Cannabis Zaden van Vision Seeds<\/h2>\n<p>De cannabino\u00efden in de Caramel Monster wietzaden zijn zo kalmerend dat je zult merken dat zelfs je problemen wegsmelten met slechts \u00e9\u00e9n trekje van deze cannabisbud. Met deze zoete bessensmaak met een langdurige karamel ondertoon, werd deze cannabissoort gecre\u00eberd voor diegenen die genieten van een gemakkelijk te hanteren rook. Met een gemiddeld THC gehalte van 16-22% is de Caramel Monster wiet perfect voor kwekers die een goed rendement op hun investering willen.<\/p>\n<p>Deze soort is zwaar op de zoete smaken en licht op de geuren als je weet hoe je voor haar moet zorgen. Onthoud dat ze niet alleen mooi is, maar ook alle Indica-eigenschappen heeft, waaronder dichte toppen met lange oranje haren en trichomen!<\/p>","protected":false},"excerpt":{"rendered":"<p>Vision Seeds Caramel Monster is niet alleen de zoetste cannabissoort die je ooit zult tegenkomen, maar ze is ook nog eens compleet verrukkelijk qua smaak en aroma. Als lid van de Lavender familie in het midden van het cannabis kweekspectrum, geeft ze kwekers een plant van gemiddelde hoogte met een uitstekend THC niveau. Je kunt niet verkeerd gaan bij het proeven van deze dame in het bijzonder, want haar toppen zijn dicht en groen met fel oranje haren en trichomen!<\/p>","protected":false},"featured_media":37292,"template":"","meta":[],"product_brand":[],"product_cat":[950,297,467,470,465,629],"product_tag":[],"class_list":{"0":"post-37404","1":"product","2":"type-product","3":"status-publish","4":"has-post-thumbnail","6":"product_cat-vision-seeds","7":"product_cat-all-products","8":"product_cat-feminized-seeds","9":"product_cat-high-thc-seeds","10":"product_cat-seedshop","11":"product_cat-seedshop-top-10","12":"product_shipping_class-creditcard-on","14":"first","15":"instock","16":"taxable","17":"shipping-taxable","18":"purchasable","19":"product-type-variable","20":"has-default-attributes"},"_links":{"self":[{"href":"https:\/\/www.headshop.nl\/nl\/wp-json\/wp\/v2\/product\/37404","targetHints":{"allow":["GET"]}}],"collection":[{"href":"https:\/\/www.headshop.nl\/nl\/wp-json\/wp\/v2\/product"}],"about":[{"href":"https:\/\/www.headshop.nl\/nl\/wp-json\/wp\/v2\/types\/product"}],"wp:featuredmedia":[{"embeddable":true,"href":"https:\/\/www.headshop.nl\/nl\/wp-json\/wp\/v2\/media\/37292"}],"wp:attachment":[{"href":"https:\/\/www.headshop.nl\/nl\/wp-json\/wp\/v2\/media?parent=37404"}],"wp:term":[{"taxonomy":"product_brand","embeddable":true,"href":"https:\/\/www.headshop.nl\/nl\/wp-json\/wp\/v2\/product_brand?post=37404"},{"taxonomy":"product_cat","embeddable":true,"href":"https:\/\/www.headshop.nl\/nl\/wp-json\/wp\/v2\/product_cat?post=37404"},{"taxonomy":"product_tag","embeddable":true,"href":"https:\/\/www.headshop.nl\/nl\/wp-json\/wp\/v2\/product_tag?post=37404"}],"curies":[{"name":"wp","href":"https:\/\/api.w.org\/{rel}","templated":true}]}}