{"id":36811,"date":"2021-09-27T07:50:36","date_gmt":"2021-09-27T07:50:36","guid":{"rendered":"https:\/\/www.headshop.nl\/?post_type=product&#038;p=36811"},"modified":"2024-11-21T09:09:16","modified_gmt":"2024-11-21T09:09:16","slug":"thc-drug-test","status":"publish","type":"product","link":"https:\/\/www.headshop.nl\/nl\/thc-drug-test\/","title":{"rendered":"THC Drug Test"},"content":{"rendered":"<h2>THC Drug Test van EZ Test<\/h2>\n<p>Als je moet weten of je monster de gewenste ingredi\u00ebnten bevat, zal deze test je dat vertellen. Als alles goed gaat, kan het helpen om \u00e9\u00e9n ding zeker te weten: je monster bevat wat je wenst (of niet?!). Nooit meer gissen! Voorkom ongelukken door een eenvoudige drugstest van EZ Test te doen voordat het te laat is met nauwkeurige en veilige testkits!<\/p>\n<p>&nbsp;<\/p>","protected":false},"excerpt":{"rendered":"<p>Het laatste wat je wilt is cannabis roken waar geen THC in zit, toch? De THC Drug Test van EZ Test is een snelle, gemakkelijke manier om te bepalen of je monster het gewenste ingredi\u00ebnt bevat in een bud of ander cannabisproduct.<\/p>","protected":false},"featured_media":36913,"template":"","meta":[],"product_brand":[],"product_cat":[387,297,384],"product_tag":[],"class_list":{"0":"post-36811","1":"product","2":"type-product","3":"status-publish","4":"has-post-thumbnail","6":"product_cat-drugtests","7":"product_cat-all-products","8":"product_cat-smartshop","9":"product_shipping_class-creditcard-on","11":"first","12":"instock","13":"taxable","14":"shipping-taxable","15":"purchasable","16":"product-type-variable","17":"has-default-attributes"},"_links":{"self":[{"href":"https:\/\/www.headshop.nl\/nl\/wp-json\/wp\/v2\/product\/36811","targetHints":{"allow":["GET"]}}],"collection":[{"href":"https:\/\/www.headshop.nl\/nl\/wp-json\/wp\/v2\/product"}],"about":[{"href":"https:\/\/www.headshop.nl\/nl\/wp-json\/wp\/v2\/types\/product"}],"wp:featuredmedia":[{"embeddable":true,"href":"https:\/\/www.headshop.nl\/nl\/wp-json\/wp\/v2\/media\/36913"}],"wp:attachment":[{"href":"https:\/\/www.headshop.nl\/nl\/wp-json\/wp\/v2\/media?parent=36811"}],"wp:term":[{"taxonomy":"product_brand","embeddable":true,"href":"https:\/\/www.headshop.nl\/nl\/wp-json\/wp\/v2\/product_brand?post=36811"},{"taxonomy":"product_cat","embeddable":true,"href":"https:\/\/www.headshop.nl\/nl\/wp-json\/wp\/v2\/product_cat?post=36811"},{"taxonomy":"product_tag","embeddable":true,"href":"https:\/\/www.headshop.nl\/nl\/wp-json\/wp\/v2\/product_tag?post=36811"}],"curies":[{"name":"wp","href":"https:\/\/api.w.org\/{rel}","templated":true}]}}