{"id":8706,"date":"2018-01-09T14:48:00","date_gmt":"2018-01-09T14:48:00","guid":{"rendered":"http:\/\/headshop.nl\/?post_type=product&#038;p=8706"},"modified":"2024-09-17T10:49:39","modified_gmt":"2024-09-17T10:49:39","slug":"smoking-hemp-kingsize-box","status":"publish","type":"product","link":"https:\/\/www.headshop.nl\/it\/smoking-hemp-kingsize-box\/","title":{"rendered":"Smoking Verde, Canapa"},"content":{"rendered":"<h2><span style=\"color: #000000; font-size: 95%;\">Smoking Carta da rotolo verde di canapa, confezione Kingsize.<\/span><\/h2>\n<p><span style=\"color: #000000;\">Ogni singola foglia \u00e8 realizzata in pura carta di canapa filigranata per garantire una gomma naturale che si attacca sempre. Un foglietto di carta ripiegato insieme alle foglie ricorda quando si sta per esaurire. Una confezione singola contiene 33 foglietti. La confezione completa contiene 50 pacchetti.<\/span><\/p>\n<p><span style=\"color: #000000;\"><strong> Tipo:<\/strong> Carta di canapa pura a combustione lenta<\/span><br \/>\n<span style=\"color: #000000;\"><strong> Rolling Papers:<\/strong> 33 foglie per confezione<\/span><br \/>\n<span style=\"color: #000000;\"><strong> Scatola:<\/strong> Contiene 50 confezioni<\/span><br \/>\n<span style=\"color: #000000;\"><strong> Dimensioni:<\/strong> 108 mm x 52 mm<\/span><br \/>\n<span style=\"color: #000000;\"><strong> Weight:<\/strong> 15 g\/m2<\/span><\/p>","protected":false},"excerpt":{"rendered":"<p><span style=\"color: #000000;\">Le Smoking Green Hemp Smoking Papers sono realizzate in canapa pura 100%, bruciano molto lentamente e utilizzano solo gomma naturale. Completamente priva di sostanze chimiche, la canapa Smoking \u00e8 una scelta popolare, perch\u00e9 essendo leggermente pi\u00f9 larga \u00e8 pi\u00f9 facile da arrotolare. Contiene 50 pacchetti.<\/span><\/p>","protected":false},"featured_media":13229,"template":"","meta":[],"product_brand":[],"product_cat":[297,414,446,421],"product_tag":[],"class_list":{"0":"post-8706","1":"product","2":"type-product","3":"status-publish","4":"has-post-thumbnail","6":"product_cat-all-products","7":"product_cat-headshop","8":"product_cat-papers","9":"product_cat-rolling-papers","10":"product_shipping_class-creditcard-on","12":"first","13":"instock","14":"taxable","15":"shipping-taxable","16":"purchasable","17":"product-type-simple"},"_links":{"self":[{"href":"https:\/\/www.headshop.nl\/it\/wp-json\/wp\/v2\/product\/8706","targetHints":{"allow":["GET"]}}],"collection":[{"href":"https:\/\/www.headshop.nl\/it\/wp-json\/wp\/v2\/product"}],"about":[{"href":"https:\/\/www.headshop.nl\/it\/wp-json\/wp\/v2\/types\/product"}],"wp:featuredmedia":[{"embeddable":true,"href":"https:\/\/www.headshop.nl\/it\/wp-json\/wp\/v2\/media\/13229"}],"wp:attachment":[{"href":"https:\/\/www.headshop.nl\/it\/wp-json\/wp\/v2\/media?parent=8706"}],"wp:term":[{"taxonomy":"product_brand","embeddable":true,"href":"https:\/\/www.headshop.nl\/it\/wp-json\/wp\/v2\/product_brand?post=8706"},{"taxonomy":"product_cat","embeddable":true,"href":"https:\/\/www.headshop.nl\/it\/wp-json\/wp\/v2\/product_cat?post=8706"},{"taxonomy":"product_tag","embeddable":true,"href":"https:\/\/www.headshop.nl\/it\/wp-json\/wp\/v2\/product_tag?post=8706"}],"curies":[{"name":"wp","href":"https:\/\/api.w.org\/{rel}","templated":true}]}}