{"id":8690,"date":"2018-01-08T19:28:37","date_gmt":"2018-01-08T19:28:37","guid":{"rendered":"http:\/\/headshop.nl\/?post_type=product&#038;p=8690"},"modified":"2024-09-17T10:49:41","modified_gmt":"2024-09-17T10:49:41","slug":"smoking-brown","status":"publish","type":"product","link":"https:\/\/www.headshop.nl\/it\/smoking-brown\/","title":{"rendered":"Smoking Marrone, ultrasottile"},"content":{"rendered":"<h2><span style=\"color: #000000; font-size: 95%;\">Smoking Carta da rotolo marrone, confezione Kingsize.<\/span><strong><br \/>\n<\/strong><\/h2>\n<p><span style=\"color: #000000;\">Con questa carta da rollare, l'azienda risponde alle ultime tendenze del fumo. La carta da rollare non \u00e8 sbiancata, \u00e8 ultra-sottile e brucia lentamente. Questo rende il fumo molto pi\u00f9 piacevole. Una scatola contiene 50 confezioni di carta da rollare e ogni confezione contiene 33 carte da rollare. La scatola completa contiene 50 pacchetti. Pertanto, questo prodotto vi durer\u00e0 a lungo!<\/span><\/p>\n<p><span style=\"color: #000000;\"><strong> Tipo:<\/strong> Carta senza cloro e gomma naturale<\/span><br \/>\n<span style=\"color: #000000;\"><strong> Weight:<\/strong> 13 g\/m2<\/span><br \/>\n<span style=\"color: #000000;\"><strong> Ufficiale:<\/strong> Certificato FSC<\/span><br \/>\n<span style=\"color: #000000;\"><strong> Carta da rotolo:<\/strong> 33 foglie per confezione<\/span><br \/>\n<span style=\"color: #000000;\"><strong> Confezioni:<\/strong> La scatola contiene 50 confezioni<\/span><\/p>","protected":false},"excerpt":{"rendered":"<p><span style=\"color: #000000;\">La carta marrone non sbiancata Kingsize Slim Rolling Papers \u00e8 una nuova aggiunta alla famiglia della gamma Smoking. La carta non \u00e8 sbiancata, \u00e8 priva di cloro e non ha sapore, quindi \u00e8 perfetta per assaporare tutto il gusto! Una confezione Kingsize contiene 50 pacchetti.<br \/>\n<\/span><\/p>","protected":false},"featured_media":13218,"template":"","meta":[],"product_brand":[],"product_cat":[297,414,446,421],"product_tag":[],"class_list":{"0":"post-8690","1":"product","2":"type-product","3":"status-publish","4":"has-post-thumbnail","6":"product_cat-all-products","7":"product_cat-headshop","8":"product_cat-papers","9":"product_cat-rolling-papers","10":"product_shipping_class-creditcard-on","12":"first","13":"instock","14":"taxable","15":"shipping-taxable","16":"purchasable","17":"product-type-simple"},"_links":{"self":[{"href":"https:\/\/www.headshop.nl\/it\/wp-json\/wp\/v2\/product\/8690","targetHints":{"allow":["GET"]}}],"collection":[{"href":"https:\/\/www.headshop.nl\/it\/wp-json\/wp\/v2\/product"}],"about":[{"href":"https:\/\/www.headshop.nl\/it\/wp-json\/wp\/v2\/types\/product"}],"wp:featuredmedia":[{"embeddable":true,"href":"https:\/\/www.headshop.nl\/it\/wp-json\/wp\/v2\/media\/13218"}],"wp:attachment":[{"href":"https:\/\/www.headshop.nl\/it\/wp-json\/wp\/v2\/media?parent=8690"}],"wp:term":[{"taxonomy":"product_brand","embeddable":true,"href":"https:\/\/www.headshop.nl\/it\/wp-json\/wp\/v2\/product_brand?post=8690"},{"taxonomy":"product_cat","embeddable":true,"href":"https:\/\/www.headshop.nl\/it\/wp-json\/wp\/v2\/product_cat?post=8690"},{"taxonomy":"product_tag","embeddable":true,"href":"https:\/\/www.headshop.nl\/it\/wp-json\/wp\/v2\/product_tag?post=8690"}],"curies":[{"name":"wp","href":"https:\/\/api.w.org\/{rel}","templated":true}]}}