{"id":8688,"date":"2018-01-08T19:13:05","date_gmt":"2018-01-08T19:13:05","guid":{"rendered":"http:\/\/headshop.nl\/?post_type=product&#038;p=8688"},"modified":"2025-07-28T06:34:34","modified_gmt":"2025-07-28T06:34:34","slug":"smoking-blue","status":"publish","type":"product","link":"https:\/\/www.headshop.nl\/it\/smoking-blue\/","title":{"rendered":"Smoking Blu, Kingsize"},"content":{"rendered":"<h2><span style=\"font-size: 95%; color: #000000;\">Smoking Carta da rotolo blu, confezione Kingsize.<\/span><strong><br \/>\n<\/strong><\/h2>\n<p><span style=\"color: #000000;\">Smoking Le carte blu sono una delle carte pi\u00f9 popolari che vendiamo. Ogni foglia \u00e8 realizzata in pura carta di riso per garantire la sicurezza e una gomma naturale che si attacca sempre. Un foglietto di carta ripiegato insieme alle foglie ricorda quando si sta per esaurire. <\/span><\/p>\n<p><span style=\"color: #000000;\"><strong>Tipo:<\/strong> Pura carta di riso e gomma naturale<\/span><br \/>\n<span style=\"color: #000000;\"><strong>Rolling Papers:<\/strong> 33 foglie per confezione<\/span><br \/>\n<span style=\"color: #000000;\"><strong>Pacchetti:<\/strong> 50 confezioni<\/span><br \/>\n<span style=\"color: #000000;\"><strong> Dimensioni:<\/strong> 108 mm x 52 mm<\/span><br \/>\n<span style=\"color: #000000;\"><strong> Ufficiale:<\/strong> Certificato FSC<\/span><br \/>\n<span style=\"color: #000000;\"><strong> Trasparenza:<\/strong> Massimo<\/span><\/p>","protected":false},"excerpt":{"rendered":"<p><span style=\"color: #000000;\">Molto apprezzata dai consumatori di marijuana, ogni confezione di lunga durata della Smoking Blue contiene 33 fogli per confezione e 50 confezioni nella scatola kingsize. Questa versione \u00e8 dotata anche di una gomma organica che \u00e8 sicura da leccare e da sigillare grazie alla carta di riso di alta qualit\u00e0.<\/span><\/p>","protected":false},"featured_media":13261,"template":"","meta":[],"product_brand":[],"product_cat":[297,414,627,446,421],"product_tag":[],"class_list":{"0":"post-8688","1":"product","2":"type-product","3":"status-publish","4":"has-post-thumbnail","6":"product_cat-all-products","7":"product_cat-headshop","8":"product_cat-headshop-top-10","9":"product_cat-papers","10":"product_cat-rolling-papers","11":"product_shipping_class-creditcard-on","13":"first","14":"instock","15":"taxable","16":"shipping-taxable","17":"purchasable","18":"product-type-simple"},"_links":{"self":[{"href":"https:\/\/www.headshop.nl\/it\/wp-json\/wp\/v2\/product\/8688","targetHints":{"allow":["GET"]}}],"collection":[{"href":"https:\/\/www.headshop.nl\/it\/wp-json\/wp\/v2\/product"}],"about":[{"href":"https:\/\/www.headshop.nl\/it\/wp-json\/wp\/v2\/types\/product"}],"wp:featuredmedia":[{"embeddable":true,"href":"https:\/\/www.headshop.nl\/it\/wp-json\/wp\/v2\/media\/13261"}],"wp:attachment":[{"href":"https:\/\/www.headshop.nl\/it\/wp-json\/wp\/v2\/media?parent=8688"}],"wp:term":[{"taxonomy":"product_brand","embeddable":true,"href":"https:\/\/www.headshop.nl\/it\/wp-json\/wp\/v2\/product_brand?post=8688"},{"taxonomy":"product_cat","embeddable":true,"href":"https:\/\/www.headshop.nl\/it\/wp-json\/wp\/v2\/product_cat?post=8688"},{"taxonomy":"product_tag","embeddable":true,"href":"https:\/\/www.headshop.nl\/it\/wp-json\/wp\/v2\/product_tag?post=8688"}],"curies":[{"name":"wp","href":"https:\/\/api.w.org\/{rel}","templated":true}]}}