{"id":8685,"date":"2018-01-08T18:45:00","date_gmt":"2018-01-08T18:45:00","guid":{"rendered":"http:\/\/headshop.nl\/?post_type=product&#038;p=8685"},"modified":"2024-09-17T10:49:43","modified_gmt":"2024-09-17T10:49:43","slug":"smoking-black","status":"publish","type":"product","link":"https:\/\/www.headshop.nl\/it\/smoking-black\/","title":{"rendered":"Smoking Nero, ultrasottile"},"content":{"rendered":"<h2><span style=\"color: #000000; font-size: 95%;\">Smoking Nero <\/span><span style=\"color: #000000; font-size: 95%;\">Carta da rotolo, confezione Kingsize.<\/span><strong><br \/>\n<\/strong><\/h2>\n<p><span style=\"color: #000000;\">Smoking Papers, noto anche come Smoking Rolling Papers, \u00e8 probabilmente il marchio di carta da rollare lunga pi\u00f9 conosciuto al mondo. Grazie alle sue dimensioni ridotte, la Smoking Black \u00e8 particolarmente adatta ai tornitori esperti. Con questo flusso lungo non \u00e8 necessario girare le canne al contrario.<\/span><\/p>\n<p><span style=\"color: #000000;\"><strong>Tipo:<\/strong> Formato slim.<\/span><br \/>\n<span style=\"color: #000000;\"><strong>Pacchetti:<\/strong> 50 confezioni.<\/span><br \/>\n<span style=\"color: #000000;\"><strong> Carte da rotolo:<\/strong> 33 carte per confezione.<\/span><br \/>\n<strong><span style=\"color: #000000;\"> Dimensioni:<\/span><\/strong><span style=\"color: #000000;\"> 110 x 44<\/span><br \/>\n<span style=\"color: #000000;\"><strong>Weight:<\/strong> 13 gr \/ m2<\/span><br \/>\n<span style=\"color: #000000;\"><strong>Ufficiale:<\/strong> Certificato FSC\u00ae.<\/span><\/p>","protected":false},"excerpt":{"rendered":"<p><span style=\"color: #000000;\">Smoking Black \u00e8 amato dai fumatori pi\u00f9 esperti. Il materiale \u00e8 leggero e sottile! Con questo flusso lungo estremamente stretto della famosa Smoking Papers si stringono le canne pi\u00f9 strette di sempre. Contiene 50 confezioni.<br \/>\n<\/span><\/p>","protected":false},"featured_media":13222,"template":"","meta":[],"product_brand":[],"product_cat":[297,414,446,421],"product_tag":[],"class_list":{"0":"post-8685","1":"product","2":"type-product","3":"status-publish","4":"has-post-thumbnail","6":"product_cat-all-products","7":"product_cat-headshop","8":"product_cat-papers","9":"product_cat-rolling-papers","10":"product_shipping_class-creditcard-on","12":"first","13":"instock","14":"taxable","15":"shipping-taxable","16":"purchasable","17":"product-type-simple"},"_links":{"self":[{"href":"https:\/\/www.headshop.nl\/it\/wp-json\/wp\/v2\/product\/8685","targetHints":{"allow":["GET"]}}],"collection":[{"href":"https:\/\/www.headshop.nl\/it\/wp-json\/wp\/v2\/product"}],"about":[{"href":"https:\/\/www.headshop.nl\/it\/wp-json\/wp\/v2\/types\/product"}],"wp:featuredmedia":[{"embeddable":true,"href":"https:\/\/www.headshop.nl\/it\/wp-json\/wp\/v2\/media\/13222"}],"wp:attachment":[{"href":"https:\/\/www.headshop.nl\/it\/wp-json\/wp\/v2\/media?parent=8685"}],"wp:term":[{"taxonomy":"product_brand","embeddable":true,"href":"https:\/\/www.headshop.nl\/it\/wp-json\/wp\/v2\/product_brand?post=8685"},{"taxonomy":"product_cat","embeddable":true,"href":"https:\/\/www.headshop.nl\/it\/wp-json\/wp\/v2\/product_cat?post=8685"},{"taxonomy":"product_tag","embeddable":true,"href":"https:\/\/www.headshop.nl\/it\/wp-json\/wp\/v2\/product_tag?post=8685"}],"curies":[{"name":"wp","href":"https:\/\/api.w.org\/{rel}","templated":true}]}}