{"id":8564,"date":"2018-01-05T14:47:41","date_gmt":"2018-01-05T14:47:41","guid":{"rendered":"http:\/\/headshop.nl\/?post_type=product&#038;p=8564"},"modified":"2025-01-29T13:04:59","modified_gmt":"2025-01-29T13:04:59","slug":"100-guarana-powder","status":"publish","type":"product","link":"https:\/\/www.headshop.nl\/it\/100-guarana-powder\/","title":{"rendered":"Guarana polvere"},"content":{"rendered":"<h2>Che cos'\u00e8 l'Guarana?<\/h2>\n<p>Guarana (Paullinia Cupana) \u00e8 una pianta rampicante tropicale originaria dell'Amazzonia, in particolare del Brasile. Le trib\u00f9 indigene hanno utilizzato per secoli le sue piccole bacche e i suoi semi rosso-bruni, non solo come fonte di cibo ma anche per le loro propriet\u00e0 energizzanti. Considerata un simbolo culturale, la Guarana ha svolto un ruolo fondamentale nel loro stile di vita, spesso utilizzata per aumentare l'energia e la vigilanza durante la caccia e la guerra.<\/p>\n<p>La caratteristica pi\u00f9 importante dell'Guarana \u00e8 il suo contenuto di caffeina eccezionalmente elevato, da 4 a 6 volte superiore a quello del caff\u00e8. A differenza del caff\u00e8, che fornisce un rapido picco di energia, Guarana rilascia la caffeina in modo graduale, fornendo una carica di energia costante senza crolli. Questo lo rende un eccellente integratore naturale per chi cerca una vitalit\u00e0 prolungata, a sostegno delle prestazioni fisiche e mentali.<\/p>\n<h2>Storia di Guarana<\/h2>\n<p>La Guarana ha radici storiche profonde in Amazzonia, dove le trib\u00f9 indigene ne hanno fatto uso per secoli. Nota per le sue propriet\u00e0 stimolanti, la pianta veniva tradizionalmente utilizzata durante le battute di caccia e prima delle battaglie per aumentare la resistenza e la concentrazione. Le trib\u00f9 macinavano le bacche in polvere fine o le mescolavano con acqua per creare bevande energizzanti.<\/p>\n<p>Al di l\u00e0 del suo uso tradizionale, l'Guarana ha un significato culturale in quanto parte essenziale della sopravvivenza e dei rituali tribali. Nel corso del tempo, i suoi benefici sono stati riconosciuti in modo pi\u00f9 ampio e hanno portato all'uso moderno nelle bevande energetiche, negli integratori alimentari e nei prodotti per la perdita di peso. L'Indian Elements Guarana continua questa tradizione, fornendo una soluzione naturale ed efficace per aumentare l'energia.<\/p>\n<h2>Come utilizzare l'Guarana<\/h2>\n<p>La dose raccomandata di Indian Elements Guarana \u00e8 <strong>1 grammo al giorno<\/strong>per cui si tratta di un'aggiunta facile e conveniente alla vostra routine. \u00c8 sufficiente mescolare la polvere in una bevanda, un frullato o uno shake. La sua caffeina a lento rilascio assicura un'energia sostenuta, una migliore concentrazione e una maggiore lucidit\u00e0 mentale per tutta la giornata.<\/p>\n<p>Per ottenere risultati ottimali, assumere l'Guarana nel <strong>mattina o primo pomeriggio<\/strong> per non interferire con il sonno. \u00c8 particolarmente utile per mantenere la concentrazione durante le lunghe sessioni di lavoro o di studio. Gli atleti possono utilizzare Guarana anche per aumentare la resistenza e ridurre l'affaticamento durante le attivit\u00e0 fisiche intense.<\/p>\n<h2>Ingredienti di Guarana<\/h2>\n<p>Indian Elements Guarana contiene <strong>un solo ingrediente<\/strong>-Il seme macinato del <strong>Paullinia Cupana<\/strong> pianta. Questa polvere pura e naturale conserva tutti i benefici per la salute della Guarana, tra cui l'elevato contenuto di caffeina e gli antiossidanti che favoriscono il benessere generale.<\/p>\n<p>L'Guarana ha anche lievi propriet\u00e0 di soppressione dell'appetito, che lo rendono una scelta popolare per la gestione del peso. I suoi antiossidanti aiutano a combattere lo stress ossidativo, contribuendo alla vitalit\u00e0 a lungo termine. Grazie alla combinazione di caffeina e composti naturali, Guarana \u00e8 un potente integratore di energia, concentrazione e resistenza.<\/p>\n<h3>Avvertenze<\/h3>\n<ul>\n<li>Per l'uso da parte di singoli individui <strong>18 anni e oltre<\/strong> solo.<\/li>\n<li>Tenere fuori dalla portata dei bambini.<\/li>\n<li>Non \u00e8 raccomandato per i soggetti affetti da patologie cardiache.<\/li>\n<li>Questo prodotto \u00e8 un integratore alimentare e deve essere utilizzato come tale.<\/li>\n<li>Non acquistare se il sigillo \u00e8 rotto.<\/li>\n<\/ul>","protected":false},"excerpt":{"rendered":"<p><span style=\"color: #000000;\">La polvere Guarana contiene caffeina, vitamine B e C, tannini, colina, guaranina, teobromina e teofillina. Guarana \u00e8 5 volte pi\u00f9 forte e dura pi\u00f9 a lungo della caffeina dei chicchi di caff\u00e8, fornendo energia prolungata.<\/span><\/p>","protected":false},"featured_media":82160,"template":"","meta":[],"product_brand":[],"product_cat":[297,455,457,389,814,407,384,456],"product_tag":[],"class_list":{"0":"post-8564","1":"product","2":"type-product","3":"status-publish","4":"has-post-thumbnail","6":"product_cat-all-products","7":"product_cat-healthshop","8":"product_cat-herbs-healthshop","9":"product_cat-herbs","10":"product_cat-indian-elements","11":"product_cat-medicinal-herbs","12":"product_cat-smartshop","13":"product_cat-supplements","15":"first","16":"instock","17":"taxable","18":"shipping-taxable","19":"purchasable","20":"product-type-variable","21":"has-default-attributes"},"_links":{"self":[{"href":"https:\/\/www.headshop.nl\/it\/wp-json\/wp\/v2\/product\/8564","targetHints":{"allow":["GET"]}}],"collection":[{"href":"https:\/\/www.headshop.nl\/it\/wp-json\/wp\/v2\/product"}],"about":[{"href":"https:\/\/www.headshop.nl\/it\/wp-json\/wp\/v2\/types\/product"}],"wp:featuredmedia":[{"embeddable":true,"href":"https:\/\/www.headshop.nl\/it\/wp-json\/wp\/v2\/media\/82160"}],"wp:attachment":[{"href":"https:\/\/www.headshop.nl\/it\/wp-json\/wp\/v2\/media?parent=8564"}],"wp:term":[{"taxonomy":"product_brand","embeddable":true,"href":"https:\/\/www.headshop.nl\/it\/wp-json\/wp\/v2\/product_brand?post=8564"},{"taxonomy":"product_cat","embeddable":true,"href":"https:\/\/www.headshop.nl\/it\/wp-json\/wp\/v2\/product_cat?post=8564"},{"taxonomy":"product_tag","embeddable":true,"href":"https:\/\/www.headshop.nl\/it\/wp-json\/wp\/v2\/product_tag?post=8564"}],"curies":[{"name":"wp","href":"https:\/\/api.w.org\/{rel}","templated":true}]}}