{"id":8561,"date":"2018-01-05T14:16:41","date_gmt":"2018-01-05T14:16:41","guid":{"rendered":"http:\/\/headshop.nl\/?post_type=product&#038;p=8561"},"modified":"2025-11-06T01:26:29","modified_gmt":"2025-11-06T01:26:29","slug":"ginkgo-biloba","status":"publish","type":"product","link":"https:\/\/www.headshop.nl\/it\/ginkgo-biloba\/","title":{"rendered":"Ginkgo Biloba"},"content":{"rendered":"<h2>Che cos'\u00e8 l'Ginkgo Biloba?<\/h2>\n<p>L'Ginkgo Biloba, comunemente chiamato Albero del Tempio giapponese o Albero delle noci giapponese, \u00e8 una delle pi\u00f9 antiche specie arboree viventi sulla Terra, risalente a oltre 270 milioni di anni fa. Originario della Cina, l'Ginkgo Biloba \u00e8 oggi coltivato in tutto il mondo per i suoi notevoli benefici per la salute. Nonostante i nomi fuorvianti, l'albero produce semi, non noci, che sono la fonte delle sue qualit\u00e0 medicinali.<\/p>\n<p>Rinomato per il suo elevato contenuto di antiossidanti, in particolare flavonoidi, ginkgolidi e bilobalidi, l'Ginkgo Biloba \u00e8 stato un punto fermo della medicina tradizionale. Questi composti sono noti per la loro capacit\u00e0 di aiutare a proteggere l'organismo dallo stress ossidativo e a migliorare la circolazione. Nel benessere moderno, \u00e8 pi\u00f9 comunemente usato per promuovere la salute cognitiva, sostenere la memoria e migliorare la concentrazione. Indian Elements' Ginkgo Biloba offre un integratore puro ed efficace, che porta questi antichi benefici in una forma comoda e facile da usare.<\/p>\n<h2>Storia di Ginkgo Biloba<\/h2>\n<p>L'Ginkgo Biloba \u00e8 famoso non solo per i suoi benefici per la salute, ma anche per la sua straordinaria resistenza. \u00c8 l'unica specie sopravvissuta di un gruppo di alberi antichi che esiste fin dai tempi dei dinosauri. I fossili di Ginkgo Biloba risalgono a oltre 270 milioni di anni fa, rendendola una delle specie arboree pi\u00f9 antiche della Terra. La sua capacit\u00e0 di sopravvivere in ambienti diversi gli \u00e8 valsa lo status di simbolo di longevit\u00e0 e resistenza.<\/p>\n<p>Storicamente, l'Ginkgo Biloba \u00e8 stato utilizzato nella medicina tradizionale per secoli. Gli antichi praticanti cinesi lo apprezzavano per la sua capacit\u00e0 di migliorare la memoria, promuovere la longevit\u00e0 e sostenere la vitalit\u00e0 generale. L'uso medicinale dell'albero si diffuse in tutta l'Asia orientale e nel XVIII secolo l'Ginkgo Biloba inizi\u00f2 a essere riconosciuto in Europa. Oggi \u00e8 ampiamente riconosciuta per i suoi benefici nel migliorare la chiarezza mentale e nel sostenere la circolazione sanguigna, rendendola un integratore popolare per la salute cognitiva.<\/p>\n<h2>Come utilizzare l'Ginkgo Biloba<\/h2>\n<p>L'integratore Indian Elements' Ginkgo Biloba \u00e8 progettato per adattarsi facilmente alla vostra routine quotidiana. La dose raccomandata \u00e8 di 1 grammo al giorno, che pu\u00f2 essere miscelato in acqua, frullati o altre bevande per comodit\u00e0. Per ottenere risultati ottimali, \u00e8 meglio assumere Ginkgo Biloba regolarmente, poich\u00e9 i suoi benefici si accumulano nel tempo.<\/p>\n<p>Sebbene l'Ginkgo Biloba sia pi\u00f9 comunemente consumato in polvere o sotto forma di capsule, pu\u00f2 anche essere gustato come t\u00e8, consentendo di sperimentare le sue propriet\u00e0 in una bevanda calda e calmante. Tenete presente che, come per qualsiasi integratore, l'uso costante \u00e8 fondamentale e potrebbe essere necessario un po' di tempo per notare effetti evidenti. Seguire sempre il dosaggio raccomandato e consultare un professionista della salute se si hanno condizioni di salute sottostanti o si stanno assumendo farmaci.<\/p>\n<p>Indian Elements' Ginkgo Biloba \u00e8 100% naturale, vegano e privo di additivi, il che lo rende un'opzione pulita e pura per migliorare la concentrazione mentale e il benessere generale.<\/p>\n<h2>Ingredienti di Ginkgo Biloba<\/h2>\n<p>Indian Elements\" Ginkgo Biloba contiene un solo ingrediente chiave: <strong>Ginkgo Biloba<\/strong>. Questo ingrediente \u00e8 ricco di potenti composti come i flavonoidi, i ginkgolidi e i bilobalidi, che contribuiscono ai suoi numerosi benefici per la salute. Queste sostanze sono note per le loro propriet\u00e0 antiossidanti, che aiutano a proteggere l'organismo dai radicali liberi e a ridurre le infiammazioni.<\/p>\n<p>I ginkgolidi e i bilobalidi contenuti in Ginkgo Biloba sono particolarmente efficaci per migliorare la circolazione sanguigna e sostenere la salute cognitiva. Questi composti contribuiscono ad aumentare la concentrazione mentale, a migliorare la memoria e a sostenere le funzioni cerebrali. Inoltre, l'Ginkgo Biloba \u00e8 stato associato a una migliore salute del cuore, in quanto pu\u00f2 favorire il flusso sanguigno e ridurre il rischio di coagulazione. Grazie alla sua formulazione pura e naturale, Indian Elements' Ginkgo Biloba assicura tutti i benefici di questa potente erba.<\/p>\n<p><strong>Attenzione:<\/strong><br \/>\nSolo per adulti dai 18 anni in su. Tenere fuori dalla portata dei bambini.<br \/>\nSi sconsiglia l'assunzione di farmaci, droghe o alcolici a persone affette da patologie cardiache o renali, pressione alta o bassa, diabete. Questo \u00e8 un integratore alimentare e deve essere usato come indicato. Non acquistare se il sigillo \u00e8 rotto.<\/p>","protected":false},"excerpt":{"rendered":"<p>L'Ginkgo Biloba, noto anche come Albero del Tempio giapponese, \u00e8 un superalimento potente e ricco di antiossidanti, utilizzato da migliaia di anni per sostenere la salute. Conosciuto per la sua capacit\u00e0 di favorire una migliore circolazione, concentrazione mentale e memoria, questo antico albero \u00e8 ora ampiamente riconosciuto come un modo naturale per aumentare le funzioni cognitive e l'energia. Indian Elements' Ginkgo Biloba \u00e8 prodotto con 100% foglie pure di Ginkgo, offrendo un integratore pratico e naturale per migliorare la concentrazione e il benessere generale.<\/p>","protected":false},"featured_media":82163,"template":"","meta":[],"product_brand":[],"product_cat":[297,455,457,389,814,407,384,456],"product_tag":[],"class_list":{"0":"post-8561","1":"product","2":"type-product","3":"status-publish","4":"has-post-thumbnail","6":"product_cat-all-products","7":"product_cat-healthshop","8":"product_cat-herbs-healthshop","9":"product_cat-herbs","10":"product_cat-indian-elements","11":"product_cat-medicinal-herbs","12":"product_cat-smartshop","13":"product_cat-supplements","15":"first","16":"instock","17":"taxable","18":"shipping-taxable","19":"purchasable","20":"product-type-variable","21":"has-default-attributes"},"_links":{"self":[{"href":"https:\/\/www.headshop.nl\/it\/wp-json\/wp\/v2\/product\/8561","targetHints":{"allow":["GET"]}}],"collection":[{"href":"https:\/\/www.headshop.nl\/it\/wp-json\/wp\/v2\/product"}],"about":[{"href":"https:\/\/www.headshop.nl\/it\/wp-json\/wp\/v2\/types\/product"}],"wp:featuredmedia":[{"embeddable":true,"href":"https:\/\/www.headshop.nl\/it\/wp-json\/wp\/v2\/media\/82163"}],"wp:attachment":[{"href":"https:\/\/www.headshop.nl\/it\/wp-json\/wp\/v2\/media?parent=8561"}],"wp:term":[{"taxonomy":"product_brand","embeddable":true,"href":"https:\/\/www.headshop.nl\/it\/wp-json\/wp\/v2\/product_brand?post=8561"},{"taxonomy":"product_cat","embeddable":true,"href":"https:\/\/www.headshop.nl\/it\/wp-json\/wp\/v2\/product_cat?post=8561"},{"taxonomy":"product_tag","embeddable":true,"href":"https:\/\/www.headshop.nl\/it\/wp-json\/wp\/v2\/product_tag?post=8561"}],"curies":[{"name":"wp","href":"https:\/\/api.w.org\/{rel}","templated":true}]}}