{"id":8555,"date":"2018-01-05T13:57:16","date_gmt":"2018-01-05T13:57:16","guid":{"rendered":"http:\/\/headshop.nl\/?post_type=product&#038;p=8555"},"modified":"2025-01-29T13:25:42","modified_gmt":"2025-01-29T13:25:42","slug":"cola-nut-powder-uppers","status":"publish","type":"product","link":"https:\/\/www.headshop.nl\/it\/cola-nut-powder-uppers\/","title":{"rendered":"Cola Nut Polvere"},"content":{"rendered":"<h2 data-pm-slice=\"1 1 []\">Che cos'\u00e8 Cola Nut?<\/h2>\n<p>Cola Nut \u00e8 un prodotto naturale derivato dai semi della pianta Cola Nitida, comunemente nota come Kolanoot. Questa pianta tropicale, che pu\u00f2 crescere fino a 20 metri di altezza, \u00e8 originaria delle foreste pluviali dell'Africa. I semi della Cola Nitida contengono caffeina, uno stimolante naturale che aumenta i livelli di energia e migliora la lucidit\u00e0 mentale. Per secoli, la Cola Nut \u00e8 stata utilizzata nella medicina tradizionale per combattere la stanchezza, migliorare la concentrazione e persino indurre un senso di euforia.<\/p>\n<p>Gli effetti stimolanti di Cola Nut derivano dalla caffeina presente in natura, lo stesso composto presente nel caff\u00e8 e nel t\u00e8. Questo lo rende un'ottima alternativa alle bevande convenzionali contenenti caffeina. Sia che abbiate bisogno di una spinta energetica a met\u00e0 giornata o di migliorare le prestazioni fisiche, Cola Nut fornisce una spinta naturale e prolungata senza il comune calo di caffeina.<\/p>\n<p>Oltre ai suoi effetti energizzanti, si ritiene che Cola Nut favorisca la gestione del peso. Le sue propriet\u00e0 stimolanti possono contribuire a migliorare il metabolismo, a sopprimere l'appetito e a favorire la digestione, rendendola un'aggiunta preziosa a uno stile di vita sano.<\/p>\n<h2>Storia di Cola Nut<\/h2>\n<p>Cola Nut ha una storia lunga e ricca, profondamente radicata nella cultura e nelle tradizioni africane. Per secoli, le trib\u00f9 africane hanno utilizzato i semi della pianta di Cola Nitida per scopi medicinali e sociali. Le persone masticavano l'Cola Nut per aumentare la resistenza, combattere la stanchezza e sostenere l'energia durante lunghi viaggi o compiti fisicamente impegnativi. In molte culture africane, le Cola Nut venivano anche scambiate come simbolo di ospitalit\u00e0, rispetto e buona volont\u00e0.<\/p>\n<p>Con l'aumentare della sua reputazione di stimolatore di energia e vitalit\u00e0, l'Cola Nut \u00e8 diventato un bene molto apprezzato. Alla fine si \u00e8 fatto strada nel mercato globale, diventando un ingrediente chiave nella formula originale della Coca-Cola. Inizialmente la bevanda veniva prodotta utilizzando l'Cola Nut come fonte primaria di caffeina, dando alla bevanda il suo nome distintivo. Sebbene la caffeina sintetica abbia da allora sostituito l'Cola Nut naturale nelle bibite commerciali, la pianta rimane un noto stimolante naturale.<\/p>\n<p>Oggi l'Cola Nut continua a essere celebrato per le sue propriet\u00e0 rinvigorenti. \u00c8 ampiamente utilizzato nei moderni prodotti per la salute e il benessere come alternativa naturale agli stimolatori energetici artificiali.<\/p>\n<h2>Come utilizzare Cola Nut<\/h2>\n<p>Per massimizzare i benefici dell'Cola Nut, \u00e8 necessario consumarlo con moderazione. Il dosaggio consigliato \u00e8 di 1 grammo al giorno, che pu\u00f2 essere facilmente incorporato nella routine quotidiana. L'Cola Nut pu\u00f2 essere mescolato a frullati, shake o altre bevande, oppure assunto come integratore a s\u00e9 stante.<\/p>\n<p>Poich\u00e9 l'Cola Nut contiene caffeina, \u00e8 importante monitorare l'assunzione totale di caffeina per evitare un'eccessiva stimolazione. Se si \u00e8 sensibili alla caffeina, iniziare con una dose inferiore per valutare la propria tolleranza. Molte persone usano Cola Nut come integratore pre-allenamento per migliorare la resistenza e la concentrazione, aiutandoli a superare sessioni di esercizio intense con energia sostenuta.<\/p>\n<p>Cola Nut \u00e8 un'aggiunta versatile a qualsiasi regime di salute, sia che si cerchi una spinta energetica naturale, una maggiore chiarezza mentale o un aiuto nella gestione del peso. La sua composizione a base vegetale e vegana lo rende una scelta eccellente per chi \u00e8 impegnato in soluzioni di benessere pulite e naturali.<\/p>\n<h2>Ingredienti di Cola Nut<\/h2>\n<p>Cola Nut contiene un unico, potente ingrediente: Cola Nitida. Questo ingrediente naturale proviene dai semi della pianta Cola Nitida, che cresce nelle foreste pluviali tropicali dell'Africa. I semi sono naturalmente ricchi di caffeina, il composto chiave responsabile degli effetti stimolanti di Cola Nut.<\/p>\n<p>La caffeina agisce stimolando il sistema nervoso centrale, aumentando la vigilanza, migliorando la concentrazione e riducendo l'affaticamento. Oltre alla caffeina, Cola Nut pu\u00f2 contenere tracce di altri composti che contribuiscono ulteriormente alle sue propriet\u00e0 energizzanti. Poich\u00e9 Cola Nut \u00e8 una fonte naturale di caffeina, rappresenta un'alternativa preferibile agli stimolanti sintetici comunemente presenti nelle bevande energetiche e negli integratori.<\/p>\n<p>Cola Nut di Indian Elements \u00e8 100% naturale e vegano, privo di additivi o conservanti artificiali. Questo garantisce un prodotto pulito e sostenibile per gli individui che privilegiano ingredienti naturali e di alta qualit\u00e0 nel loro regime di benessere.<\/p>\n<p><strong>Avvertenze<\/strong><\/p>\n<p>Cola Nut \u00e8 destinato esclusivamente all'uso da parte di adulti (18+). Tenere fuori dalla portata dei bambini. Non utilizzare questo prodotto in combinazione con gli inibitori MAO. \u00c8 sconsigliato ai soggetti affetti da patologie renali o cardiache, pressione alta o bassa, diabete o che assumono farmaci, droghe o alcol. In caso di problemi medici, consultare sempre un medico prima di utilizzare Cola Nut. Questo prodotto \u00e8 un integratore alimentare e deve essere usato come parte di una dieta equilibrata. Non acquistare se il sigillo \u00e8 rotto.<\/p>","protected":false},"excerpt":{"rendered":"<p><span style=\"color: #000000;\">La noce di cola possiede il 2% di caffeina con teobromina e colanina e agisce come stimolante. Aiuta la circolazione e il livello di ossigeno nel corpo. \u00c8 presente anche nel cioccolato che d\u00e0 una sensazione di allerta. Aumenta la concentrazione liberando la mente.<\/span><\/p>","protected":false},"featured_media":82166,"template":"","meta":[],"product_brand":[],"product_cat":[297,455,389,457,814,407,384,456],"product_tag":[],"class_list":{"0":"post-8555","1":"product","2":"type-product","3":"status-publish","4":"has-post-thumbnail","6":"product_cat-all-products","7":"product_cat-healthshop","8":"product_cat-herbs","9":"product_cat-herbs-healthshop","10":"product_cat-indian-elements","11":"product_cat-medicinal-herbs","12":"product_cat-smartshop","13":"product_cat-supplements","15":"first","16":"instock","17":"taxable","18":"shipping-taxable","19":"purchasable","20":"product-type-variable","21":"has-default-attributes"},"_links":{"self":[{"href":"https:\/\/www.headshop.nl\/it\/wp-json\/wp\/v2\/product\/8555","targetHints":{"allow":["GET"]}}],"collection":[{"href":"https:\/\/www.headshop.nl\/it\/wp-json\/wp\/v2\/product"}],"about":[{"href":"https:\/\/www.headshop.nl\/it\/wp-json\/wp\/v2\/types\/product"}],"wp:featuredmedia":[{"embeddable":true,"href":"https:\/\/www.headshop.nl\/it\/wp-json\/wp\/v2\/media\/82166"}],"wp:attachment":[{"href":"https:\/\/www.headshop.nl\/it\/wp-json\/wp\/v2\/media?parent=8555"}],"wp:term":[{"taxonomy":"product_brand","embeddable":true,"href":"https:\/\/www.headshop.nl\/it\/wp-json\/wp\/v2\/product_brand?post=8555"},{"taxonomy":"product_cat","embeddable":true,"href":"https:\/\/www.headshop.nl\/it\/wp-json\/wp\/v2\/product_cat?post=8555"},{"taxonomy":"product_tag","embeddable":true,"href":"https:\/\/www.headshop.nl\/it\/wp-json\/wp\/v2\/product_tag?post=8555"}],"curies":[{"name":"wp","href":"https:\/\/api.w.org\/{rel}","templated":true}]}}