{"id":84400,"date":"2025-05-09T08:54:45","date_gmt":"2025-05-09T08:54:45","guid":{"rendered":"https:\/\/www.headshop.nl\/?post_type=product&#038;p=84400"},"modified":"2025-10-16T07:05:23","modified_gmt":"2025-10-16T07:05:23","slug":"cutting-bridgesii-25-29-cm","status":"publish","type":"product","link":"https:\/\/www.headshop.nl\/it\/cutting-bridgesii-25-29-cm\/","title":{"rendered":"Ponti di taglio 25 - 29 cm"},"content":{"rendered":"<h2 dir=\"ltr\" data-pm-slice=\"1 1 []\">Cosa sono i ponti di taglio?<\/h2>\n<p dir=\"ltr\">Il cactus Bridgesii da taglio, noto anche come <em>Echinopsis lageniformis<\/em> o Torcia boliviana, \u00e8 un cactus colonnare a crescita rapida originario della Bolivia. La sua buccia verde-blu, i lunghi aculei e la struttura a coste lo rendono visivamente accattivante e spiritualmente potente. Rinomato per il suo alto contenuto di mescalina, \u00e8 uno dei cactus pi\u00f9 potenti dal punto di vista psicoattivo. <em>Trichocereus<\/em> specie. Come talea, pu\u00f2 essere propagato o usato per preparare dosi cerimoniali, inducendo stati visionari, chiarezza emotiva e connessioni profonde con il s\u00e9 e la natura. Strumento vitale per un lavoro interiore consapevole, il cactus Bridgesii da taglio guida gli utenti attraverso una profonda trasformazione in contesti di guarigione sia tradizionali che moderni.<\/p>\n<h2 dir=\"ltr\">Storia del taglio dei ponti<\/h2>\n<p dir=\"ltr\">Radicato nelle regioni d'alta quota della Bolivia, il cactus Bridgesii tagliente \u00e8 stato venerato per secoli dalle culture indigene andine. Sciamani e guaritori lo usavano nelle cerimonie sacre per cercare una guida spirituale, promuovere la guarigione e connettersi con il mondo degli spiriti. Paragonabile alla San Pedro e alla Peyote, si distingue per i suoi effetti intensi e visionari. Chiamato cos\u00ec in onore del botanico del XIX secolo Thomas Bridges, il cactus si \u00e8 diffuso in tutto il mondo, conquistando un posto di rilievo nelle comunit\u00e0 di fitoterapia per il suo potere trasformativo e di lucidit\u00e0. Come \"maestro insegnante\", aiuta a smantellare le barriere emotive e favorisce la libert\u00e0 personale, collegando l'antica saggezza con la moderna esplorazione spirituale.<\/p>\n<h2 dir=\"ltr\">Come utilizzare i ponti di taglio<\/h2>\n<p dir=\"ltr\">Il cactus Bridgesii tagliente viene consumato in contesti cerimoniali o terapeutici per sfruttare le sue propriet\u00e0 visionarie. La preparazione prevede la rimozione degli aculei e della buccia verde scuro, l'affettatura della polpa interna e la cottura a fuoco lento per ore per creare un t\u00e8 denso e amaro. Questo t\u00e8 viene consumato lentamente e con intenzione in un ambiente calmo e solidale. In alternativa, il cactus bollito pu\u00f2 essere frullato in una pasta o essiccato per un uso successivo. Gli effetti iniziano entro 1-2 ore a stomaco vuoto, raggiungono il picco a 3-5 ore e durano 10-14 ore, portando spesso introspezione, liberazione emotiva, schemi visivi e unit\u00e0 con la natura. Usare con un compagno di viaggio fidato, evitare le distrazioni e integrare le intuizioni attraverso il diario e il riposo. Avvicinarsi con rispetto, poich\u00e9 la sua intensit\u00e0 richiede prontezza mentale e fisica.<\/p>\n<h2 dir=\"ltr\">Ingredienti del taglio Bridgesii<\/h2>\n<p dir=\"ltr\">Il principale composto attivo del cactus Cutting Bridgesii \u00e8 la mescalina, un alcaloide psichedelico utilizzato nei rituali da millenni. Agendo sui recettori della serotonina, la mescalina altera la percezione, aumenta le emozioni e favorisce la consapevolezza spirituale. Questo cactus vanta una concentrazione di mescalina pi\u00f9 elevata di altri <em>Trichocereus<\/em> specie, che la rende ideale per l'uso cerimoniale. Alcaloidi minori come l'analonidina e la tiramina ne rafforzano il profilo energetico. Dal punto di vista fisico, \u00e8 costituita da un tessuto fibroso con un elevato contenuto di acqua, protetto da una pelle scanalata e cerosa. Il suo nucleo ricco di alcaloidi produce effetti spirituali e curativi, posizionando il cactus Cutting Bridgesii come un alleato sacro per la crescita personale e l'espansione della coscienza.<\/p>\n<p dir=\"ltr\"><strong>Avvertenze<\/strong><\/p>\n<p dir=\"ltr\">Non consumare il cactus Cutting Bridgesii in caso di gravidanza, allattamento, minori di 18 anni o se si hanno problemi di salute mentale, patologie cardiache o irregolarit\u00e0 della pressione sanguigna. Evitare di mischiarlo con alcol, farmaci o altre sostanze psicoattive. Usare solo in un ambiente sicuro e tranquillo, con la presenza di una persona sobria. Non guidare o azionare macchinari quando si \u00e8 sotto l'effetto di questa sostanza. Trattare il cactus Cutting Bridgesii come una medicina sacra, non come una sostanza ricreativa.<\/p>","protected":false},"excerpt":{"rendered":"<p dir=\"ltr\" data-pm-slice=\"1 1 []\">Il cactus Bridgesii da taglio \u00e8 una pianta venerata e potente, apprezzata per la sua profonda saggezza spirituale e l'energia di guarigione trasformativa. Utilizzato nelle cerimonie sciamaniche e nelle pratiche introspettive, offre una via profonda per la consapevolezza di s\u00e9, la purificazione energetica e l'aumento della coscienza.<\/p>","protected":false},"featured_media":84403,"template":"","meta":[],"product_brand":[],"product_cat":[394,297,384],"product_tag":[],"class_list":{"0":"post-84400","1":"product","2":"type-product","3":"status-publish","4":"has-post-thumbnail","6":"product_cat-mescaline-cacti","7":"product_cat-all-products","8":"product_cat-smartshop","9":"product_shipping_class-group-7","11":"first","12":"instock","13":"taxable","14":"shipping-taxable","15":"purchasable","16":"product-type-variable","17":"has-default-attributes"},"_links":{"self":[{"href":"https:\/\/www.headshop.nl\/it\/wp-json\/wp\/v2\/product\/84400","targetHints":{"allow":["GET"]}}],"collection":[{"href":"https:\/\/www.headshop.nl\/it\/wp-json\/wp\/v2\/product"}],"about":[{"href":"https:\/\/www.headshop.nl\/it\/wp-json\/wp\/v2\/types\/product"}],"wp:featuredmedia":[{"embeddable":true,"href":"https:\/\/www.headshop.nl\/it\/wp-json\/wp\/v2\/media\/84403"}],"wp:attachment":[{"href":"https:\/\/www.headshop.nl\/it\/wp-json\/wp\/v2\/media?parent=84400"}],"wp:term":[{"taxonomy":"product_brand","embeddable":true,"href":"https:\/\/www.headshop.nl\/it\/wp-json\/wp\/v2\/product_brand?post=84400"},{"taxonomy":"product_cat","embeddable":true,"href":"https:\/\/www.headshop.nl\/it\/wp-json\/wp\/v2\/product_cat?post=84400"},{"taxonomy":"product_tag","embeddable":true,"href":"https:\/\/www.headshop.nl\/it\/wp-json\/wp\/v2\/product_tag?post=84400"}],"curies":[{"name":"wp","href":"https:\/\/api.w.org\/{rel}","templated":true}]}}