{"id":83201,"date":"2022-06-06T15:17:13","date_gmt":"2022-06-06T15:17:13","guid":{"rendered":"https:\/\/www.headshop.nl\/?post_type=product&#038;p=83201"},"modified":"2025-11-11T13:26:15","modified_gmt":"2025-11-11T13:26:15","slug":"sex-on-the-beach","status":"publish","type":"product","link":"https:\/\/www.headshop.nl\/it\/sex-on-the-beach\/","title":{"rendered":"Sex sulla spiaggia"},"content":{"rendered":"<h2 dir=\"auto\">Cosa sono i tartufi magici Sex on the Beach?<\/h2>\n<p dir=\"auto\">Sex on the Beach Magic Truffles sono sclerozi, formati da fili di micelio sotterraneo che immagazzinano le sostanze nutritive per la crescita dei funghi in condizioni specifiche di temperatura e umidit\u00e0, offrendo una potente esperienza psichedelica. Questi tartufi sono rinomati per migliorare le connessioni sensoriali ed emotive, inducendo visioni vivide e intuizioni filosofiche, e ogni confezione da 15 grammi \u00e8 fatta su misura per il viaggio trasformativo di un singolo utente.<\/p>\n<p dir=\"auto\">La loro popolarit\u00e0 deriva dalla capacit\u00e0 di favorire l'intimit\u00e0 e l'esplorazione personale, interagendo con il sistema di serotonina del cervello per creare un viaggio magico e allucinogeno. Conservate a 2\u00b0C-4\u00b0C, offrono un'esperienza sicura e controllata per gli adulti sopra i 18 anni, rendendole una scelta versatile per chi cerca una profonda scoperta di s\u00e9 o momenti di condivisione in un ambiente fidato.<\/p>\n<h2 dir=\"auto\">Storia dei tartufi magici Sex on the Beach<\/h2>\n<p dir=\"auto\">La storia di Sex on the Beach Magic Truffles si rif\u00e0 alle antiche culture dell'America centrale e meridionale, dove i funghi psicoattivi venivano usati nei rituali spirituali per connettersi con il divino ed esplorare il s\u00e9. Nell'era moderna, gli sclerozi si sono imposti nei Paesi Bassi come alternativa legale ai funghi magici vietati, e questa miscela specifica \u00e8 stata creata per migliorare le esperienze intime e sensoriali.<\/p>\n<p dir=\"auto\">I progressi nella coltivazione hanno garantito la loro potenza e consistenza, riflettendo una miscela di antiche tradizioni e innovazione contemporanea. Oggi questi tartufi sono famosi per facilitare le connessioni significative e la crescita personale, cavalcando l'onda del crescente interesse per gli psichedelici naturali e affermandosi come i preferiti della comunit\u00e0 psichedelica globale.<\/p>\n<h2 dir=\"auto\">Come utilizzare i tartufi magici Sex on the Beach<\/h2>\n<p dir=\"auto\">Per consumare in sicurezza i tartufi magici Sex on the Beach, consumateli in un ambiente tranquillo e fidato, possibilmente con un compagno vicino, iniziando con met\u00e0 della confezione da 15 grammi e aspettando 30-45 minuti prima di considerarne altri. Masticare accuratamente per ottenere una potenza ottimale o preparare un t\u00e8 o una zuppa, assumendoli a stomaco vuoto per ottenere effetti che raggiungono il picco entro 1-3 ore e svaniscono dopo 5-6 ore; conservare a 2\u00b0C-4\u00b0C in un luogo buio.<\/p>\n<p dir=\"auto\">Evitare di associare il prodotto ad alcolici, farmaci o droghe e non usarlo in caso di gravidanza, allattamento o in presenza di patologie come depressione, problemi cardiaci o diabete; \u00e8 vietato guidare o usare macchinari. Rimanete idratati, stabilite intenzioni positive e rilassatevi per abbracciare l'avventura sensoriale, assicurando un'esperienza memorabile e intima con un'attenta osservanza delle linee guida sul dosaggio.<\/p>\n<h2 dir=\"auto\">Ingredienti dei tartufi magici Sex on the Beach<\/h2>\n<p dir=\"auto\">I tartufi Sex on the Beach Magic Truffles contengono psilocibina, che si converte in psilocina per produrre effetti allucinogeni attraverso le vie della serotonina, oltre a nutrienti come 110,5 kcal, 13,2 g di carboidrati, 5,3 g di proteine, 0,4 g di grassi e 16,7 g di fibre alimentari per 100 g. Forniscono inoltre 210 mg di potassio, 169,3 mg di fosforo, 13,6 mg di sodio, 12,5 mg di calcio, 0,7 mg di ferro e 10 UI di vitamina D, a sostegno dell'energia e delle funzioni corporee.<\/p>\n<p dir=\"auto\">Coltivati naturalmente senza additivi, questi sclerozi offrono una miscela pura di benefici psicoattivi e nutrizionali, migliorando l'umore, la percezione e l'intimit\u00e0. La loro composizione li rende ideali per chi cerca un'esperienza psicologica profonda con un supporto dietetico minore, a patto che gli utenti rispettino la potenza della psilocibina e seguano pratiche di consumo sicure.<\/p>\n<p dir=\"auto\"><strong>Avvertenze<\/strong><\/p>\n<p dir=\"auto\">Sex on the Beach Magic Truffles contiene psilocibina e psilocina, potenti allucinogeni che alterano significativamente lo stato di coscienza e inducono vivide allucinazioni, richiedendo un uso cauto in un ambiente controllato. Tenere fuori dalla portata dei bambini ed evitare in caso di gravidanza, problemi di salute mentale o condizioni mediche come diabete o problemi cardiaci, poich\u00e9 gli effetti possono essere imprevedibili.<\/p>\n<p dir=\"auto\">Non mescolare con alcol, droghe o farmaci e assicurare un consumo responsabile seguendo le linee guida di sicurezza per ottenere un'esperienza positiva e sicura. Gli utenti devono mantenere uno stato mentale e fisico adeguato per apprezzare appieno gli effetti trasformativi di questi tartufi.<\/p>","protected":false},"excerpt":{"rendered":"<p>Sex on the Beach I tartufi magici avvicinano voi e il vostro partner. Tutto sembra pi\u00f9 forte, pi\u00f9 eccitante e il resto del mondo svanisce per un momento. \u00c8 il momento perfetto per godere appieno l'uno dell'altro. Trovate un luogo romantico e intraprendete un viaggio erotico.<\/p>\n<p><strong>Esperienza completa: una scatola, una persona<\/strong><\/p>","protected":false},"featured_media":83223,"template":"","meta":[],"product_brand":[],"product_cat":[812,297,402,706,399,626,384],"product_tag":[978],"class_list":{"0":"post-83201","1":"product","2":"type-product","3":"status-publish","4":"has-post-thumbnail","6":"product_cat-mcsmart-truffles","7":"product_cat-all-products","8":"product_cat-magic-truffles","9":"product_cat-microdosing-truffles","10":"product_cat-shroomshop","11":"product_cat-shroomshop-top-10","12":"product_cat-smartshop","13":"product_tag-shrdeal","14":"product_shipping_class-group-7","16":"first","17":"instock","18":"taxable","19":"shipping-taxable","20":"purchasable","21":"product-type-variable","22":"has-default-attributes"},"_links":{"self":[{"href":"https:\/\/www.headshop.nl\/it\/wp-json\/wp\/v2\/product\/83201","targetHints":{"allow":["GET"]}}],"collection":[{"href":"https:\/\/www.headshop.nl\/it\/wp-json\/wp\/v2\/product"}],"about":[{"href":"https:\/\/www.headshop.nl\/it\/wp-json\/wp\/v2\/types\/product"}],"wp:featuredmedia":[{"embeddable":true,"href":"https:\/\/www.headshop.nl\/it\/wp-json\/wp\/v2\/media\/83223"}],"wp:attachment":[{"href":"https:\/\/www.headshop.nl\/it\/wp-json\/wp\/v2\/media?parent=83201"}],"wp:term":[{"taxonomy":"product_brand","embeddable":true,"href":"https:\/\/www.headshop.nl\/it\/wp-json\/wp\/v2\/product_brand?post=83201"},{"taxonomy":"product_cat","embeddable":true,"href":"https:\/\/www.headshop.nl\/it\/wp-json\/wp\/v2\/product_cat?post=83201"},{"taxonomy":"product_tag","embeddable":true,"href":"https:\/\/www.headshop.nl\/it\/wp-json\/wp\/v2\/product_tag?post=83201"}],"curies":[{"name":"wp","href":"https:\/\/api.w.org\/{rel}","templated":true}]}}