{"id":82404,"date":"2024-12-06T13:42:45","date_gmt":"2024-12-06T13:42:45","guid":{"rendered":"https:\/\/www.headshop.nl\/?post_type=product&#038;p=82404"},"modified":"2025-11-18T14:37:55","modified_gmt":"2025-11-18T14:37:55","slug":"all-in-one-kratom","status":"publish","type":"product","link":"https:\/\/www.headshop.nl\/it\/all-in-one-kratom\/","title":{"rendered":"Tutto in uno Kratom"},"content":{"rendered":"<h2>Che cos'\u00e8 Kratopia All in One Kratom?<\/h2>\n<p>Kratopia All in One Kratom \u00e8 una miscela unica e bilanciata di diversi tipi di Kratom, tra cui le variet\u00e0 Green, Red e White Vein, con l'aggiunta della forza del Maeng Da. Questa miscela accuratamente realizzata combina i benefici di tutti questi tipi di Kratom per fornire una gamma completa di effetti. Sia che si cerchi energia, relax o sollievo dal dolore, Kratopia All in One Kratom offre un'esperienza adattabile, a seconda delle condizioni personali dell'utente e del dosaggio.<\/p>\n<p>La formulazione di questa miscela tiene conto di vari fattori, come l'ambiente in cui vengono coltivati gli alberi Kratom, il periodo di raccolta e il modo in cui le foglie vengono lavorate. Ogni elemento contribuisce agli effetti finali che si possono sperimentare. Con un dosaggio adeguato, gli utenti possono sperimentare qualsiasi cosa, da una leggera stimolazione a un rilassamento completo, rendendola un'opzione versatile per chi cerca risultati diversi in momenti diversi.<\/p>\n<p>Kratopia All in One Kratom non \u00e8 solo una miscela di foglie, ma una combinazione ponderata che si rivolge sia ai principianti che agli utenti esperti. Grazie alla sua composizione unica, pu\u00f2 aiutare le persone a gestire lo stress, a migliorare i livelli di energia o persino ad alleviare il dolore, a seconda di come viene utilizzata.<\/p>\n<hr \/>\n<h2>Storia di Kratopia All in One Kratom<\/h2>\n<p>La storia di Kratopia All in One Kratom inizia con la lunga tradizione dell'uso di Kratom nel sud-est asiatico, dove \u00e8 stato impiegato per secoli come rimedio naturale per vari disturbi. La pianta, conosciuta scientificamente come <em>Mitragyna speciosa<\/em>\u00e8 stata utilizzata per i suoi effetti stimolanti e analgesici. La Kratom \u00e8 diventata pi\u00f9 popolare negli ultimi anni, soprattutto nei paesi occidentali, in quanto le persone cercano alternative naturali per gestire il dolore, lo stress e la fatica.<\/p>\n<p>Kratopia, come marchio, \u00e8 emerso da questo crescente interesse per Kratom, con l'obiettivo di creare una miscela onnicomprensiva che massimizzi i benefici dei diversi ceppi di Kratom. Combinando la Kratom a vena verde, rossa e bianca con la Maeng Da, la Kratopia All in One Kratom offre un prodotto che garantisce una serie di effetti. L'obiettivo dell'azienda \u00e8 quello di fornire agli utenti un'esperienza Kratom equilibrata e di alta qualit\u00e0, indipendentemente dal loro livello di esperienza con i prodotti Kratom.<\/p>\n<p>Nel corso del suo sviluppo, Kratopia All in One Kratom \u00e8 stato sottoposto a un'attenta formulazione per garantire risultati coerenti e affidabili, con il perfetto equilibrio tra effetti stimolanti e calmanti. Nel corso del tempo, il marchio si \u00e8 costruito una reputazione per la produzione di un prodotto che funziona per un'ampia gamma di utenti.<\/p>\n<hr \/>\n<h2>Come utilizzare Kratopia All in One Kratom<\/h2>\n<p>L'uso di Kratopia All in One Kratom \u00e8 semplice e immediato. Per iniziare, misurare la dose desiderata, in genere tra i 4 e i 5 grammi, a seconda del livello di esperienza e degli effetti desiderati. Per la precisione, si pu\u00f2 usare una piccola bilancia o un cucchiaio specifico per Kratom.<\/p>\n<p>Una volta misurato l'Kratom, il modo pi\u00f9 comune per consumarlo \u00e8 mescolarlo in una tazza di acqua calda o di t\u00e8. Per un gusto pi\u00f9 morbido e per aiutare a mascherare il sapore terroso dell'Kratom, si pu\u00f2 aggiungere un po' di miele o un altro dolcificante. Mescolare bene e bere il t\u00e8 lentamente per consentire agli effetti di iniziare a manifestarsi.<\/p>\n<p>Gli effetti di Kratopia All in One Kratom possono variare in base al peso corporeo, alla sensibilit\u00e0 e al dosaggio utilizzato. \u00c8 importante iniziare con una dose ridotta se si \u00e8 alle prime armi con l'Kratom o se non si \u00e8 sicuri della risposta del proprio organismo. Ricordate che con Kratopia All in One Kratom l'esperienza \u00e8 altamente personalizzabile: regolate il dosaggio per trovare il giusto equilibrio per le vostre esigenze.<\/p>\n<hr \/>\n<h2>Ingredienti di Kratopia All in One Kratom<\/h2>\n<p>L'ingrediente principale di Kratopia All in One Kratom \u00e8 <em>Mitragyna speciosa<\/em>, il nome botanico di Kratom. Questa pianta \u00e8 originaria del sud-est asiatico, dove le sue foglie vengono raccolte ed essiccate per essere utilizzate per le loro varie propriet\u00e0. L'Kratopia All in One Kratom \u00e8 ottenuto dalla combinazione di tre tipi principali di vene Kratom: Verde, Rossa e Bianca, ognuna delle quali offre una serie di effetti unici.<\/p>\n<p>La Green Vein Kratom \u00e8 nota per i suoi effetti equilibrati, in quanto fornisce una leggera stimolazione, promuovendo al contempo concentrazione ed energia. La Vena Rossa Kratom, invece, \u00e8 pi\u00f9 calmante e viene spesso utilizzata per alleviare il dolore e rilassarsi. La vena bianca Kratom \u00e8 riconosciuta per le sue propriet\u00e0 energizzanti e per la capacit\u00e0 di migliorare la chiarezza mentale. L'aggiunta di Maeng Da Kratom, noto per la sua potente forza e la capacit\u00e0 di potenziare gli effetti di altri ceppi, d\u00e0 alla miscela una spinta in pi\u00f9, rendendo Kratopia All in One Kratom una miscela potente.<\/p>\n<p>Questi ingredienti sono reperiti e miscelati con precisione, per garantire che ogni lotto di Kratopia All in One Kratom offra agli utenti risultati costanti e affidabili.<\/p>\n<hr \/>\n<p><strong>Attenzione:<\/strong><\/p>\n<p>L'uso di Kratopia All in One Kratom \u00e8 riservato ai maggiori di 18 anni. Tenere fuori dalla portata dei bambini. Kratom deve essere usato con responsabilit\u00e0 e moderazione. Consultare sempre un professionista della salute prima di iniziare qualsiasi nuovo integratore, soprattutto in caso di gravidanza, allattamento o condizioni mediche.<\/p>","protected":false},"excerpt":{"rendered":"<p>Kratopia All in One Kratom \u00e8 una potente miscela di Kratom a vena verde, rossa e bianca, arricchita da un tocco di Maeng Da. Questa miscela versatile offre una serie di effetti, dal sollievo dal dolore all'aumento di energia, al rilassamento e alla riduzione dello stress. Personalizzate la vostra esperienza con il giusto dosaggio, poich\u00e9 gli effetti possono variare a seconda delle circostanze individuali.<\/p>","protected":false},"featured_media":82407,"template":"","meta":[],"product_brand":[],"product_cat":[817,297,389,390,407,405,384],"product_tag":[],"class_list":{"0":"post-82404","1":"product","2":"type-product","3":"status-publish","4":"has-post-thumbnail","6":"product_cat-kratopia","7":"product_cat-all-products","8":"product_cat-herbs","9":"product_cat-kratom","10":"product_cat-medicinal-herbs","11":"product_cat-relax-herbs","12":"product_cat-smartshop","13":"product_shipping_class-group-7","15":"first","16":"instock","17":"taxable","18":"shipping-taxable","19":"purchasable","20":"product-type-variable","21":"has-default-attributes"},"_links":{"self":[{"href":"https:\/\/www.headshop.nl\/it\/wp-json\/wp\/v2\/product\/82404","targetHints":{"allow":["GET"]}}],"collection":[{"href":"https:\/\/www.headshop.nl\/it\/wp-json\/wp\/v2\/product"}],"about":[{"href":"https:\/\/www.headshop.nl\/it\/wp-json\/wp\/v2\/types\/product"}],"wp:featuredmedia":[{"embeddable":true,"href":"https:\/\/www.headshop.nl\/it\/wp-json\/wp\/v2\/media\/82407"}],"wp:attachment":[{"href":"https:\/\/www.headshop.nl\/it\/wp-json\/wp\/v2\/media?parent=82404"}],"wp:term":[{"taxonomy":"product_brand","embeddable":true,"href":"https:\/\/www.headshop.nl\/it\/wp-json\/wp\/v2\/product_brand?post=82404"},{"taxonomy":"product_cat","embeddable":true,"href":"https:\/\/www.headshop.nl\/it\/wp-json\/wp\/v2\/product_cat?post=82404"},{"taxonomy":"product_tag","embeddable":true,"href":"https:\/\/www.headshop.nl\/it\/wp-json\/wp\/v2\/product_tag?post=82404"}],"curies":[{"name":"wp","href":"https:\/\/api.w.org\/{rel}","templated":true}]}}