{"id":60094,"date":"2023-01-16T12:03:25","date_gmt":"2023-01-16T12:03:25","guid":{"rendered":"https:\/\/www.headshop.nl\/?post_type=product&#038;p=60094"},"modified":"2025-05-23T09:24:32","modified_gmt":"2025-05-23T09:24:32","slug":"cbd-sleep-well-gummies","status":"publish","type":"product","link":"https:\/\/www.headshop.nl\/it\/cbd-sleep-well-gummies\/","title":{"rendered":"Gomme CBD per dormire bene"},"content":{"rendered":"<p><strong>CBD Sleep well Gummies:<\/strong><br \/>\nI problemi di sonno sono comuni e hanno un forte impatto negativo sulla vita quotidiana. Se soffrite di notti insonni, allora dovreste prendere Dr. Candy CBD Sleep Well Gummies con CBD e melatonina. Il CBD \u00e8 noto per le sue propriet\u00e0 sedative e analgesiche. 1TP374La melatonina \u00e8 una sostanza che il corpo produce naturalmente e svolge un ruolo nella regolazione del ritmo sonno-veglia.<\/p>\n<p>Ci sono poche cose pi\u00f9 frustranti dei problemi di sonno. Durante il giorno ci si sente sonnolenti, poco concentrati e irritati perch\u00e9 non si \u00e8 dormito abbastanza. Ma quando ci si mette a letto la sera e si vuole godere di un sonno indisturbato, si rimane svegli con gli occhi aperti. Forse la mente continua a girare o non si riesce a rilassarsi fisicamente. Alcune persone si addormentano, ma si svegliano improvvisamente nel cuore della notte. Pi\u00f9 si cerca di addormentarsi, meno si riesce a farlo.<\/p>\n<p>Le cause di un sonno disturbato possono essere molteplici. Per esempio, lo stress e l'ansia possono essere una ragione per rimanere svegli, un ritmo diurno e notturno disturbato o persino il dolore. Fortunatamente, il CBD e la melatonina possono aiutare a risolvere molti di questi disturbi. Sono entrambe sostanze naturali che aiutano il corpo e la mente a rilassarsi, rendendo pi\u00f9 facile addormentarsi e dormire meglio. Ogni gommina Sleep Well contiene 10 mg di CBD e 0,3 mg di melatonina.<\/p>\n<p><strong>Utilizzo:<\/strong><br \/>\nIl CBD agisce nell'organismo quando si \u00e8 creato uno specchio. Questo specchio si costruisce assumendo il cannabidiolo ogni giorno. Consigliamo sempre di iniziare la prima settimana con una o pi\u00f9 gommine al giorno e di aumentare se lo si desidera. Il CBD ha molte propriet\u00e0 positive. Un'overdose di CBD \u00e8 molto improbabile. Tuttavia, non consigliamo di assumere pi\u00f9 di 100 mg di CBD al giorno.<\/p>\n<p><strong>Consigli per la conservazione:<\/strong><br \/>\nConservare questo prodotto da Dr. Candy in un luogo fresco e buio, come un armadio da cucina, e tenerlo fuori dalla portata dei bambini.<\/p>\n<p><strong>Ingredienti:<\/strong><br \/>\nGlucosio, zucchero, coloranti e aromi naturali, gelatina, acido citrico, CBD, Melatonina<\/p>\n<p><strong>Attenzione:<\/strong><br \/>\nQuesto prodotto non \u00e8 adatto alle donne in gravidanza e ai bambini.<\/p>","protected":false},"excerpt":{"rendered":"<p>Le caramelle CBD Sleep Well Gummies appartengono alla collezione di caramelle Dr. Candy e contengono CBD. Godetevi la dolcezza e approfittate dei numerosi benefici che il CBD apporta al corpo e alla mente. Perfette per le pause tra un pasto e l'altro o semplicemente perch\u00e9 sono gustose. Dr. Candy \u00e8 il marchio di riferimento quando si tratta di caramelle al CBD, provatele subito.<\/p>","protected":false},"featured_media":58142,"template":"","meta":[],"product_brand":[],"product_cat":[839,297,847],"product_tag":[],"class_list":{"0":"post-60094","1":"product","2":"type-product","3":"status-publish","4":"has-post-thumbnail","6":"product_cat-dr-candy","7":"product_cat-all-products","8":"product_cat-edibles-2","10":"first","11":"instock","12":"taxable","13":"shipping-taxable","14":"purchasable","15":"product-type-variable","16":"has-default-attributes"},"_links":{"self":[{"href":"https:\/\/www.headshop.nl\/it\/wp-json\/wp\/v2\/product\/60094","targetHints":{"allow":["GET"]}}],"collection":[{"href":"https:\/\/www.headshop.nl\/it\/wp-json\/wp\/v2\/product"}],"about":[{"href":"https:\/\/www.headshop.nl\/it\/wp-json\/wp\/v2\/types\/product"}],"wp:featuredmedia":[{"embeddable":true,"href":"https:\/\/www.headshop.nl\/it\/wp-json\/wp\/v2\/media\/58142"}],"wp:attachment":[{"href":"https:\/\/www.headshop.nl\/it\/wp-json\/wp\/v2\/media?parent=60094"}],"wp:term":[{"taxonomy":"product_brand","embeddable":true,"href":"https:\/\/www.headshop.nl\/it\/wp-json\/wp\/v2\/product_brand?post=60094"},{"taxonomy":"product_cat","embeddable":true,"href":"https:\/\/www.headshop.nl\/it\/wp-json\/wp\/v2\/product_cat?post=60094"},{"taxonomy":"product_tag","embeddable":true,"href":"https:\/\/www.headshop.nl\/it\/wp-json\/wp\/v2\/product_tag?post=60094"}],"curies":[{"name":"wp","href":"https:\/\/api.w.org\/{rel}","templated":true}]}}