{"id":60084,"date":"2023-01-16T12:03:15","date_gmt":"2023-01-16T12:03:15","guid":{"rendered":"https:\/\/www.headshop.nl\/?post_type=product&#038;p=60084"},"modified":"2025-05-23T09:25:00","modified_gmt":"2025-05-23T09:25:00","slug":"cbd-cannabis-leaves-cola","status":"publish","type":"product","link":"https:\/\/www.headshop.nl\/it\/cbd-cannabis-leaves-cola\/","title":{"rendered":"CBD Cannabis Foglie di Cola"},"content":{"rendered":"<p><strong>CBD Cannabis Foglie di Cola:<\/strong><br \/>\nLa Cannabis Leaves Cola di Dr. Candy contiene deliziose caramelle con la sostanza CBD! Il cannabidiolo (CBD) svolge un ruolo importante come ingrediente principale attivo in queste foglie di cannabis gommose. La sostanza CBD viene estratta dalla pianta di canapa\/cannabis e ha un effetto positivo sul corpo e sulla mente. Il cannabidiolo pu\u00f2 ridurre i livelli di ansia o di stress nell'organismo e contiene possibili propriet\u00e0 antinfiammatorie. La pianta di cannabis \u00e8 ricca di sostanze preziose, tra cui terpeni, flavonoidi e cannabinoidi. Queste sostanze possono avere un'influenza positiva sia sul corpo che sulla mente. Lo spettro completo della pianta di canapa comprende anche le sostanze Cannabinolo (CBN), Cannabigerolo (CBG) e Cannabicromene (CBC). Il cannabinolo pu\u00f2 avere un effetto positivo sul sonno e sul riposo. Pu\u00f2 anche aiutare con la nausea. Il cannabigerolo \u00e8 un elemento costitutivo indispensabile per i cannabinoidi e contiene molte propriet\u00e0 antibatteriche. Il cannabicromene pu\u00f2 alleviare il dolore.<\/p>\n<p>La Cannabis Leaves Cola \u00e8 perfetta da assumere tra i pasti. Le foglie di cannabis contengono ciascuna 10 mg di CBD. Queste caramelle non vi faranno sballare o sballare. La sostanza THC, responsabile della sensazione psichedelica della cannabis, non \u00e8 presente in queste caramelle. Durante l'estrazione del CBD e di altre sostanze specifiche della pianta, la sostanza THC viene persa. Ci\u00f2 significa che queste caramelle non hanno effetti psichedelici. Si possono quindi consumare ovunque e in qualsiasi momento.<\/p>\n<p><strong>Utilizzo:<\/strong><br \/>\nIl CBD agisce nell'organismo quando si \u00e8 creato uno specchio. Consigliamo sempre di iniziare con due foglie di CBD al giorno nella prima settimana, per poi ampliare il consumo a seconda delle esigenze. Assumendo una foglia di cannabis al giorno, si raggiunge un livello di CBD nel sangue e, soprattutto, gli effetti positivi diventano molto evidenti.<\/p>\n<p><strong>Ingredienti:<\/strong><br \/>\nCBD, glucosio, zucchero colorante naturale, gelatina, acido citrico.<\/p>\n<p><strong>Consigli per la conservazione:<\/strong><br \/>\nConservare questo prodotto da Dr. Candy in un luogo fresco e buio, come un armadio da cucina, e tenerlo fuori dalla portata dei bambini.<\/p>\n<p><strong>Attenzione:<\/strong><br \/>\nQuesto prodotto non \u00e8 adatto alle donne in gravidanza e ai bambini.<\/p>","protected":false},"excerpt":{"rendered":"<p>La caramella CBD Cannabis Leaves Cola proviene dalla collezione di caramelle Dr. Candy e contiene CBD. Godetevi la dolcezza e approfittate dei numerosi benefici che il CBD apporta al corpo e alla mente. Perfetta per le pause o semplicemente perch\u00e9 \u00e8 gustosa. Dr. Candy \u00e8 il marchio quando si tratta di caramelle al CBD, provatele subito.<\/p>","protected":false},"featured_media":58313,"template":"","meta":[],"product_brand":[],"product_cat":[839,297,847],"product_tag":[],"class_list":{"0":"post-60084","1":"product","2":"type-product","3":"status-publish","4":"has-post-thumbnail","6":"product_cat-dr-candy","7":"product_cat-all-products","8":"product_cat-edibles-2","10":"first","11":"instock","12":"taxable","13":"shipping-taxable","14":"purchasable","15":"product-type-variable","16":"has-default-attributes"},"_links":{"self":[{"href":"https:\/\/www.headshop.nl\/it\/wp-json\/wp\/v2\/product\/60084","targetHints":{"allow":["GET"]}}],"collection":[{"href":"https:\/\/www.headshop.nl\/it\/wp-json\/wp\/v2\/product"}],"about":[{"href":"https:\/\/www.headshop.nl\/it\/wp-json\/wp\/v2\/types\/product"}],"wp:featuredmedia":[{"embeddable":true,"href":"https:\/\/www.headshop.nl\/it\/wp-json\/wp\/v2\/media\/58313"}],"wp:attachment":[{"href":"https:\/\/www.headshop.nl\/it\/wp-json\/wp\/v2\/media?parent=60084"}],"wp:term":[{"taxonomy":"product_brand","embeddable":true,"href":"https:\/\/www.headshop.nl\/it\/wp-json\/wp\/v2\/product_brand?post=60084"},{"taxonomy":"product_cat","embeddable":true,"href":"https:\/\/www.headshop.nl\/it\/wp-json\/wp\/v2\/product_cat?post=60084"},{"taxonomy":"product_tag","embeddable":true,"href":"https:\/\/www.headshop.nl\/it\/wp-json\/wp\/v2\/product_tag?post=60084"}],"curies":[{"name":"wp","href":"https:\/\/api.w.org\/{rel}","templated":true}]}}