{"id":60080,"date":"2023-01-16T12:03:13","date_gmt":"2023-01-16T12:03:13","guid":{"rendered":"https:\/\/www.headshop.nl\/?post_type=product&#038;p=60080"},"modified":"2025-05-23T09:25:05","modified_gmt":"2025-05-23T09:25:05","slug":"cbd-gummy-bears-mix","status":"publish","type":"product","link":"https:\/\/www.headshop.nl\/it\/cbd-gummy-bears-mix\/","title":{"rendered":"Miscela di orsetti gommosi al CBD"},"content":{"rendered":"<p><strong>Miscela di orsetti gommosi al CBD:<\/strong><br \/>\nGli orsetti gommosi CBD gusto misto di Dr. Candy sono deliziose caramelle con CBD, che deriva dalla pianta di cannabis\/canapa. Il cannabidiolo (CBD) \u00e8 l'ingrediente attivo di questi orsetti gommosi. La sostanza CBD viene estratta dalla canapa e ha un effetto positivo sul corpo e sulla mente. Il cannabidiolo pu\u00f2 ridurre i livelli di ansia o di stress nell'organismo e ha propriet\u00e0 antinfiammatorie. La pianta di cannabis \u00e8 ricca di ottimi composti, tra cui terpeni, flavonoidi e cannabinoidi. Gli orsetti gommosi al CBD di Dr. Candy sono caramelle con un mix di diversi gusti di frutta. Perfette da assumere tra un pasto e l'altro!<\/p>\n<p>Le caramelle gommose al CBD contengono ciascuna 5 mg di CBD. Non vi faranno sballare o sballare. La sostanza THC, responsabile della sensazione psichedelica della cannabis, non \u00e8 presente in queste caramelle. Durante l'estrazione del CBD e di altre sostanze vegetali utili, la sostanza THC viene persa. Ci\u00f2 significa che queste caramelle non hanno effetti psichedelici. Potete quindi consumare queste caramelle ovunque e in qualsiasi momento. Scoprite il potere dei CBD Bears Mixed Flavor!<\/p>\n<p><strong>Utilizzo:<\/strong><br \/>\nIl CBD agisce nell'organismo quando si \u00e8 creato uno specchio. Questo specchio si costruisce assumendo Cannabidiolo ogni giorno. Consigliamo sempre di iniziare la prima settimana con uno o due dolci al giorno e di aumentare se lo si desidera. Il CBD ha molte propriet\u00e0 positive. Un'overdose di CBD \u00e8 molto improbabile. Tuttavia, non consigliamo di assumere pi\u00f9 di 100 mg di CBD al giorno.<\/p>\n<p><strong>Ingredienti:<\/strong><br \/>\nCBD, glucosio, zucchero colorante naturale, gelatina, acido citrico.<\/p>\n<p><strong>Consigli per la conservazione:<\/strong><br \/>\nConservare questo prodotto da Dr. Candy in un luogo fresco e buio, come un armadio da cucina, e tenerlo fuori dalla portata dei bambini.<\/p>\n<p><strong>Attenzione:<\/strong><br \/>\nQuesto prodotto non \u00e8 adatto alle donne in gravidanza e ai bambini.<\/p>","protected":false},"excerpt":{"rendered":"<p>Il mix di caramelle CBD Gummy Bears proviene dalla collezione di caramelle Dr. Candy e contiene CBD. Godetevi la dolcezza e approfittate dei numerosi benefici che il CBD apporta al corpo e alla mente. Perfette per le pause tra un pasto e l'altro o semplicemente perch\u00e9 sono gustose. Dr. Candy \u00e8 il marchio di riferimento quando si tratta di caramelle al CBD, provatele subito.<\/p>","protected":false},"featured_media":58158,"template":"","meta":[],"product_brand":[],"product_cat":[839,297,847],"product_tag":[],"class_list":{"0":"post-60080","1":"product","2":"type-product","3":"status-publish","4":"has-post-thumbnail","6":"product_cat-dr-candy","7":"product_cat-all-products","8":"product_cat-edibles-2","10":"first","11":"instock","12":"taxable","13":"shipping-taxable","14":"purchasable","15":"product-type-variable","16":"has-default-attributes"},"_links":{"self":[{"href":"https:\/\/www.headshop.nl\/it\/wp-json\/wp\/v2\/product\/60080","targetHints":{"allow":["GET"]}}],"collection":[{"href":"https:\/\/www.headshop.nl\/it\/wp-json\/wp\/v2\/product"}],"about":[{"href":"https:\/\/www.headshop.nl\/it\/wp-json\/wp\/v2\/types\/product"}],"wp:featuredmedia":[{"embeddable":true,"href":"https:\/\/www.headshop.nl\/it\/wp-json\/wp\/v2\/media\/58158"}],"wp:attachment":[{"href":"https:\/\/www.headshop.nl\/it\/wp-json\/wp\/v2\/media?parent=60080"}],"wp:term":[{"taxonomy":"product_brand","embeddable":true,"href":"https:\/\/www.headshop.nl\/it\/wp-json\/wp\/v2\/product_brand?post=60080"},{"taxonomy":"product_cat","embeddable":true,"href":"https:\/\/www.headshop.nl\/it\/wp-json\/wp\/v2\/product_cat?post=60080"},{"taxonomy":"product_tag","embeddable":true,"href":"https:\/\/www.headshop.nl\/it\/wp-json\/wp\/v2\/product_tag?post=60080"}],"curies":[{"name":"wp","href":"https:\/\/api.w.org\/{rel}","templated":true}]}}