{"id":60078,"date":"2023-01-16T12:03:11","date_gmt":"2023-01-16T12:03:11","guid":{"rendered":"https:\/\/www.headshop.nl\/?post_type=product&#038;p=60078"},"modified":"2025-05-23T09:25:10","modified_gmt":"2025-05-23T09:25:10","slug":"cbd-lollys-cherry","status":"publish","type":"product","link":"https:\/\/www.headshop.nl\/it\/cbd-lollys-cherry\/","title":{"rendered":"CBD Ciliegia di Lolly"},"content":{"rendered":"<p><strong>CBD Lollipop Cherry:<\/strong><br \/>\nIl CBD lollypop Cherry di Dr.Candy \u00e8 un dolcetto con un tocco unico! Il cannabidiolo o CBD \u00e8 una sostanza presente nella pianta di canapa. Questa sostanza contiene molte propriet\u00e0 positive. Il CBD non \u00e8 una sostanza che fa sballare o sballare. Tuttavia, dopo aver fumato uno spinello, il CBD Lollypop pu\u00f2 aumentare la sensazione di sballo. Questo perch\u00e9, oltre al CBD, sono presenti anche altre sostanze specifiche della pianta, come il CBN. Il cannabinolo (CBN) agisce come un potente sedativo. La quantit\u00e0 contenuta in questo lecca-lecca \u00e8 ben lontana dall'avvertire tutto ci\u00f2, a meno che non la si combini con l'THC. La fusione di queste due sostanze pu\u00f2 avere un effetto potente. Le caramelle al CBD vengono utilizzate per il loro gusto e per i loro effetti unici. Il sapore di una goccia di olio di CBD \u00e8 forte e a volte viene percepito come sgradevole, le caramelle possono offrire la soluzione!<\/p>\n<p>I lecca-lecca al CBD alla ciliegia di Dr.Candy contengono ben 10 mg. CBD. Naturalmente offriamo questi lecca-lecca in diversi gusti, come cola, mela, ananas, arancia, pina colada e cannabis. Quindi ce n'\u00e8 per tutti i gusti.<\/p>\n<p>I lecca-lecca Dr.Candy non contengono zucchero, quindi sono adatti anche a chi segue una dieta senza zucchero. Il dolcificante scelto \u00e8 l'Isomalt. Volete consumare CBD ma siete stanchi del gusto sgradevole delle gocce di CBD? Allora ordinate subito questi deliziosi lecca-lecca da Dr.Candy!<\/p>\n<p><strong>Utilizzo:<\/strong><br \/>\nIl CBD agisce nell'organismo in presenza di uno specchio. Consigliamo sempre di iniziare con un massimo di 1 o 2 lecca-lecca di CBD al giorno nella prima settimana. Consumando un lecca-lecca al giorno, si accumula un livello di CBD nel sangue. Il CBD ha propriet\u00e0 forti. Un'overdose di CBD \u00e8 molto improbabile. Tuttavia, si consiglia di non assumere pi\u00f9 di 100 mg di CBD al giorno.<\/p>\n<p><strong>Ingredienti:<\/strong><br \/>\nCBD, Isomalto (E953), Colorante naturale.<\/p>\n<p><strong>Consigli per la conservazione:<\/strong><br \/>\nConservare questo prodotto da Dr. Candy in un luogo fresco e buio, come un armadio da cucina, e tenerlo fuori dalla portata dei bambini.<\/p>\n<p><strong>Attenzione:<\/strong><br \/>\nQuesto prodotto non \u00e8 adatto alle donne in gravidanza e ai bambini.<\/p>","protected":false},"excerpt":{"rendered":"<p>La caramella CBD Lolly's Cherry proviene dalla collezione di caramelle Dr. Candy e contiene CBD. Godetevi la dolcezza e approfittate dei numerosi benefici che il CBD apporta al corpo e alla mente. Perfetta per le pause tra un pasto e l'altro o semplicemente perch\u00e9 \u00e8 gustosa. Dr. Candy \u00e8 il marchio quando si tratta di caramelle al CBD, provatele subito.<\/p>","protected":false},"featured_media":58156,"template":"","meta":[],"product_brand":[],"product_cat":[839,297,847],"product_tag":[],"class_list":{"0":"post-60078","1":"product","2":"type-product","3":"status-publish","4":"has-post-thumbnail","6":"product_cat-dr-candy","7":"product_cat-all-products","8":"product_cat-edibles-2","10":"first","11":"instock","12":"taxable","13":"shipping-taxable","14":"purchasable","15":"product-type-variable","16":"has-default-attributes"},"_links":{"self":[{"href":"https:\/\/www.headshop.nl\/it\/wp-json\/wp\/v2\/product\/60078","targetHints":{"allow":["GET"]}}],"collection":[{"href":"https:\/\/www.headshop.nl\/it\/wp-json\/wp\/v2\/product"}],"about":[{"href":"https:\/\/www.headshop.nl\/it\/wp-json\/wp\/v2\/types\/product"}],"wp:featuredmedia":[{"embeddable":true,"href":"https:\/\/www.headshop.nl\/it\/wp-json\/wp\/v2\/media\/58156"}],"wp:attachment":[{"href":"https:\/\/www.headshop.nl\/it\/wp-json\/wp\/v2\/media?parent=60078"}],"wp:term":[{"taxonomy":"product_brand","embeddable":true,"href":"https:\/\/www.headshop.nl\/it\/wp-json\/wp\/v2\/product_brand?post=60078"},{"taxonomy":"product_cat","embeddable":true,"href":"https:\/\/www.headshop.nl\/it\/wp-json\/wp\/v2\/product_cat?post=60078"},{"taxonomy":"product_tag","embeddable":true,"href":"https:\/\/www.headshop.nl\/it\/wp-json\/wp\/v2\/product_tag?post=60078"}],"curies":[{"name":"wp","href":"https:\/\/api.w.org\/{rel}","templated":true}]}}