{"id":60076,"date":"2023-01-16T12:03:09","date_gmt":"2023-01-16T12:03:09","guid":{"rendered":"https:\/\/www.headshop.nl\/?post_type=product&#038;p=60076"},"modified":"2025-05-23T09:25:16","modified_gmt":"2025-05-23T09:25:16","slug":"cbd-love-gummies","status":"publish","type":"product","link":"https:\/\/www.headshop.nl\/it\/cbd-love-gummies\/","title":{"rendered":"Gomme d'amore al CBD"},"content":{"rendered":"<p><strong>Gomme d'amore al CBD:<\/strong><\/p>\n<p>Con queste CBD Love Gummies potrete portare le vostre prestazioni sessuali a un livello superiore. Gli afrodisiaci erotici a forma di cuore sono adatti a tutti. Accendono il fuoco interiore come mai prima d'ora e regalano una serata piena di passione che non dimenticherete presto. Prendete 1 o 2 gommine e lasciate che l'amore, la passione e la passione facciano il resto. Sorprendete il vostro partner e divertitevi!<\/p>\n<p>Le gustose Love Gummies contengono diversi principi attivi, tra cui ben 4 mg di CBD. Contengono inoltre Damiana (Turnera Diffusa) e Muira Puama (Ptychopetalum olacoides). Queste due erbe leggendarie sono note come potenti afrodisiaci e sono conosciute come \"il viagra dell'Amazzonia\". Grazie al dolce sapore di fragola, vi leccherete le dita (o quelle del vostro partner)!<\/p>\n<p><strong>Utilizzo:<\/strong><br \/>\nIl CBD agisce nell'organismo quando si \u00e8 creato uno specchio. Questo specchio si costruisce assumendo il cannabidiolo ogni giorno. Consigliamo sempre di iniziare la prima settimana con una o pi\u00f9 gommine al giorno e di aumentare se lo si desidera. Il CBD ha molte propriet\u00e0 positive. Un'overdose di CBD \u00e8 molto improbabile. Tuttavia, non consigliamo di assumere pi\u00f9 di 100 mg di CBD al giorno.<\/p>\n<p><strong>Consigli per la conservazione:<\/strong><br \/>\nConservare questo prodotto da Dr. Candy in un luogo fresco e buio, come un armadio da cucina, e tenerlo fuori dalla portata dei bambini.<\/p>\n<p><strong>Ingredienti per ogni gommino:<\/strong><br \/>\n4 mg di CBD, 100 mg di Damiana (Turnera Diffusa) e 100 mg di Muira Puama (Ptychopetalum olacoides)<\/p>\n<p><strong>Attenzione:<\/strong><br \/>\nQuesto prodotto non \u00e8 adatto alle donne in gravidanza e ai bambini.<\/p>","protected":false},"excerpt":{"rendered":"<p>Le caramelle CBD Love Gummies appartengono alla collezione di caramelle Dr. Candy e contengono CBD. Godetevi la dolcezza e approfittate dei numerosi benefici che il CBD apporta al corpo e alla mente. Perfette per le pause tra un pasto e l'altro o semplicemente perch\u00e9 sono gustose. Dr. Candy \u00e8 il marchio di riferimento quando si tratta di caramelle al CBD, provatele subito.<\/p>","protected":false},"featured_media":58154,"template":"","meta":[],"product_brand":[],"product_cat":[839,297,847],"product_tag":[],"class_list":{"0":"post-60076","1":"product","2":"type-product","3":"status-publish","4":"has-post-thumbnail","6":"product_cat-dr-candy","7":"product_cat-all-products","8":"product_cat-edibles-2","10":"first","11":"instock","12":"taxable","13":"shipping-taxable","14":"purchasable","15":"product-type-variable","16":"has-default-attributes"},"_links":{"self":[{"href":"https:\/\/www.headshop.nl\/it\/wp-json\/wp\/v2\/product\/60076","targetHints":{"allow":["GET"]}}],"collection":[{"href":"https:\/\/www.headshop.nl\/it\/wp-json\/wp\/v2\/product"}],"about":[{"href":"https:\/\/www.headshop.nl\/it\/wp-json\/wp\/v2\/types\/product"}],"wp:featuredmedia":[{"embeddable":true,"href":"https:\/\/www.headshop.nl\/it\/wp-json\/wp\/v2\/media\/58154"}],"wp:attachment":[{"href":"https:\/\/www.headshop.nl\/it\/wp-json\/wp\/v2\/media?parent=60076"}],"wp:term":[{"taxonomy":"product_brand","embeddable":true,"href":"https:\/\/www.headshop.nl\/it\/wp-json\/wp\/v2\/product_brand?post=60076"},{"taxonomy":"product_cat","embeddable":true,"href":"https:\/\/www.headshop.nl\/it\/wp-json\/wp\/v2\/product_cat?post=60076"},{"taxonomy":"product_tag","embeddable":true,"href":"https:\/\/www.headshop.nl\/it\/wp-json\/wp\/v2\/product_tag?post=60076"}],"curies":[{"name":"wp","href":"https:\/\/api.w.org\/{rel}","templated":true}]}}